{"id":11974,"date":"2024-02-08T10:06:51","date_gmt":"2024-02-08T09:06:51","guid":{"rendered":"https:\/\/project.howdymeta.com\/?page_id=11974"},"modified":"2025-10-25T17:46:34","modified_gmt":"2025-10-25T15:46:34","slug":"5-dagen-op-eigen-gelegenheid","status":"publish","type":"page","link":"https:\/\/peaksofthebalkans.at\/nl\/5-tage-selbst-gefuhrt\/","title":{"rendered":"Pieken van de Balkan 5 dagen"},"content":{"rendered":"<div data-elementor-type=\"wp-page\" data-elementor-id=\"11974\" class=\"elementor elementor-11974\" data-elementor-post-type=\"page\">\n\t\t\t\t\t\t<section class=\"elementor-section elementor-top-section elementor-element elementor-element-2aa7bda elementor-section-boxed elementor-section-height-default elementor-section-height-default\" data-id=\"2aa7bda\" data-element_type=\"section\" data-e-type=\"section\" data-settings=\"{&quot;background_background&quot;:&quot;classic&quot;}\">\n\t\t\t\t\t\t\t<div class=\"elementor-background-overlay\"><\/div>\n\t\t\t\t\t\t\t<div class=\"elementor-container elementor-column-gap-no\">\n\t\t\t\t\t<div class=\"elementor-column elementor-col-100 elementor-top-column elementor-element elementor-element-bfcc707\" data-id=\"bfcc707\" data-element_type=\"column\" data-e-type=\"column\">\n\t\t\t<div class=\"elementor-widget-wrap elementor-element-populated\">\n\t\t\t\t\t\t<div class=\"elementor-element elementor-element-0aca293 elementor-widget elementor-widget-heading\" data-id=\"0aca293\" data-element_type=\"widget\" data-e-type=\"widget\" data-widget_type=\"heading.default\">\n\t\t\t\t\t<h1 class=\"elementor-heading-title elementor-size-default\"><span style=\"color: var( --e-global-color-21bfb04 )\">Peaks of the Balkans <\/span><span style=\"color: var( --e-global-color-21bfb04 )\">5 dagen<\/span><\/h1>\t\t\t\t<\/div>\n\t\t\t\t\t<\/div>\n\t\t<\/div>\n\t\t\t\t\t<\/div>\n\t\t<\/section>\n\t\t\t\t<section class=\"elementor-section elementor-top-section elementor-element elementor-element-49ff89a elementor-section-boxed elementor-section-height-default elementor-section-height-default\" data-id=\"49ff89a\" data-element_type=\"section\" data-e-type=\"section\">\n\t\t\t\t\t\t<div class=\"elementor-container elementor-column-gap-default\">\n\t\t\t\t\t<div class=\"elementor-column elementor-col-100 elementor-top-column elementor-element elementor-element-55dea1f\" data-id=\"55dea1f\" data-element_type=\"column\" data-e-type=\"column\">\n\t\t\t<div class=\"elementor-widget-wrap elementor-element-populated\">\n\t\t\t\t\t\t<div class=\"elementor-element elementor-element-eff6ff0 elementor-widget elementor-widget-text-editor\" data-id=\"eff6ff0\" data-element_type=\"widget\" data-e-type=\"widget\" data-widget_type=\"text-editor.default\">\n\t\t\t\t\t\t\t\t\t<p><strong>Landen:<\/strong> Albani\u00eb, Kosovo en Montenegro&nbsp;<strong>Duur:<\/strong> 10 dagen <strong>Stijl van reizen:<\/strong> zelfbeheer -<strong>Moeilijkheidsgraad:<\/strong> Medium <strong>Reistijd:<\/strong> Juni - oktober<\/p>\t\t\t\t\t\t\t\t<\/div>\n\t\t\t\t\t<\/div>\n\t\t<\/div>\n\t\t\t\t\t<\/div>\n\t\t<\/section>\n\t\t\t\t<section class=\"elementor-section elementor-top-section elementor-element elementor-element-2273c37 elementor-section-boxed elementor-section-height-default elementor-section-height-default\" data-id=\"2273c37\" data-element_type=\"section\" data-e-type=\"section\">\n\t\t\t\t\t\t<div class=\"elementor-container elementor-column-gap-default\">\n\t\t\t\t\t<div class=\"elementor-column elementor-col-100 elementor-top-column elementor-element elementor-element-9d02105\" data-id=\"9d02105\" data-element_type=\"column\" data-e-type=\"column\">\n\t\t\t<div class=\"elementor-widget-wrap elementor-element-populated\">\n\t\t\t\t\t\t<section class=\"elementor-section elementor-inner-section elementor-element elementor-element-69760fa elementor-section-boxed elementor-section-height-default elementor-section-height-default\" data-id=\"69760fa\" data-element_type=\"section\" data-e-type=\"section\">\n\t\t\t\t\t\t<div class=\"elementor-container elementor-column-gap-default\">\n\t\t\t\t\t<div class=\"elementor-column elementor-col-100 elementor-inner-column elementor-element elementor-element-13f037c\" data-id=\"13f037c\" data-element_type=\"column\" data-e-type=\"column\">\n\t\t\t<div class=\"elementor-widget-wrap elementor-element-populated\">\n\t\t\t\t\t\t<div class=\"elementor-element elementor-element-8a375be elementor-widget elementor-widget-heading\" data-id=\"8a375be\" data-element_type=\"widget\" data-e-type=\"widget\" data-widget_type=\"heading.default\">\n\t\t\t\t\t<h2 class=\"elementor-heading-title elementor-size-default\">Touroverzicht toppen van de Balkan - 5 DAGEN ZELF GELEID<\/h2>\t\t\t\t<\/div>\n\t\t\t\t<div class=\"elementor-element elementor-element-d3463c9 elementor-widget elementor-widget-text-editor\" data-id=\"d3463c9\" data-element_type=\"widget\" data-e-type=\"widget\" data-widget_type=\"text-editor.default\">\n\t\t\t\t\t\t\t\t\t<p>Geniet vijf dagen van de toppen van de Balkan tijdens een self-guided tour naar de belangrijkste hoogtepunten van het noorden van Albani\u00eb. De tour omvat twee belangrijke dorpen: Theth, overwegend rooms-katholiek, en Valbona, een overwegend islamitisch dorp. De twee worden gescheiden door Qafa e Valbones. Hoewel deze dorpen in de Ottomaanse tijd dicht bij elkaar lagen, hadden ze verschillende zwaartepunten. Valbona was meer verbonden met Gjakova in Kosovo, terwijl Theth verbonden was met Shkod\u00ebr in Albani\u00eb.<\/p>\t\t\t\t\t\t\t\t<\/div>\n\t\t\t\t<div class=\"elementor-element elementor-element-3142f0d elementor-widget elementor-widget-heading\" data-id=\"3142f0d\" data-element_type=\"widget\" data-e-type=\"widget\" data-widget_type=\"heading.default\">\n\t\t\t\t\t<h2 class=\"elementor-heading-title elementor-size-default\">Tour schema<\/h2>\t\t\t\t<\/div>\n\t\t\t\t<div class=\"elementor-element elementor-element-8ede96d elementor-widget elementor-widget-heading\" data-id=\"8ede96d\" data-element_type=\"widget\" data-e-type=\"widget\" data-widget_type=\"heading.default\">\n\t\t\t\t\t<h3 class=\"elementor-heading-title elementor-size-default\">Dag 1: Aankomst in Shkodra<\/h3>\t\t\t\t<\/div>\n\t\t\t\t<div class=\"elementor-element elementor-element-f263c29 elementor-widget elementor-widget-text-editor\" data-id=\"f263c29\" data-element_type=\"widget\" data-e-type=\"widget\" data-widget_type=\"text-editor.default\">\n\t\t\t\t\t\t\t\t\t<p>De tour omvat de eerste nacht in Shkodra na aankomst in Albani\u00eb. Je kunt deze dag gebruiken om te genieten van het rijke culturele aanbod van Shkodra.<\/p>\t\t\t\t\t\t\t\t<\/div>\n\t\t\t\t<div class=\"elementor-element elementor-element-3f55ca8 elementor-widget elementor-widget-heading\" data-id=\"3f55ca8\" data-element_type=\"widget\" data-e-type=\"widget\" data-widget_type=\"heading.default\">\n\t\t\t\t\t<h3 class=\"elementor-heading-title elementor-size-default\">Dag 2: Shkoder - Valbone via het Komani meer <\/h3>\t\t\t\t<\/div>\n\t\t\t\t<div class=\"elementor-element elementor-element-d4a56e3 elementor-widget elementor-widget-text-editor\" data-id=\"d4a56e3\" data-element_type=\"widget\" data-e-type=\"widget\" data-widget_type=\"text-editor.default\">\n\t\t\t\t\t\t\t\t\t<p>Een openbaar voertuig haalt je op en brengt je naar het dorp Koman. Na de bus reis je per boot door het prachtige meer, dat wordt omringd door de rotswanden van het Vervloekte Gebergte. Je weg loopt langs de Valbona rivier, waarvan de groene kleuren en het witte water zijn ontstaan door de botsing van het water met de rotsen.<\/p>\t\t\t\t\t\t\t\t<\/div>\n\t\t\t\t<div class=\"elementor-element elementor-element-4c77468 elementor-widget elementor-widget-image\" data-id=\"4c77468\" data-element_type=\"widget\" data-e-type=\"widget\" data-widget_type=\"image.default\">\n\t\t\t\t\t\t\t\t\t\t\t\t\t\t\t<img fetchpriority=\"high\" decoding=\"async\" width=\"800\" height=\"800\" src=\"https:\/\/peaksofthebalkans.at\/wp-content\/uploads\/2021\/12\/Lake_Koman_800x800.jpg\" class=\"attachment-full size-full wp-image-1160\" alt=\"\" srcset=\"https:\/\/peaksofthebalkans.at\/wp-content\/uploads\/2021\/12\/Lake_Koman_800x800.jpg 800w, https:\/\/peaksofthebalkans.at\/wp-content\/uploads\/2021\/12\/Lake_Koman_800x800-300x300.jpg 300w, https:\/\/peaksofthebalkans.at\/wp-content\/uploads\/2021\/12\/Lake_Koman_800x800-150x150.jpg 150w, https:\/\/peaksofthebalkans.at\/wp-content\/uploads\/2021\/12\/Lake_Koman_800x800-768x768.jpg 768w, https:\/\/peaksofthebalkans.at\/wp-content\/uploads\/2021\/12\/Lake_Koman_800x800-480x480.jpg 480w\" sizes=\"(max-width: 800px) 100vw, 800px\" \/>\t\t\t\t\t\t\t\t\t\t\t\t\t\t\t<\/div>\n\t\t\t\t<div class=\"elementor-element elementor-element-8ce3c2c elementor-widget elementor-widget-heading\" data-id=\"8ce3c2c\" data-element_type=\"widget\" data-e-type=\"widget\" data-widget_type=\"heading.default\">\n\t\t\t\t\t<h3 class=\"elementor-heading-title elementor-size-default\">Dag 3: Wandeling Valbona - Rosi top<\/h3>\t\t\t\t<\/div>\n\t\t\t\t<div class=\"elementor-element elementor-element-233094f elementor-widget elementor-widget-text-editor\" data-id=\"233094f\" data-element_type=\"widget\" data-e-type=\"widget\" data-widget_type=\"text-editor.default\">\n\t\t\t\t\t\t\t\t\t<p><span>De wandeling van Valbona naar Maja Rosit of Rosin Vrh voert door het halfverlaten dorp Kukaj. Dit deel is een erg mooie en gemakkelijke route en in de hoogzomer kun je bij enkele dorpshuizen stoppen voor een glas melk of thee. De route slingert enkele kilometers door de kloof en gaat verder met een steile klim. De 2.523 meter hoge Rosi piek ligt op de grens tussen Albani\u00eb en Montenegro en biedt een adembenemend uitzicht over beide landen. De berg Rosi is vooral interessant voor botanici, want er groeien veel bloemen, zoals de endemische Albanese lelie.\u00a0<\/span><a href=\"https:\/\/sq.wikipedia.org\/wiki\/Zambaku_shqiptar\" target=\"_blank\" rel=\"noopener\"><span>(Lilium albanicum),<\/span><\/a><span>\u00a0orchidee\u00ebn en vele andere.<\/span><\/p><p><span>Afstand: 17,8 km, \u2191 1378 m \u21931594 m<\/span><\/p>\t\t\t\t\t\t\t\t<\/div>\n\t\t\t\t<div class=\"elementor-element elementor-element-df234a3 elementor-widget elementor-widget-heading\" data-id=\"df234a3\" data-element_type=\"widget\" data-e-type=\"widget\" data-widget_type=\"heading.default\">\n\t\t\t\t\t<h3 class=\"elementor-heading-title elementor-size-default\">Dag 4: Wandeling Valbona - Theth <\/h3>\t\t\t\t<\/div>\n\t\t\t\t<div class=\"elementor-element elementor-element-3d9bb40 elementor-widget elementor-widget-text-editor\" data-id=\"3d9bb40\" data-element_type=\"widget\" data-e-type=\"widget\" data-widget_type=\"text-editor.default\">\n\t\t\t\t\t\t\t\t\t<p>Vandaag maak je een van de beroemdste wandeltochten van Albani\u00eb van de stad Valbona (995 m) over de Valbona Pas (1759 m) naar Theth (728 m). Deze route van 20 kilometer volgt het pad van een oud muilezelpad dat de stammengebieden Shala en Nikaj met elkaar verbond.<\/p><p>Afstand: 19,5 km, \u2191 850 m \u21931068 m<\/p>\t\t\t\t\t\t\t\t<\/div>\n\t\t\t\t<div class=\"elementor-element elementor-element-7a3acea elementor-widget elementor-widget-image\" data-id=\"7a3acea\" data-element_type=\"widget\" data-e-type=\"widget\" data-widget_type=\"image.default\">\n\t\t\t\t\t\t\t\t\t\t\t\t\t\t\t<img decoding=\"async\" width=\"1800\" height=\"986\" src=\"https:\/\/peaksofthebalkans.at\/wp-content\/uploads\/2021\/12\/Thethi.jpg\" class=\"attachment-full size-full wp-image-1296\" alt=\"Theth dorp, pieken van de Balkan\" srcset=\"https:\/\/peaksofthebalkans.at\/wp-content\/uploads\/2021\/12\/Thethi.jpg 1800w, https:\/\/peaksofthebalkans.at\/wp-content\/uploads\/2021\/12\/Thethi-300x164.jpg 300w, https:\/\/peaksofthebalkans.at\/wp-content\/uploads\/2021\/12\/Thethi-1024x561.jpg 1024w, https:\/\/peaksofthebalkans.at\/wp-content\/uploads\/2021\/12\/Thethi-768x421.jpg 768w, https:\/\/peaksofthebalkans.at\/wp-content\/uploads\/2021\/12\/Thethi-1536x841.jpg 1536w, https:\/\/peaksofthebalkans.at\/wp-content\/uploads\/2021\/12\/Thethi-1080x592.jpg 1080w\" sizes=\"(max-width: 1800px) 100vw, 1800px\" \/>\t\t\t\t\t\t\t\t\t\t\t\t\t\t\t<\/div>\n\t\t\t\t<div class=\"elementor-element elementor-element-a34e7c8 elementor-widget elementor-widget-heading\" data-id=\"a34e7c8\" data-element_type=\"widget\" data-e-type=\"widget\" data-widget_type=\"heading.default\">\n\t\t\t\t\t<h3 class=\"elementor-heading-title elementor-size-default\">Dag 5: Wandeling Theth - Nderlyse - Blauwoog <\/h3>\t\t\t\t<\/div>\n\t\t\t\t<div class=\"elementor-element elementor-element-51a2499 elementor-widget elementor-widget-text-editor\" data-id=\"51a2499\" data-element_type=\"widget\" data-e-type=\"widget\" data-widget_type=\"text-editor.default\">\n\t\t\t\t\t\t\t\t\t<p><span>Een afgelegen, verloren dorp is het epicentrum van bezoekers geworden met behoud van architectuur en natuur. Het dorp heeft nog steeds de Kulla en andere gebouwen uit de middeleeuwen. Het dorp is 100 procent rooms-katholiek en heeft het meest unieke bouwwerk ter wereld. Kulla e Ngujimit, een rotsgebouw van drie verdiepingen zonder ramen. Je brengt deze dag door met een wandeling rond het dorp naar de watervallen en natuurlijk gevormde \"badkuipen\" van de Shala rivier. Dit is een ontspannende wandeling vol cultuur en natuurschoon. Hoewel de wandeling vrij lang is, is hij niet moeilijk omdat je over een pad loopt met weinig stijgingen en dalingen. Aan het einde van de wandeling word je opgehaald en naar Shkodra gebracht.\u00a0<\/span><\/p><p><span>Afstand: 11,5 km, \u2191 266 m \u2193 435 m<\/span><\/p>\t\t\t\t\t\t\t\t<\/div>\n\t\t\t\t<div class=\"elementor-element elementor-element-484c2d3 elementor-widget-divider--view-line elementor-widget elementor-widget-divider\" data-id=\"484c2d3\" data-element_type=\"widget\" data-e-type=\"widget\" data-widget_type=\"divider.default\">\n\t\t\t\t\t\t\t<div class=\"elementor-divider\">\n\t\t\t<span class=\"elementor-divider-separator\">\n\t\t\t\t\t\t<\/span>\n\t\t<\/div>\n\t\t\t\t\t\t<\/div>\n\t\t\t\t<div class=\"elementor-element elementor-element-56eb912 elementor-widget elementor-widget-heading\" data-id=\"56eb912\" data-element_type=\"widget\" data-e-type=\"widget\" data-widget_type=\"heading.default\">\n\t\t\t\t\t<p class=\"elementor-heading-title elementor-size-default\">Inbegrepen<\/p>\t\t\t\t<\/div>\n\t\t\t\t<div class=\"elementor-element elementor-element-25f88a7 elementor-widget elementor-widget-text-editor\" data-id=\"25f88a7\" data-element_type=\"widget\" data-e-type=\"widget\" data-widget_type=\"text-editor.default\">\n\t\t\t\t\t\t\t\t\t<ul><li>GPS-tracks voor navigatie via een smartphone-app of op je eigen GPS-apparaat<\/li><li>Accommodatie: 2x hotel, 3x pension<\/li><li>Transfers zoals aangegeven in de reisbeschrijving<\/li><li>Maaltijden (4x ontbijt, 3x lunchpakket, 3x avondeten)<\/li><li>Grensovergangsvergunningen<\/li><li>24 uur per dag klantondersteuning<\/li><\/ul>\t\t\t\t\t\t\t\t<\/div>\n\t\t\t\t<div class=\"elementor-element elementor-element-301df62 elementor-widget elementor-widget-heading\" data-id=\"301df62\" data-element_type=\"widget\" data-e-type=\"widget\" data-widget_type=\"heading.default\">\n\t\t\t\t\t<p class=\"elementor-heading-title elementor-size-default\">Niet inbegrepen<\/p>\t\t\t\t<\/div>\n\t\t\t\t<div class=\"elementor-element elementor-element-89b40f1 elementor-widget elementor-widget-text-editor\" data-id=\"89b40f1\" data-element_type=\"widget\" data-e-type=\"widget\" data-widget_type=\"text-editor.default\">\n\t\t\t\t\t\t\t\t\t<ul><li><span><span>Bagagetransport (kan op verzoek worden aangeboden)<\/span><\/span><\/li><li><span><span>Ophalen en terugbrengen van de luchthaven (kan op verzoek worden verzorgd)<\/span><\/span><\/li><li><span><span>Reisverzekering (moet worden afgesloten door de reiziger)<\/span><\/span><\/li><\/ul>\t\t\t\t\t\t\t\t<\/div>\n\t\t\t\t\t<\/div>\n\t\t<\/div>\n\t\t\t\t\t<\/div>\n\t\t<\/section>\n\t\t\t\t\t<\/div>\n\t\t<\/div>\n\t\t\t\t\t<\/div>\n\t\t<\/section>\n\t\t\t\t<section class=\"elementor-section elementor-top-section elementor-element elementor-element-66e041e elementor-section-boxed elementor-section-height-default elementor-section-height-default\" data-id=\"66e041e\" data-element_type=\"section\" data-e-type=\"section\">\n\t\t\t\t\t\t<div class=\"elementor-container elementor-column-gap-default\">\n\t\t\t\t\t<div class=\"elementor-column elementor-col-100 elementor-top-column elementor-element elementor-element-5753029\" data-id=\"5753029\" data-element_type=\"column\" data-e-type=\"column\">\n\t\t\t<div class=\"elementor-widget-wrap elementor-element-populated\">\n\t\t\t\t\t\t<div class=\"elementor-element elementor-element-784244e elementor-widget-divider--view-line elementor-widget elementor-widget-divider\" data-id=\"784244e\" data-element_type=\"widget\" data-e-type=\"widget\" data-widget_type=\"divider.default\">\n\t\t\t\t\t\t\t<div class=\"elementor-divider\">\n\t\t\t<span class=\"elementor-divider-separator\">\n\t\t\t\t\t\t<\/span>\n\t\t<\/div>\n\t\t\t\t\t\t<\/div>\n\t\t\t\t\t<\/div>\n\t\t<\/div>\n\t\t\t\t\t<\/div>\n\t\t<\/section>\n\t\t\t\t<section class=\"elementor-section elementor-top-section elementor-element elementor-element-e790138 elementor-section-boxed elementor-section-height-default elementor-section-height-default\" data-id=\"e790138\" data-element_type=\"section\" data-e-type=\"section\">\n\t\t\t\t\t\t<div class=\"elementor-container elementor-column-gap-default\">\n\t\t\t\t\t<div class=\"elementor-column elementor-col-100 elementor-top-column elementor-element elementor-element-c893abc\" data-id=\"c893abc\" data-element_type=\"column\" data-e-type=\"column\">\n\t\t\t<div class=\"elementor-widget-wrap elementor-element-populated\">\n\t\t\t\t\t\t<div class=\"elementor-element elementor-element-b121353 elementor-widget elementor-widget-html\" data-id=\"b121353\" data-element_type=\"widget\" data-e-type=\"widget\" data-widget_type=\"html.default\">\n\t\t\t\t\t<script type=\"text\/javascript\" src=\"\/\/balkan-natural-adventure.checkfront.com\/lib\/interface--0.js\" async><\/script>\r\n<script type=\"text\/javascript\" src=\"\/\/balkan-natural-adventure.checkfront.com\/lib\/interface--0.js\"><\/script>\r\n<!-- CHECKFRONT BOOKING PLUGIN v25-->\r\n<div id=\"CHECKFRONT_WIDGET_01\"><p id=\"CHECKFRONT_LOADER\" style=\"background: url('\/\/balkan-natural-adventure.checkfront.com\/images\/loader.gif') left center no-repeat; padding: 5px 5px 5px 5px\">Beschikbaarheid zoeken...<\/p><\/div>\r\n<script>\r\nnew DROPLET.Widget ({\r\nhost: 'balkan-natural-adventure.checkfront.com',\r\ntarget: 'CHECKFRONT_WIDGET_01',\r\nitem_id: '12,14,27',\r\ncategory_id: '6',\r\npartner_id: '4',\r\noptions: 'tabs',\r\ndate: '20260920',\r\nprovider: 'droplet'\r\n}).render();\r\n<\/script>\r\n<noscript><a href=\"https:\/\/balkan-natural-adventure.checkfront.com\/reserve\/\" style=\"font-size: 16px\" target=\"_blank\" rel=\"noopener\">Verder naar Beveiligd boekingssysteem \"<\/a><\/noscript>\t\t\t\t<\/div>\n\t\t\t\t\t<\/div>\n\t\t<\/div>\n\t\t\t\t\t<\/div>\n\t\t<\/section>\n\t\t\t\t<\/div>","protected":false},"excerpt":{"rendered":"<p>Genie\u00dfen Sie f\u00fcnf Tage in den Peaks of the Balkans bei einer selbst gef\u00fchrten Tour (ohne Guide) zu den wichtigsten Highlights Nordalbaniens. <\/p>","protected":false},"author":6,"featured_media":1288,"parent":0,"menu_order":0,"comment_status":"closed","ping_status":"closed","template":"","meta":{"footnotes":""},"class_list":["post-11974","page","type-page","status-publish","has-post-thumbnail","hentry"],"_links":{"self":[{"href":"https:\/\/peaksofthebalkans.at\/nl\/wp-json\/wp\/v2\/pages\/11974","targetHints":{"allow":["GET"]}}],"collection":[{"href":"https:\/\/peaksofthebalkans.at\/nl\/wp-json\/wp\/v2\/pages"}],"about":[{"href":"https:\/\/peaksofthebalkans.at\/nl\/wp-json\/wp\/v2\/types\/page"}],"author":[{"embeddable":true,"href":"https:\/\/peaksofthebalkans.at\/nl\/wp-json\/wp\/v2\/users\/6"}],"replies":[{"embeddable":true,"href":"https:\/\/peaksofthebalkans.at\/nl\/wp-json\/wp\/v2\/comments?post=11974"}],"version-history":[{"count":62,"href":"https:\/\/peaksofthebalkans.at\/nl\/wp-json\/wp\/v2\/pages\/11974\/revisions"}],"predecessor-version":[{"id":14709,"href":"https:\/\/peaksofthebalkans.at\/nl\/wp-json\/wp\/v2\/pages\/11974\/revisions\/14709"}],"wp:featuredmedia":[{"embeddable":true,"href":"https:\/\/peaksofthebalkans.at\/nl\/wp-json\/wp\/v2\/media\/1288"}],"wp:attachment":[{"href":"https:\/\/peaksofthebalkans.at\/nl\/wp-json\/wp\/v2\/media?parent=11974"}],"curies":[{"name":"wp","href":"https:\/\/api.w.org\/{rel}","templated":true}]}}