{"id":11875,"date":"2024-02-08T08:25:27","date_gmt":"2024-02-08T07:25:27","guid":{"rendered":"https:\/\/project.howdymeta.com\/?page_id=11875"},"modified":"2026-03-11T10:49:07","modified_gmt":"2026-03-11T09:49:07","slug":"fase-7","status":"publish","type":"page","link":"https:\/\/peaksofthebalkans.at\/nl\/etappe-7\/","title":{"rendered":"Etappe 7 Leqinat i Ku\u00e7isht\u0451s (Guri i Kuq) naar Babino Polje"},"content":{"rendered":"<div data-elementor-type=\"wp-page\" data-elementor-id=\"11875\" class=\"elementor elementor-11875\" data-elementor-post-type=\"page\">\n\t\t\t\t\t\t<section class=\"elementor-section elementor-top-section elementor-element elementor-element-8270a25 elementor-section-height-min-height elementor-section-boxed elementor-section-height-default elementor-section-items-middle\" data-id=\"8270a25\" data-element_type=\"section\" data-e-type=\"section\" data-settings=\"{&quot;background_background&quot;:&quot;classic&quot;}\">\n\t\t\t\t\t\t<div class=\"elementor-container elementor-column-gap-no\">\n\t\t\t\t\t<div class=\"elementor-column elementor-col-100 elementor-top-column elementor-element elementor-element-0e8f7d6\" data-id=\"0e8f7d6\" data-element_type=\"column\" data-e-type=\"column\">\n\t\t\t<div class=\"elementor-widget-wrap elementor-element-populated\">\n\t\t\t\t\t\t<div class=\"elementor-element elementor-element-7095bff elementor-widget elementor-widget-heading\" data-id=\"7095bff\" data-element_type=\"widget\" data-e-type=\"widget\" data-widget_type=\"heading.default\">\n\t\t\t\t\t<h1 class=\"elementor-heading-title elementor-size-default\">PEAKS OF THE BALKANS - Etappe 7: Van Guri i Kuq naar Babino Polje<\/h1>\t\t\t\t<\/div>\n\t\t\t\t\t<\/div>\n\t\t<\/div>\n\t\t\t\t\t<\/div>\n\t\t<\/section>\n\t\t\t\t<section class=\"elementor-section elementor-top-section elementor-element elementor-element-3986ae7 elementor-section-boxed elementor-section-height-default elementor-section-height-default\" data-id=\"3986ae7\" data-element_type=\"section\" data-e-type=\"section\">\n\t\t\t\t\t\t<div class=\"elementor-container elementor-column-gap-default\">\n\t\t\t\t\t<div class=\"elementor-column elementor-col-100 elementor-top-column elementor-element elementor-element-225f04d\" data-id=\"225f04d\" data-element_type=\"column\" data-e-type=\"column\">\n\t\t\t<div class=\"elementor-widget-wrap elementor-element-populated\">\n\t\t\t\t\t\t<section class=\"elementor-section elementor-inner-section elementor-element elementor-element-1606c81 elementor-section-boxed elementor-section-height-default elementor-section-height-default\" data-id=\"1606c81\" data-element_type=\"section\" data-e-type=\"section\">\n\t\t\t\t\t\t<div class=\"elementor-container elementor-column-gap-default\">\n\t\t\t\t\t<div class=\"elementor-column elementor-col-100 elementor-inner-column elementor-element elementor-element-fcc40d9\" data-id=\"fcc40d9\" data-element_type=\"column\" data-e-type=\"column\">\n\t\t\t<div class=\"elementor-widget-wrap elementor-element-populated\">\n\t\t\t\t\t\t<div class=\"elementor-element elementor-element-d317b07 elementor-widget elementor-widget-heading\" data-id=\"d317b07\" data-element_type=\"widget\" data-e-type=\"widget\" data-widget_type=\"heading.default\">\n\t\t\t\t\t<h2 class=\"elementor-heading-title elementor-size-default\">Wandeling Leqinat i Ku\u00e7isht\u0451s (Guri i Kuq), Kosovo - Babino Polje, Montenegro<\/h2>\t\t\t\t<\/div>\n\t\t\t\t<div class=\"elementor-element elementor-element-2ea5480 elementor-widget elementor-widget-text-editor\" data-id=\"2ea5480\" data-element_type=\"widget\" data-e-type=\"widget\" data-widget_type=\"text-editor.default\">\n\t\t\t\t\t\t\t\t\t<p>Afstand van het pad: 15,8 kilometer<br \/>Minimale hoogte: 1.438 meter Maximale hoogte: 2.276 meter<br \/>Hoogtemeters bergop: 1.151 meter, bergaf: 1.109 meter<br \/>Moeilijkheidsgraad: Matig<br \/>Duur: 7-8 uur<br \/>Grensmarkeringen: rood\/wit\/rood van de grens tot Babino<br \/>Polje: rode cirkel\/witte vulling<\/p><p>\u00a0<\/p><h3>Pieken van de Balkan etappe 7 Route &amp; hoogtemeters<\/h3>\t\t\t\t\t\t\t\t<\/div>\n\t\t\t\t<div class=\"elementor-element elementor-element-14e725d elementor-widget elementor-widget-image\" data-id=\"14e725d\" data-element_type=\"widget\" data-e-type=\"widget\" data-widget_type=\"image.default\">\n\t\t\t\t\t\t\t\t\t\t\t\t\t\t\t<img fetchpriority=\"high\" decoding=\"async\" width=\"1157\" height=\"597\" src=\"https:\/\/peaksofthebalkans.at\/wp-content\/uploads\/2019\/01\/7fin_orig.png\" class=\"attachment-full size-full wp-image-274\" alt=\"Ku\u00e7isht\u0451 - Babino Polje, hoogteprofiel\" srcset=\"https:\/\/peaksofthebalkans.at\/wp-content\/uploads\/2019\/01\/7fin_orig.png 1157w, https:\/\/peaksofthebalkans.at\/wp-content\/uploads\/2019\/01\/7fin_orig-300x155.png 300w, https:\/\/peaksofthebalkans.at\/wp-content\/uploads\/2019\/01\/7fin_orig-768x396.png 768w, https:\/\/peaksofthebalkans.at\/wp-content\/uploads\/2019\/01\/7fin_orig-1024x528.png 1024w, https:\/\/peaksofthebalkans.at\/wp-content\/uploads\/2019\/01\/7fin_orig-1080x557.png 1080w\" sizes=\"(max-width: 1157px) 100vw, 1157px\" \/>\t\t\t\t\t\t\t\t\t\t\t\t\t\t\t<\/div>\n\t\t\t\t<div class=\"elementor-element elementor-element-3398681 elementor-widget elementor-widget-text-editor\" data-id=\"3398681\" data-element_type=\"widget\" data-e-type=\"widget\" data-widget_type=\"text-editor.default\">\n\t\t\t\t\t\t\t\t\t<p>Voor deze dag staat een transferwandeling naar Babino Polje, Montenegro, op het programma. Dit is een relatief lange wandeling die de grens tussen Kosovo en Montenegro oversteekt.<\/p><p>De route voert door prachtige berggebieden met veel waterbronnen, gletsjermeren en<br \/>Bergpassen met adembenemende uitzichtpunten.<\/p><p>Van Guri i Kuq naar Babino Polje zijn er onderweg geen overnachtingsmogelijkheden\/dorpen, maar je kunt er wel kamperen. We raden je aan te kamperen bij de Lugu i Shkodres-pas (WP 4f ) of tussen de Jelenka-pas en de Ravno Brdo-pas - bij het kleine meer (WP 7f ).<\/p><p>Als je besluit om deze wandeling in twee delen te splitsen, zou de eerste dag voornamelijk bergopwaarts zijn en de tweede dag voornamelijk bergafwaarts. Rekening houdend met de verdeling van de route WP 7f, is de lengte van de eerste dag 7,4 kilometer en van de tweede dag 8,4 kilometer. Houd er rekening mee dat kamperen buiten de georganiseerde campings niet is toegestaan in Montenegro.<\/p><p>Vanaf het Guri i Kuq complex (WP 20e) klimt het pad lichtjes in zuidelijke richting langs een onverharde weg, die later overgaat in een wandelpad gemarkeerd met rode cirkels. Na ongeveer 2,2 kilometer bergopwaarts bereiken we een prachtig gletsjermeer. De lokale bevolking noemt het Liqeni i Ku\u00e7isht\u0451s (WP 1f ). Onze route voert ongeveer 500 meter naar het noordwesten en vervolgens naar het zuidwesten. Een paar meter verder bereiken we een waterbron (WP 2f ) en een gletsjermeer met de naam Liqeni i Drelajve (WP 3f ).<\/p><p>Tot dit punt is het pad duidelijk zichtbaar, maar na het passeren van het tweede gletsjermeer wordt het pad minder opvallend en is een goed beoordelingsvermogen vereist.<br \/>Vaardigheden. Een GPS-apparaat of een lokale gids wordt aanbevolen voor dit deel van de wandeling.<\/p><p>Vanaf Liqeni i Drelajve loopt het pad bergopwaarts in zuidwestelijke richting naar de Lugu i Shkodr\u0451s Pas (WP 4f ). De pas heet Lugu i Shkodr\u0451s (Shkodra Pas) omdat hij vroeger<br \/>omdat het vroeger de pas was van een oude weg die dit gebied verbond met de stad Shkodra in Albani\u00eb.<\/p><p>Er is een waterbron bij de Lugu i Shkodr\u0451s Pas (SS 5f ). Ons wandelpad loopt in zuidelijke richting ongeveer 400 meter bergopwaarts tot we de Jelenka Pas (WP 6f ) bereiken. Vanaf hier kunnen we de Babino Polje vallei zien. We beginnen de wandeling in zuidoostelijke richting bergafwaarts en na ongeveer 1,5 kilometer zien we een klein kunstmatig meer (WP 7f ). De lokale bevolking gebruikt het als waterreservoir voor ezels, paarden enz. Vanaf hier loopt het pad in zuidwestelijke richting door bijna vlak terrein tot aan de Ravno Brdo pas (SS 8f ). Vanaf de Ravno Brdo pas hebben we een zeer helder en mooi uitzicht op het dorp Babino Polje.<\/p><p>Het wandelpad is niet altijd zichtbaar door het lange gras, maar het is niet moeilijk om het dorp te bereiken omdat we er vrij zicht op hebben. Het pad gaat verder bergafwaarts en we zien veel herdershutten (SS 9f ). Na ongeveer 1 kilometer bergafwaarts bereiken we het dorp. Nadat we de brug zijn overgestoken (SS 10f ), gaan we verder in noordwestelijke richting over een onverharde weg. Babino Polje is een prachtig<br \/>Mogelijkheid om te overnachten en het is gemakkelijk om accommodatie te vinden.<\/p>\t\t\t\t\t\t\t\t<\/div>\n\t\t\t\t\t<\/div>\n\t\t<\/div>\n\t\t\t\t\t<\/div>\n\t\t<\/section>\n\t\t\t\t\t<\/div>\n\t\t<\/div>\n\t\t\t\t\t<\/div>\n\t\t<\/section>\n\t\t\t\t<section class=\"elementor-section elementor-top-section elementor-element elementor-element-e3b9a79 elementor-section-boxed elementor-section-height-default elementor-section-height-default\" data-id=\"e3b9a79\" data-element_type=\"section\" data-e-type=\"section\">\n\t\t\t\t\t\t<div class=\"elementor-container elementor-column-gap-default\">\n\t\t\t\t\t<div class=\"elementor-column elementor-col-100 elementor-top-column elementor-element elementor-element-3a97c78\" data-id=\"3a97c78\" data-element_type=\"column\" data-e-type=\"column\">\n\t\t\t<div class=\"elementor-widget-wrap elementor-element-populated\">\n\t\t\t\t\t\t<div class=\"elementor-element elementor-element-4a67112 elementor-align-center elementor-widget elementor-widget-button\" data-id=\"4a67112\" data-element_type=\"widget\" data-e-type=\"widget\" data-widget_type=\"button.default\">\n\t\t\t\t\t\t\t\t\t\t<a class=\"elementor-button elementor-button-link elementor-size-sm elementor-animation-float\" href=\"https:\/\/www.abenteueralbanien.de\/peaks-of-the-balkans-5-10-days\/\" target=\"_blank\" rel=\"noopener\">\n\t\t\t\t\t\t<span class=\"elementor-button-content-wrapper\">\n\t\t\t\t\t\t\t\t\t<span class=\"elementor-button-text\">Peaks of the Balkans Trail boeken<\/span>\n\t\t\t\t\t<\/span>\n\t\t\t\t\t<\/a>\n\t\t\t\t\t\t\t\t<\/div>\n\t\t\t\t\t<\/div>\n\t\t<\/div>\n\t\t\t\t\t<\/div>\n\t\t<\/section>\n\t\t\t\t<\/div>","protected":false},"excerpt":{"rendered":"<p>PEAKS OF THE BALKANS &#8211; Etappe 7: Von Guri i Kuq nach Babino Polje Wanderung Leqinat i Ku\u00e7isht\u0451s (Guri i Kuq), Kosovo \u2013 Babino Polje, Montenegro Entfernung des Weges: 15,8 KilometerMindesth\u00f6he: 1.438 Meter Maximalh\u00f6he: 2.276 MeterH\u00f6henmeter bergauf: 1.151 Meter, bergab: 1.109 MeterSchwierigkeitsgrad: MittelschwerDauer: 7-8 StundenMarkierungen zur Grenze: rot\/wei\u00df\/rot von der Grenze bis BabinoPolje: roter Kreis\/wei\u00dfe [&hellip;]<\/p>\n","protected":false},"author":6,"featured_media":1075,"parent":0,"menu_order":0,"comment_status":"closed","ping_status":"closed","template":"elementor_header_footer","meta":{"footnotes":""},"class_list":["post-11875","page","type-page","status-publish","has-post-thumbnail","hentry"],"_links":{"self":[{"href":"https:\/\/peaksofthebalkans.at\/nl\/wp-json\/wp\/v2\/pages\/11875","targetHints":{"allow":["GET"]}}],"collection":[{"href":"https:\/\/peaksofthebalkans.at\/nl\/wp-json\/wp\/v2\/pages"}],"about":[{"href":"https:\/\/peaksofthebalkans.at\/nl\/wp-json\/wp\/v2\/types\/page"}],"author":[{"embeddable":true,"href":"https:\/\/peaksofthebalkans.at\/nl\/wp-json\/wp\/v2\/users\/6"}],"replies":[{"embeddable":true,"href":"https:\/\/peaksofthebalkans.at\/nl\/wp-json\/wp\/v2\/comments?post=11875"}],"version-history":[{"count":28,"href":"https:\/\/peaksofthebalkans.at\/nl\/wp-json\/wp\/v2\/pages\/11875\/revisions"}],"predecessor-version":[{"id":15972,"href":"https:\/\/peaksofthebalkans.at\/nl\/wp-json\/wp\/v2\/pages\/11875\/revisions\/15972"}],"wp:featuredmedia":[{"embeddable":true,"href":"https:\/\/peaksofthebalkans.at\/nl\/wp-json\/wp\/v2\/media\/1075"}],"wp:attachment":[{"href":"https:\/\/peaksofthebalkans.at\/nl\/wp-json\/wp\/v2\/media?parent=11875"}],"curies":[{"name":"wp","href":"https:\/\/api.w.org\/{rel}","templated":true}]}}