{"id":11815,"date":"2024-02-04T22:30:32","date_gmt":"2024-02-04T21:30:32","guid":{"rendered":"https:\/\/project.howdymeta.com\/?page_id=11815"},"modified":"2026-03-10T15:17:51","modified_gmt":"2026-03-10T14:17:51","slug":"fase-2","status":"publish","type":"page","link":"https:\/\/peaksofthebalkans.at\/nl\/etappe-2\/","title":{"rendered":"Etappe 2: Valbona - Cerem"},"content":{"rendered":"<div data-elementor-type=\"wp-page\" data-elementor-id=\"11815\" class=\"elementor elementor-11815\" data-elementor-post-type=\"page\">\n\t\t\t\t\t\t<section class=\"elementor-section elementor-top-section elementor-element elementor-element-049bea0 elementor-section-height-min-height elementor-section-boxed elementor-section-height-default elementor-section-items-middle\" data-id=\"049bea0\" data-element_type=\"section\" data-e-type=\"section\" data-settings=\"{&quot;background_background&quot;:&quot;classic&quot;}\">\n\t\t\t\t\t\t<div class=\"elementor-container elementor-column-gap-no\">\n\t\t\t\t\t<div class=\"elementor-column elementor-col-100 elementor-top-column elementor-element elementor-element-2b291bb\" data-id=\"2b291bb\" data-element_type=\"column\" data-e-type=\"column\">\n\t\t\t<div class=\"elementor-widget-wrap elementor-element-populated\">\n\t\t\t\t\t\t<div class=\"elementor-element elementor-element-234bea1 elementor-widget elementor-widget-heading\" data-id=\"234bea1\" data-element_type=\"widget\" data-e-type=\"widget\" data-widget_type=\"heading.default\">\n\t\t\t\t\t<h1 class=\"elementor-heading-title elementor-size-default\">Hoogtepunten van de Balkan etappe 2: Valbona - Cerem wandeling<\/h1>\t\t\t\t<\/div>\n\t\t\t\t\t<\/div>\n\t\t<\/div>\n\t\t\t\t\t<\/div>\n\t\t<\/section>\n\t\t\t\t<section class=\"elementor-section elementor-top-section elementor-element elementor-element-88496e6 elementor-section-boxed elementor-section-height-default elementor-section-height-default\" data-id=\"88496e6\" data-element_type=\"section\" data-e-type=\"section\">\n\t\t\t\t\t\t<div class=\"elementor-container elementor-column-gap-default\">\n\t\t\t\t\t<div class=\"elementor-column elementor-col-100 elementor-top-column elementor-element elementor-element-d32fcd8\" data-id=\"d32fcd8\" data-element_type=\"column\" data-e-type=\"column\">\n\t\t\t<div class=\"elementor-widget-wrap elementor-element-populated\">\n\t\t\t\t\t\t<section class=\"elementor-section elementor-inner-section elementor-element elementor-element-52b5dc1 elementor-section-boxed elementor-section-height-default elementor-section-height-default\" data-id=\"52b5dc1\" data-element_type=\"section\" data-e-type=\"section\">\n\t\t\t\t\t\t<div class=\"elementor-container elementor-column-gap-default\">\n\t\t\t\t\t<div class=\"elementor-column elementor-col-100 elementor-inner-column elementor-element elementor-element-2234cd4\" data-id=\"2234cd4\" data-element_type=\"column\" data-e-type=\"column\">\n\t\t\t<div class=\"elementor-widget-wrap elementor-element-populated\">\n\t\t\t\t\t\t<div class=\"elementor-element elementor-element-8ed2f9f elementor-widget elementor-widget-heading\" data-id=\"8ed2f9f\" data-element_type=\"widget\" data-e-type=\"widget\" data-widget_type=\"heading.default\">\n\t\t\t\t\t<h2 class=\"elementor-heading-title elementor-size-default\">Etappe 2: Wandeling Valbona - \u00c7erem<\/h2>\t\t\t\t<\/div>\n\t\t\t\t<div class=\"elementor-element elementor-element-5b394be elementor-widget elementor-widget-text-editor\" data-id=\"5b394be\" data-element_type=\"widget\" data-e-type=\"widget\" data-widget_type=\"text-editor.default\">\n\t\t\t\t\t\t\t\t\t<ul><li style=\"text-align: center;\">Afstand: 14-18 kilometer<\/li><li style=\"text-align: center;\">Hoogte min.: 670 meter<\/li><li style=\"text-align: center;\">Maximale hoogte: 1.156 meter<\/li><li style=\"text-align: center;\">Stijging: 540 meter<\/li><li style=\"text-align: center;\">Afdaling: 380 meter<\/li><li style=\"text-align: center;\">Moeilijkheidsgraad: Gemiddeld<\/li><li style=\"text-align: center;\">Looptijd: 6-8 uur<\/li><li style=\"text-align: center;\">Markeringen: Geen<\/li><\/ul>\t\t\t\t\t\t\t\t<\/div>\n\t\t\t\t<div class=\"elementor-element elementor-element-4234e4f elementor-widget elementor-widget-heading\" data-id=\"4234e4f\" data-element_type=\"widget\" data-e-type=\"widget\" data-widget_type=\"heading.default\">\n\t\t\t\t\t<h3 class=\"elementor-heading-title elementor-size-default\"><span style=\"color: var( --e-global-color-accent )\">Etappe 2: Valbona - \u00c7erem Kaart &amp; hoogteprofiel<\/span><\/h3>\t\t\t\t<\/div>\n\t\t\t\t<div class=\"elementor-element elementor-element-4db4932 elementor-widget elementor-widget-image\" data-id=\"4db4932\" data-element_type=\"widget\" data-e-type=\"widget\" data-widget_type=\"image.default\">\n\t\t\t\t\t\t\t\t\t\t\t\t\t\t\t<img fetchpriority=\"high\" decoding=\"async\" width=\"800\" height=\"425\" src=\"https:\/\/peaksofthebalkans.at\/wp-content\/uploads\/2026\/03\/Valbona-Cerem-Hoehenprofil-Chart-1024x544.png\" class=\"attachment-large size-large wp-image-15691\" alt=\"Hoogteprofielkaart van de toppen van de Balkan Valbona Cerem\" srcset=\"https:\/\/peaksofthebalkans.at\/wp-content\/uploads\/2026\/03\/Valbona-Cerem-Hoehenprofil-Chart-1024x544.png 1024w, https:\/\/peaksofthebalkans.at\/wp-content\/uploads\/2026\/03\/Valbona-Cerem-Hoehenprofil-Chart-300x159.png 300w, https:\/\/peaksofthebalkans.at\/wp-content\/uploads\/2026\/03\/Valbona-Cerem-Hoehenprofil-Chart-768x408.png 768w, https:\/\/peaksofthebalkans.at\/wp-content\/uploads\/2026\/03\/Valbona-Cerem-Hoehenprofil-Chart-18x10.png 18w, https:\/\/peaksofthebalkans.at\/wp-content\/uploads\/2026\/03\/Valbona-Cerem-Hoehenprofil-Chart.png 1080w\" sizes=\"(max-width: 800px) 100vw, 800px\" \/>\t\t\t\t\t\t\t\t\t\t\t\t\t\t\t<\/div>\n\t\t\t\t<div class=\"elementor-element elementor-element-88c18e5 elementor-align-center elementor-widget elementor-widget-button\" data-id=\"88c18e5\" data-element_type=\"widget\" data-e-type=\"widget\" data-widget_type=\"button.default\">\n\t\t\t\t\t\t\t\t\t\t<a class=\"elementor-button elementor-button-link elementor-size-sm elementor-animation-float\" href=\"https:\/\/www.abenteueralbanien.de\/peaks-of-the-balkans-5-10-days\/\" target=\"_blank\" rel=\"noopener\">\n\t\t\t\t\t\t<span class=\"elementor-button-content-wrapper\">\n\t\t\t\t\t\t\t\t\t<span class=\"elementor-button-text\">Peaks of the Balkans Trail boeken<\/span>\n\t\t\t\t\t<\/span>\n\t\t\t\t\t<\/a>\n\t\t\t\t\t\t\t\t<\/div>\n\t\t\t\t<div class=\"elementor-element elementor-element-42dd7ff elementor-widget elementor-widget-text-editor\" data-id=\"42dd7ff\" data-element_type=\"widget\" data-e-type=\"widget\" data-widget_type=\"text-editor.default\">\n\t\t\t\t\t\t\t\t\t<p>Deze route van de tweede etappe omvat de transfer van Valbon\u00eb naar het dorp \u00c7erem. Om in \u00c7erem te komen, kun je een taxi huren of 20 kilometer wandelen over de grindweg van het hotel (WP 12) naar \u00c7erem. Het muilezelpad - de kortste route - verbond vroeger de twee dorpen, maar is verwoest door erosie. Er zijn geen overnachtingsmogelijkheden langs dit pad om de wandeling en reis te splitsen.<\/p><p><img decoding=\"async\" class=\"alignnone size-full wp-image-15965\" src=\"https:\/\/peaksofthebalkans.at\/wp-content\/uploads\/2026\/03\/Etappe-2-Wanderung-Valbona-Cerem-Schotterweg.jpg\" alt=\"Etappe 2 Wandeling Valbona Cerem grindpad\" width=\"1280\" height=\"960\" srcset=\"https:\/\/peaksofthebalkans.at\/wp-content\/uploads\/2026\/03\/Etappe-2-Wanderung-Valbona-Cerem-Schotterweg.jpg 1280w, https:\/\/peaksofthebalkans.at\/wp-content\/uploads\/2026\/03\/Etappe-2-Wanderung-Valbona-Cerem-Schotterweg-300x225.jpg 300w, https:\/\/peaksofthebalkans.at\/wp-content\/uploads\/2026\/03\/Etappe-2-Wanderung-Valbona-Cerem-Schotterweg-1024x768.jpg 1024w, https:\/\/peaksofthebalkans.at\/wp-content\/uploads\/2026\/03\/Etappe-2-Wanderung-Valbona-Cerem-Schotterweg-768x576.jpg 768w, https:\/\/peaksofthebalkans.at\/wp-content\/uploads\/2026\/03\/Etappe-2-Wanderung-Valbona-Cerem-Schotterweg-16x12.jpg 16w\" sizes=\"(max-width: 1280px) 100vw, 1280px\" \/><\/p><p><strong>Tip:<\/strong> Sportieve wandelaars kunnen \u00c7erem bereiken via de Persllopitpas, die meer dan 2.000 meter hoog is. De route is bewegwijzerd vanaf de brug aan de oostkant van Valbona. Let op: Deze variant is inclusief een <strong>steile klim<\/strong> en <strong>Blootliggende passages<\/strong> en moet <strong>niet betreden worden in natte omstandigheden.<\/strong><\/p><p>\u00c7erem is een klein, grotendeels verlaten dorp ongeveer 17 kilometer ten noordoosten van Valbon\u00eb. Het wordt momenteel alleen in de zomer bewoond door herders. In de winter is het dorp niet bewoond vanwege slechte weersomstandigheden, omdat de weg die het dorp verbindt met Valbon\u00eb en de stad Bajram Curri in de winter geblokkeerd is door sneeuw.<\/p><p>De wandeling\/rit van de tweede etappe van vandaag begint bij Hotel Fusha e Gjes (WP 12), ongeveer 3,5 kilometer ten zuidwesten van het centrum van Valbon\u00eb. We volgen de hoofdweg (onverhard) die Rragam met Valbon\u00eb verbindt in noordwestelijke richting. Op ongeveer 1 kilometer van het hotel steken we een brug over (WP 1a). Een paar kilometer verder vinden we het toeristeninformatiecentrum van Valbon\u00eb (WP 2a), dat naast de hoofdweg bij het dorpscentrum ligt (WP 3a). De meeste pensions bevinden zich hier.<\/p><p>Neem de hoofdweg en houd na ongeveer 7 kilometer links aan bij de kruising (WP 4a) naar het dorp \u00c7erem. Als je op deze kruising rechtsaf slaat, gaat de route naar het dorp Dragobi en vervolgens naar de stad Bajram Curri. Sla bij de volgende splitsing linksaf (SS 5a) en volg de grindweg. Na een paar kilometer kruisen we een beekje (SS 6a) dat over de weg stroomt.<\/p><p>We volgen de grindweg nog 2 kilometer, steken dan de rivier over en naderen het centrum van \u00c7erem (SS 7a).<br \/>\u00c7erem is een goede plek om te overnachten of te pauzeren in een van de gastvrije herdershutten.\u00a0<\/p><p><img decoding=\"async\" class=\"alignnone size-full wp-image-15964\" src=\"https:\/\/peaksofthebalkans.at\/wp-content\/uploads\/2026\/03\/Etappe-2-Wanderung-Valbona-Cerem-Albanien.jpg\" alt=\"Etappe 2 Wandeling Valbona Cerem Albani\u00eb\" width=\"1440\" height=\"960\" srcset=\"https:\/\/peaksofthebalkans.at\/wp-content\/uploads\/2026\/03\/Etappe-2-Wanderung-Valbona-Cerem-Albanien.jpg 1440w, https:\/\/peaksofthebalkans.at\/wp-content\/uploads\/2026\/03\/Etappe-2-Wanderung-Valbona-Cerem-Albanien-300x200.jpg 300w, https:\/\/peaksofthebalkans.at\/wp-content\/uploads\/2026\/03\/Etappe-2-Wanderung-Valbona-Cerem-Albanien-1024x683.jpg 1024w, https:\/\/peaksofthebalkans.at\/wp-content\/uploads\/2026\/03\/Etappe-2-Wanderung-Valbona-Cerem-Albanien-768x512.jpg 768w, https:\/\/peaksofthebalkans.at\/wp-content\/uploads\/2026\/03\/Etappe-2-Wanderung-Valbona-Cerem-Albanien-18x12.jpg 18w\" sizes=\"(max-width: 1440px) 100vw, 1440px\" \/><\/p><p>Verschillende kleinere stroompjes komen samen in het stroomgebied van \u00c7erem. De pensions liggen ongeveer een kilometer verderop en bijna 50 meter hoger dan het centrum van het zomerdorp. \u00c7erem is klein, heeft geen mobiele telefoonontvangst en is in de wintermaanden verlaten. Aan de andere kant kun je hier gastvrijheid in een rustieke sfeer ervaren.<\/p>\t\t\t\t\t\t\t\t<\/div>\n\t\t\t\t\t<\/div>\n\t\t<\/div>\n\t\t\t\t\t<\/div>\n\t\t<\/section>\n\t\t\t\t\t<\/div>\n\t\t<\/div>\n\t\t\t\t\t<\/div>\n\t\t<\/section>\n\t\t\t\t<section class=\"elementor-section elementor-top-section elementor-element elementor-element-529f182 elementor-section-boxed elementor-section-height-default elementor-section-height-default\" data-id=\"529f182\" data-element_type=\"section\" data-e-type=\"section\">\n\t\t\t\t\t\t<div class=\"elementor-container elementor-column-gap-default\">\n\t\t\t\t\t<div class=\"elementor-column elementor-col-100 elementor-top-column elementor-element elementor-element-79c8ba5\" data-id=\"79c8ba5\" data-element_type=\"column\" data-e-type=\"column\">\n\t\t\t<div class=\"elementor-widget-wrap elementor-element-populated\">\n\t\t\t\t\t\t<div class=\"elementor-element elementor-element-d7fc1df elementor-align-center elementor-widget elementor-widget-button\" data-id=\"d7fc1df\" data-element_type=\"widget\" data-e-type=\"widget\" data-widget_type=\"button.default\">\n\t\t\t\t\t\t\t\t\t\t<a class=\"elementor-button elementor-button-link elementor-size-sm elementor-animation-float\" href=\"https:\/\/www.abenteueralbanien.de\/peaks-of-the-balkans-5-10-days\/\" target=\"_blank\" rel=\"noopener\">\n\t\t\t\t\t\t<span class=\"elementor-button-content-wrapper\">\n\t\t\t\t\t\t\t\t\t<span class=\"elementor-button-text\">Peaks of the Balkans Trail boeken<\/span>\n\t\t\t\t\t<\/span>\n\t\t\t\t\t<\/a>\n\t\t\t\t\t\t\t\t<\/div>\n\t\t\t\t\t<\/div>\n\t\t<\/div>\n\t\t\t\t\t<\/div>\n\t\t<\/section>\n\t\t\t\t<\/div>","protected":false},"excerpt":{"rendered":"<p>Hoogtepunten van de Balkan etappe 2: Valbona, Albani\u00eb - \u00c7erem, Albani\u00eb. Afstand: 19,8 kilometer.<\/p>","protected":false},"author":6,"featured_media":14779,"parent":0,"menu_order":0,"comment_status":"closed","ping_status":"closed","template":"elementor_header_footer","meta":{"footnotes":""},"class_list":["post-11815","page","type-page","status-publish","has-post-thumbnail","hentry"],"_links":{"self":[{"href":"https:\/\/peaksofthebalkans.at\/nl\/wp-json\/wp\/v2\/pages\/11815","targetHints":{"allow":["GET"]}}],"collection":[{"href":"https:\/\/peaksofthebalkans.at\/nl\/wp-json\/wp\/v2\/pages"}],"about":[{"href":"https:\/\/peaksofthebalkans.at\/nl\/wp-json\/wp\/v2\/types\/page"}],"author":[{"embeddable":true,"href":"https:\/\/peaksofthebalkans.at\/nl\/wp-json\/wp\/v2\/users\/6"}],"replies":[{"embeddable":true,"href":"https:\/\/peaksofthebalkans.at\/nl\/wp-json\/wp\/v2\/comments?post=11815"}],"version-history":[{"count":123,"href":"https:\/\/peaksofthebalkans.at\/nl\/wp-json\/wp\/v2\/pages\/11815\/revisions"}],"predecessor-version":[{"id":15969,"href":"https:\/\/peaksofthebalkans.at\/nl\/wp-json\/wp\/v2\/pages\/11815\/revisions\/15969"}],"wp:featuredmedia":[{"embeddable":true,"href":"https:\/\/peaksofthebalkans.at\/nl\/wp-json\/wp\/v2\/media\/14779"}],"wp:attachment":[{"href":"https:\/\/peaksofthebalkans.at\/nl\/wp-json\/wp\/v2\/media?parent=11815"}],"curies":[{"name":"wp","href":"https:\/\/api.w.org\/{rel}","templated":true}]}}