{"id":11890,"date":"2024-02-08T08:26:54","date_gmt":"2024-02-08T07:26:54","guid":{"rendered":"https:\/\/project.howdymeta.com\/?page_id=11890"},"modified":"2026-03-11T11:34:10","modified_gmt":"2026-03-11T10:34:10","slug":"tappa-4-doberdol-milishevc","status":"publish","type":"page","link":"https:\/\/peaksofthebalkans.at\/it\/etappe-4-doberdol-milishevc\/","title":{"rendered":"Cime dei Balcani tappa 4: Dob\u00ebrdol - Milishevc"},"content":{"rendered":"<div data-elementor-type=\"wp-page\" data-elementor-id=\"11890\" class=\"elementor elementor-11890\" data-elementor-post-type=\"page\">\n\t\t\t\t\t\t<section class=\"elementor-section elementor-top-section elementor-element elementor-element-6751edb elementor-section-height-min-height elementor-section-items-top elementor-section-content-middle elementor-section-boxed elementor-section-height-default\" data-id=\"6751edb\" data-element_type=\"section\" data-e-type=\"section\" data-settings=\"{&quot;background_background&quot;:&quot;classic&quot;}\">\n\t\t\t\t\t\t<div class=\"elementor-container elementor-column-gap-no\">\n\t\t\t\t\t<div class=\"elementor-column elementor-col-100 elementor-top-column elementor-element elementor-element-0849440\" data-id=\"0849440\" data-element_type=\"column\" data-e-type=\"column\">\n\t\t\t<div class=\"elementor-widget-wrap elementor-element-populated\">\n\t\t\t\t\t\t<div class=\"elementor-element elementor-element-987c69e elementor-widget elementor-widget-heading\" data-id=\"987c69e\" data-element_type=\"widget\" data-e-type=\"widget\" data-widget_type=\"heading.default\">\n\t\t\t\t\t<h1 class=\"elementor-heading-title elementor-size-default\">Cime dei Balcani tappa 4: da Dob\u00ebrdol a Milishevc <\/h1>\t\t\t\t<\/div>\n\t\t\t\t\t<\/div>\n\t\t<\/div>\n\t\t\t\t\t<\/div>\n\t\t<\/section>\n\t\t\t\t<section class=\"elementor-section elementor-top-section elementor-element elementor-element-90bf931 elementor-section-boxed elementor-section-height-default elementor-section-height-default\" data-id=\"90bf931\" data-element_type=\"section\" data-e-type=\"section\">\n\t\t\t\t\t\t<div class=\"elementor-container elementor-column-gap-default\">\n\t\t\t\t\t<div class=\"elementor-column elementor-col-100 elementor-top-column elementor-element elementor-element-3a6a785\" data-id=\"3a6a785\" data-element_type=\"column\" data-e-type=\"column\">\n\t\t\t<div class=\"elementor-widget-wrap elementor-element-populated\">\n\t\t\t\t\t\t<section class=\"elementor-section elementor-inner-section elementor-element elementor-element-dd502ce elementor-section-boxed elementor-section-height-default elementor-section-height-default\" data-id=\"dd502ce\" data-element_type=\"section\" data-e-type=\"section\">\n\t\t\t\t\t\t<div class=\"elementor-container elementor-column-gap-default\">\n\t\t\t\t\t<div class=\"elementor-column elementor-col-100 elementor-inner-column elementor-element elementor-element-5536176\" data-id=\"5536176\" data-element_type=\"column\" data-e-type=\"column\">\n\t\t\t<div class=\"elementor-widget-wrap elementor-element-populated\">\n\t\t\t\t\t\t<div class=\"elementor-element elementor-element-d9fd74a elementor-widget elementor-widget-heading\" data-id=\"d9fd74a\" data-element_type=\"widget\" data-e-type=\"widget\" data-widget_type=\"heading.default\">\n\t\t\t\t\t<h2 class=\"elementor-heading-title elementor-size-default\">Cime dei Balcani: escursione da Dob\u00ebrdol a Milisevc<\/h2>\t\t\t\t<\/div>\n\t\t\t\t<div class=\"elementor-element elementor-element-2937954 elementor-widget elementor-widget-text-editor\" data-id=\"2937954\" data-element_type=\"widget\" data-e-type=\"widget\" data-widget_type=\"text-editor.default\">\n\t\t\t\t\t\t\t\t\t<p><span style=\"color: var( --e-global-color-text ); font-family: var( --e-global-typography-text-font-family ), Sans-serif; font-size: var( --e-global-typography-text-font-size );\">Percorso<\/span>: 18,2 chilometri<\/p><p>Altitudine minima: 1.534 m, massima: 2.290 m<\/p><p>Altitudine in salita: 915 m<\/p><p>Metri di dislivello in discesa: 980 m<\/p><p>Livello di difficolt\u00e0: moderato<\/p><p>Durata: 8-9 ore<\/p><p>Marcature fino al confine: bianco\/rosso\/bianco, dal confine a Milisevc: rosso\/bianco\/rosso<\/p><p>\u00a0<\/p><h3>Cime dei Balcani tappa 4 - Mappa e profilo altimetrico<\/h3>\t\t\t\t\t\t\t\t<\/div>\n\t\t\t\t<div class=\"elementor-element elementor-element-76eef10 elementor-widget elementor-widget-image\" data-id=\"76eef10\" data-element_type=\"widget\" data-e-type=\"widget\" data-widget_type=\"image.default\">\n\t\t\t\t\t\t\t\t\t\t\t\t\t\t\t<img fetchpriority=\"high\" decoding=\"async\" width=\"1080\" height=\"578\" src=\"https:\/\/peaksofthebalkans.at\/wp-content\/uploads\/2026\/03\/Doberdol-Milisevc-Hoehenprofil-Chart.png\" class=\"attachment-full size-full wp-image-15682\" alt=\"Cime dei Balcani tappa 4 Doberdol Mislishevc grafico del profilo altimetrico\" srcset=\"https:\/\/peaksofthebalkans.at\/wp-content\/uploads\/2026\/03\/Doberdol-Milisevc-Hoehenprofil-Chart.png 1080w, https:\/\/peaksofthebalkans.at\/wp-content\/uploads\/2026\/03\/Doberdol-Milisevc-Hoehenprofil-Chart-300x161.png 300w, https:\/\/peaksofthebalkans.at\/wp-content\/uploads\/2026\/03\/Doberdol-Milisevc-Hoehenprofil-Chart-1024x548.png 1024w, https:\/\/peaksofthebalkans.at\/wp-content\/uploads\/2026\/03\/Doberdol-Milisevc-Hoehenprofil-Chart-768x411.png 768w, https:\/\/peaksofthebalkans.at\/wp-content\/uploads\/2026\/03\/Doberdol-Milisevc-Hoehenprofil-Chart-18x10.png 18w\" sizes=\"(max-width: 1080px) 100vw, 1080px\" \/>\t\t\t\t\t\t\t\t\t\t\t\t\t\t\t<\/div>\n\t\t\t\t<div class=\"elementor-element elementor-element-88efada elementor-align-center elementor-widget elementor-widget-button\" data-id=\"88efada\" data-element_type=\"widget\" data-e-type=\"widget\" data-widget_type=\"button.default\">\n\t\t\t\t\t\t\t\t\t\t<a class=\"elementor-button elementor-button-link elementor-size-sm elementor-animation-float\" href=\"https:\/\/www.abenteueralbanien.de\/peaks-of-the-balkans-5-10-days\/\" target=\"_blank\" rel=\"noopener\">\n\t\t\t\t\t\t<span class=\"elementor-button-content-wrapper\">\n\t\t\t\t\t\t\t\t\t<span class=\"elementor-button-text\">Prenotazione del sentiero delle cime dei Balcani<\/span>\n\t\t\t\t\t<\/span>\n\t\t\t\t\t<\/a>\n\t\t\t\t\t\t\t\t<\/div>\n\t\t\t\t<div class=\"elementor-element elementor-element-6beee06 elementor-widget elementor-widget-text-editor\" data-id=\"6beee06\" data-element_type=\"widget\" data-e-type=\"widget\" data-widget_type=\"text-editor.default\">\n\t\t\t\t\t\t\t\t\t<p>La seguente escursione conduce dal remoto villaggio di pastori di Dob\u0451rdol a un altro villaggio di pastori meno remoto del Kosovo (Milisevc). Milisevc ha un buon collegamento stradale con la citt\u00e0 di Peja e sempre pi\u00f9 rifugi di questo villaggio vengono utilizzati per scopi turistici.<\/p><p>Per un'escursione meno impegnativa, il sentiero pu\u00f2 essere diviso in due parti. Si pu\u00f2 seguire il sentiero orientale al bivio (WP 3c) e scendere fino a Bjeshka e Belegut, dove si possono trovare alloggi, strutture per il campeggio e cibo fresco nelle capanne estive dei pastori. Ricordate che non ci sono waypoint GPS dal WP 3c a Bjeshka e Belegut, ma il sentiero \u00e8 comunque abbastanza facile da trovare. Bjeshka e Belegut \u00e8 collegata a Milisevc (SS 11c) da una strada sterrata, facile da trovare con una mappa.<\/p><p>L'escursione inizia a 1741 m di altitudine presso il rifugio di Dob\u0451rdol (WP 13b) e sale in direzione nord-est fino a 2210 m di altitudine al confine tra Albania, Kosovo e Montenegro (WP 1c). Il percorso prosegue in direzione nord-est, con piccole salite e discese lungo il confine tra Montenegro e Kosovo.<\/p><p><img decoding=\"async\" class=\"alignnone size-full wp-image-15993\" src=\"https:\/\/peaksofthebalkans.at\/wp-content\/uploads\/2026\/03\/Etappe-4-Doberdol-Milishevc.jpg\" alt=\"Tappa 4 Dob\u00ebrdol Milishevc\" width=\"1280\" height=\"960\" srcset=\"https:\/\/peaksofthebalkans.at\/wp-content\/uploads\/2026\/03\/Etappe-4-Doberdol-Milishevc.jpg 1280w, https:\/\/peaksofthebalkans.at\/wp-content\/uploads\/2026\/03\/Etappe-4-Doberdol-Milishevc-300x225.jpg 300w, https:\/\/peaksofthebalkans.at\/wp-content\/uploads\/2026\/03\/Etappe-4-Doberdol-Milishevc-1024x768.jpg 1024w, https:\/\/peaksofthebalkans.at\/wp-content\/uploads\/2026\/03\/Etappe-4-Doberdol-Milishevc-768x576.jpg 768w, https:\/\/peaksofthebalkans.at\/wp-content\/uploads\/2026\/03\/Etappe-4-Doberdol-Milishevc-16x12.jpg 16w\" sizes=\"(max-width: 1280px) 100vw, 1280px\" \/><\/p><p>Alla SS 2c, all'incrocio giriamo a destra (nord). Il sentiero alla nostra destra conduce a Babino Polje, in Montenegro.<\/p><p>All'incrocio successivo (WP 3c), tenere la sinistra (direzione nord). Il sentiero orientale conduce a Bjeshka e Belegut. Il nostro percorso segue il versante occidentale di Maja e Qenit (la cima di fronte a noi, a poche centinaia di metri da SS 3c). Il versante occidentale del Maja e Qenit \u00e8 ripido ma relativamente breve (circa 500 m di cammino) ed \u00e8 anche l'opzione migliore per raggiungere l'altro versante di questa montagna (WP 4c) e dirigersi a nord verso il passo Roshkodolit (WP 5c).<\/p><p>Se ritenete troppo difficile conquistare questo pendio, potete prendere il percorso via Bjeshka e Belegut fino a Milisevc, pi\u00f9 lungo ma pi\u00f9 facile - un'opzione pi\u00f9 lunga ma pi\u00f9 semplice (principalmente su sentieri non asfaltati).<\/p><p>Dal Passo Roshkodolit, il sentiero scende a valle. A SS 6c si attraversa il fiume e si prosegue sul sentiero dal lato ovest. A SS 7c si incontra la strada sterrata, seguita dal villaggio di Roshkodol a SS 8c - un luogo opzionale per il pernottamento.<\/p><p><img decoding=\"async\" class=\"alignnone size-full wp-image-15992\" src=\"https:\/\/peaksofthebalkans.at\/wp-content\/uploads\/2026\/03\/Etappe-4-Doberdol-Milishevc-Wanderung.jpg\" alt=\"Tappa 4 Escursione Dob\u00ebrdol Milishevc\" width=\"1275\" height=\"960\" srcset=\"https:\/\/peaksofthebalkans.at\/wp-content\/uploads\/2026\/03\/Etappe-4-Doberdol-Milishevc-Wanderung.jpg 1275w, https:\/\/peaksofthebalkans.at\/wp-content\/uploads\/2026\/03\/Etappe-4-Doberdol-Milishevc-Wanderung-300x226.jpg 300w, https:\/\/peaksofthebalkans.at\/wp-content\/uploads\/2026\/03\/Etappe-4-Doberdol-Milishevc-Wanderung-1024x771.jpg 1024w, https:\/\/peaksofthebalkans.at\/wp-content\/uploads\/2026\/03\/Etappe-4-Doberdol-Milishevc-Wanderung-768x578.jpg 768w, https:\/\/peaksofthebalkans.at\/wp-content\/uploads\/2026\/03\/Etappe-4-Doberdol-Milishevc-Wanderung-16x12.jpg 16w\" sizes=\"(max-width: 1275px) 100vw, 1275px\" \/><\/p><p>Milisevc si trova a circa 5 chilometri a ovest di Roshkodol ed \u00e8 raggiungibile attraverso una strada sterrata. Mantenere la sinistra alle SS 9c e 10c. Questa escursione giornaliera termina a Milisevc (WP11c), dove \u00e8 possibile pernottare nelle baite del villaggio.<\/p>\t\t\t\t\t\t\t\t<\/div>\n\t\t\t\t\t<\/div>\n\t\t<\/div>\n\t\t\t\t\t<\/div>\n\t\t<\/section>\n\t\t\t\t\t<\/div>\n\t\t<\/div>\n\t\t\t\t\t<\/div>\n\t\t<\/section>\n\t\t\t\t<section class=\"elementor-section elementor-top-section elementor-element elementor-element-85a480f elementor-section-boxed elementor-section-height-default elementor-section-height-default\" data-id=\"85a480f\" data-element_type=\"section\" data-e-type=\"section\">\n\t\t\t\t\t\t<div class=\"elementor-container elementor-column-gap-default\">\n\t\t\t\t\t<div class=\"elementor-column elementor-col-100 elementor-top-column elementor-element elementor-element-38d6245\" data-id=\"38d6245\" data-element_type=\"column\" data-e-type=\"column\">\n\t\t\t<div class=\"elementor-widget-wrap elementor-element-populated\">\n\t\t\t\t\t\t<div class=\"elementor-element elementor-element-5a3cc9c elementor-align-center elementor-widget elementor-widget-button\" data-id=\"5a3cc9c\" data-element_type=\"widget\" data-e-type=\"widget\" data-widget_type=\"button.default\">\n\t\t\t\t\t\t\t\t\t\t<a class=\"elementor-button elementor-button-link elementor-size-sm elementor-animation-float\" href=\"https:\/\/www.abenteueralbanien.de\/peaks-of-the-balkans-5-10-days\/\" target=\"_blank\" rel=\"noopener\">\n\t\t\t\t\t\t<span class=\"elementor-button-content-wrapper\">\n\t\t\t\t\t\t\t\t\t<span class=\"elementor-button-text\">Prenotazione del sentiero delle cime dei Balcani<\/span>\n\t\t\t\t\t<\/span>\n\t\t\t\t\t<\/a>\n\t\t\t\t\t\t\t\t<\/div>\n\t\t\t\t\t<\/div>\n\t\t<\/div>\n\t\t\t\t\t<\/div>\n\t\t<\/section>\n\t\t\t\t<\/div>","protected":false},"excerpt":{"rendered":"<p>Tappa 4: La seguente escursione porta dal remoto villaggio pastorale di Dob\u0451rdol a un altro villaggio pastorale meno remoto del Kosovo (Milisevc).<\/p>","protected":false},"author":6,"featured_media":1163,"parent":0,"menu_order":0,"comment_status":"closed","ping_status":"closed","template":"elementor_header_footer","meta":{"footnotes":""},"class_list":["post-11890","page","type-page","status-publish","has-post-thumbnail","hentry"],"_links":{"self":[{"href":"https:\/\/peaksofthebalkans.at\/it\/wp-json\/wp\/v2\/pages\/11890","targetHints":{"allow":["GET"]}}],"collection":[{"href":"https:\/\/peaksofthebalkans.at\/it\/wp-json\/wp\/v2\/pages"}],"about":[{"href":"https:\/\/peaksofthebalkans.at\/it\/wp-json\/wp\/v2\/types\/page"}],"author":[{"embeddable":true,"href":"https:\/\/peaksofthebalkans.at\/it\/wp-json\/wp\/v2\/users\/6"}],"replies":[{"embeddable":true,"href":"https:\/\/peaksofthebalkans.at\/it\/wp-json\/wp\/v2\/comments?post=11890"}],"version-history":[{"count":94,"href":"https:\/\/peaksofthebalkans.at\/it\/wp-json\/wp\/v2\/pages\/11890\/revisions"}],"predecessor-version":[{"id":16020,"href":"https:\/\/peaksofthebalkans.at\/it\/wp-json\/wp\/v2\/pages\/11890\/revisions\/16020"}],"wp:featuredmedia":[{"embeddable":true,"href":"https:\/\/peaksofthebalkans.at\/it\/wp-json\/wp\/v2\/media\/1163"}],"wp:attachment":[{"href":"https:\/\/peaksofthebalkans.at\/it\/wp-json\/wp\/v2\/media?parent=11890"}],"curies":[{"name":"wp","href":"https:\/\/api.w.org\/{rel}","templated":true}]}}