{"id":11878,"date":"2024-02-08T08:24:44","date_gmt":"2024-02-08T07:24:44","guid":{"rendered":"https:\/\/project.howdymeta.com\/?page_id=11878"},"modified":"2026-03-07T10:52:45","modified_gmt":"2026-03-07T09:52:45","slug":"tappa-6-reke-e-allages-guri-i-kuq","status":"publish","type":"page","link":"https:\/\/peaksofthebalkans.at\/it\/etappe-6-reke-e-allages-guri-i-kuq\/","title":{"rendered":"Cime dei Balcani tappa 6: Reka e Allages - Guri i Kuq"},"content":{"rendered":"<div data-elementor-type=\"wp-page\" data-elementor-id=\"11878\" class=\"elementor elementor-11878\" data-elementor-post-type=\"page\">\n\t\t\t\t\t\t<section class=\"elementor-section elementor-top-section elementor-element elementor-element-561f9ca elementor-section-height-min-height elementor-section-boxed elementor-section-height-default elementor-section-items-middle\" data-id=\"561f9ca\" data-element_type=\"section\" data-e-type=\"section\" data-settings=\"{&quot;background_background&quot;:&quot;classic&quot;}\">\n\t\t\t\t\t\t<div class=\"elementor-container elementor-column-gap-no\">\n\t\t\t\t\t<div class=\"elementor-column elementor-col-100 elementor-top-column elementor-element elementor-element-45e7a95\" data-id=\"45e7a95\" data-element_type=\"column\" data-e-type=\"column\">\n\t\t\t<div class=\"elementor-widget-wrap elementor-element-populated\">\n\t\t\t\t\t\t<div class=\"elementor-element elementor-element-399d585 elementor-widget elementor-widget-heading\" data-id=\"399d585\" data-element_type=\"widget\" data-e-type=\"widget\" data-widget_type=\"heading.default\">\n\t\t\t\t\t<h1 class=\"elementor-heading-title elementor-size-default\">Cime dei Balcani tappa 6: Rek\u00eb e Allag\u00ebs - Guri i Kuq<\/h1>\t\t\t\t<\/div>\n\t\t\t\t\t<\/div>\n\t\t<\/div>\n\t\t\t\t\t<\/div>\n\t\t<\/section>\n\t\t\t\t<section class=\"elementor-section elementor-top-section elementor-element elementor-element-daa5d55 elementor-section-boxed elementor-section-height-default elementor-section-height-default\" data-id=\"daa5d55\" data-element_type=\"section\" data-e-type=\"section\">\n\t\t\t\t\t\t<div class=\"elementor-container elementor-column-gap-default\">\n\t\t\t\t\t<div class=\"elementor-column elementor-col-100 elementor-top-column elementor-element elementor-element-73bebfc\" data-id=\"73bebfc\" data-element_type=\"column\" data-e-type=\"column\">\n\t\t\t<div class=\"elementor-widget-wrap elementor-element-populated\">\n\t\t\t\t\t\t<section class=\"elementor-section elementor-inner-section elementor-element elementor-element-e00d3e9 elementor-section-boxed elementor-section-height-default elementor-section-height-default\" data-id=\"e00d3e9\" data-element_type=\"section\" data-e-type=\"section\">\n\t\t\t\t\t\t<div class=\"elementor-container elementor-column-gap-default\">\n\t\t\t\t\t<div class=\"elementor-column elementor-col-100 elementor-inner-column elementor-element elementor-element-9a225c1\" data-id=\"9a225c1\" data-element_type=\"column\" data-e-type=\"column\">\n\t\t\t<div class=\"elementor-widget-wrap elementor-element-populated\">\n\t\t\t\t\t\t<div class=\"elementor-element elementor-element-7aac2c0 elementor-widget elementor-widget-heading\" data-id=\"7aac2c0\" data-element_type=\"widget\" data-e-type=\"widget\" data-widget_type=\"heading.default\">\n\t\t\t\t\t<h2 class=\"elementor-heading-title elementor-size-default\">Tappa 6: Escursione Reka e Allag\u0451s - Drelaj - Guri i Kuq<\/h2>\t\t\t\t<\/div>\n\t\t\t\t<div class=\"elementor-element elementor-element-fb36303 elementor-widget elementor-widget-text-editor\" data-id=\"fb36303\" data-element_type=\"widget\" data-e-type=\"widget\" data-widget_type=\"text-editor.default\">\n\t\t\t\t\t\t\t\t\t<p>Lunghezza del percorso: 23,26 km.<br \/>Altitudine minima: 1.072 metri, altitudine massima: 1.820 metri.<br \/>Altitudine totale in salita: 1.257 metri, in discesa: 1.139 metri.<br \/>Livello di difficolt\u00e0: medio.<br \/>Tempo: 8-9 ore.<br \/>Marcature: rosso\/bianco\/rosso<\/p>\n<p>L'escursione di trasferimento verso Ku\u00e7isht\u0451 \u00e8 lunga e interessante e offre la possibilit\u00e0 di<br \/>Possibilit\u00e0 di visitare alcuni altri villaggi lungo il percorso. Sebbene si tratti di un'escursione di un giorno, il livello di difficolt\u00e0 \u00e8 basso, poich\u00e9 la maggior parte dell'escursione si svolge su sentieri sterrati e ghiaiosi. C'\u00e8 anche la possibilit\u00e0 di annullare l'escursione e tornare al villaggio.<br \/>proseguire con il veicolo fino all'ultimo punto.<\/p>\n<p>Per un'escursione meno impegnativa, il sentiero pu\u00f2 essere diviso in due parti. Il migliore<br \/>Un'opzione per il pernottamento \u00e8 il villaggio di Drelaj (WP 9e), dove \u00e8 possibile<br \/>con la famiglia di Osman Shala. Il percorso<br \/>da Reka e Allag\u0451s a Drelaj \u00e8 di 10,1 chilometri e da qui a<br \/>Ku\u00e7isht\u0451 (Guri i Kuq) o Leqinat i Ku\u00e7isht\u0451s 12,9 chilometri.<\/p>\n<p>\u00a0<\/p>\n<h3>Cime dei Balcani tappa 6 - Mappa e profilo altimetrico<\/h3>\t\t\t\t\t\t\t\t<\/div>\n\t\t\t\t<div class=\"elementor-element elementor-element-b462e86 elementor-widget elementor-widget-image\" data-id=\"b462e86\" data-element_type=\"widget\" data-e-type=\"widget\" data-widget_type=\"image.default\">\n\t\t\t\t\t\t\t\t\t\t\t\t\t\t\t<img fetchpriority=\"high\" decoding=\"async\" width=\"1164\" height=\"602\" src=\"https:\/\/peaksofthebalkans.at\/wp-content\/uploads\/2019\/01\/6fin_1_orig.png\" class=\"attachment-full size-full wp-image-267\" alt=\"Cime dei Balcani tappa 6 - Mappa e profilo altimetrico\" srcset=\"https:\/\/peaksofthebalkans.at\/wp-content\/uploads\/2019\/01\/6fin_1_orig.png 1164w, https:\/\/peaksofthebalkans.at\/wp-content\/uploads\/2019\/01\/6fin_1_orig-300x155.png 300w, https:\/\/peaksofthebalkans.at\/wp-content\/uploads\/2019\/01\/6fin_1_orig-768x397.png 768w, https:\/\/peaksofthebalkans.at\/wp-content\/uploads\/2019\/01\/6fin_1_orig-1024x530.png 1024w, https:\/\/peaksofthebalkans.at\/wp-content\/uploads\/2019\/01\/6fin_1_orig-1080x559.png 1080w\" sizes=\"(max-width: 1164px) 100vw, 1164px\" \/>\t\t\t\t\t\t\t\t\t\t\t\t\t\t\t<\/div>\n\t\t\t\t<div class=\"elementor-element elementor-element-6c71596 elementor-align-center elementor-widget elementor-widget-button\" data-id=\"6c71596\" data-element_type=\"widget\" data-e-type=\"widget\" data-widget_type=\"button.default\">\n\t\t\t\t\t\t\t\t\t\t<a class=\"elementor-button elementor-button-link elementor-size-sm elementor-animation-float\" href=\"https:\/\/www.abenteueralbanien.de\/peaks-of-the-balkans-5-10-days\/\" target=\"_blank\" rel=\"noopener\">\n\t\t\t\t\t\t<span class=\"elementor-button-content-wrapper\">\n\t\t\t\t\t\t\t\t\t<span class=\"elementor-button-text\">Prenotazione del sentiero delle cime dei Balcani<\/span>\n\t\t\t\t\t<\/span>\n\t\t\t\t\t<\/a>\n\t\t\t\t\t\t\t\t<\/div>\n\t\t\t\t<div class=\"elementor-element elementor-element-319e50f elementor-widget elementor-widget-text-editor\" data-id=\"319e50f\" data-element_type=\"widget\" data-e-type=\"widget\" data-widget_type=\"text-editor.default\">\n\t\t\t\t\t\t\t\t\t<p>L'escursione inizia con una salita verso nord-ovest attraverso il prato dietro Mustafa.<br \/>La pensione di Hakaj (WP 15d). Non appena ci si avvicina ai pini, si gira a destra<br \/>(verso est) su una mulattiera. Il sentiero \u00e8 fiancheggiato da una staccionata alla nostra destra e da alcune<br \/>Pochi metri dopo, all'incrocio, giriamo a sinistra (SS 1e). Dopo poche centinaia di<br \/>metri in direzione nord-est si giunge ad un prato con una bella vista<\/p><p>Reka e Allag\u0451s e le montagne circostanti.<br \/>Alla SS 2e si attraversa il sentiero dei campi e si segue la salita verso nord-ovest attraverso il bosco.<br \/>Foresta. All'incrocio giriamo a sinistra (SS 3e) e poi seguiamo la strada in direzione nord fino a raggiungere<br \/>uscire dal bosco e raggiungere un bel prato e un alloggio turistico (WP 5e). Si tratta di un<br \/>luogo invitante per rilassarsi.<\/p><p>Da qui si segue una strada sterrata in direzione ovest fino al villaggio di Pepaj. Sulla strada per Pepaj<br \/>lungo la strada ci sono due fonti d'acqua. All'incrocio tra le SS 6e e 7e<br \/>girare a sinistra e la discesa verso il villaggio di Pepaj \u00e8 visibile da entrambe le posizioni. Dopo<br \/>Dopo circa 1 chilometro vediamo il cimitero (SS 8e) e giriamo a sinistra.<br \/>Pochi metri dopo, all'incrocio, si gira a destra. La discesa \u00e8 molto dolce su una strada sterrata,<br \/>che non \u00e8 pi\u00f9 percorsa dalle auto; il traffico automobilistico \u00e8 stato spostato su una pi\u00f9 recente<br \/>strada. Seguendo questa strada per alcuni chilometri, si raggiunge il villaggio di Drelaj (SS 9e).<br \/>e da qui si gira a destra all'incrocio. Proseguiamo verso sud-ovest attraverso la<br \/>villaggio lungo una strada fiancheggiata da recinzioni. Questa strada ci conduce alla fine del villaggio, un ponte<br \/>(SS10). Attraversiamo il ponte e seguiamo una strada ghiaiosa che costeggia la<br \/>fiume verso nord in una bellissima gola.<\/p><p>Se volete terminare questa escursione, potete girare a sinistra dopo aver attraversato il ponte e camminare per circa 30 minuti.<br \/>. Dopo 1 km si arriva alla strada principale. Qui si pu\u00f2 prendere una<br \/>Noleggiare un taxi per Ku\u00e7isht\u0451 (WP 20e).<\/p><p>Mantenere la sinistra all'incrocio della SS 11e e seguire la strada sterrata in salita verso nord-ovest.<br \/>Quando arriviamo a Dugaiv\u0451 (SS 14e), non prendiamo nessuna strada sterrata;<br \/>Seguiamo invece il sentiero verso sud-ovest lungo un prato, poi verso sud fino al bosco. Seguiamo il sentiero<br \/>a sud della SS 15e e circa 200 metri pi\u00f9 avanti iniziamo la discesa su una<br \/>Mulattiera attraverso la foresta che ci porta al villaggio di Ku\u00e7isht\u0451 (WP 16e). Nel<br \/>villaggio, prendiamo la strada sterrata e proseguiamo in direzione sud-ovest fino a raggiungere<br \/>incontrare la strada asfaltata presso il ponte (SS 17e).<\/p><p>In questo villaggio vale la pena di visitare la chiesa cattolica, che si trova sul luogo chiamato \"Collina della Chiesa\".<br \/>(chiedete alla gente del posto una guida o indicazioni). Le rovine di questa chiesa<br \/>rappresentano uno dei monumenti pi\u00f9 preziosi della Rugova medievale.<br \/>Per raggiungere l'hotel Guri i Kuq (il punto pi\u00f9 vicino al punto di partenza della prossima escursione),<br \/>seguire la strada in direzione sud per circa 3,8 chilometri, quindi svoltare a sinistra all'incrocio con la SS 18e<br \/>e 19e girare a sinistra.<\/p>\t\t\t\t\t\t\t\t<\/div>\n\t\t\t\t\t<\/div>\n\t\t<\/div>\n\t\t\t\t\t<\/div>\n\t\t<\/section>\n\t\t\t\t\t<\/div>\n\t\t<\/div>\n\t\t\t\t\t<\/div>\n\t\t<\/section>\n\t\t\t\t<section class=\"elementor-section elementor-top-section elementor-element elementor-element-cd1c0a1 elementor-section-boxed elementor-section-height-default elementor-section-height-default\" data-id=\"cd1c0a1\" data-element_type=\"section\" data-e-type=\"section\">\n\t\t\t\t\t\t<div class=\"elementor-container elementor-column-gap-default\">\n\t\t\t\t\t<div class=\"elementor-column elementor-col-100 elementor-top-column elementor-element elementor-element-43850cf\" data-id=\"43850cf\" data-element_type=\"column\" data-e-type=\"column\">\n\t\t\t<div class=\"elementor-widget-wrap elementor-element-populated\">\n\t\t\t\t\t\t<div class=\"elementor-element elementor-element-b730ac7 elementor-align-center elementor-widget elementor-widget-button\" data-id=\"b730ac7\" data-element_type=\"widget\" data-e-type=\"widget\" data-widget_type=\"button.default\">\n\t\t\t\t\t\t\t\t\t\t<a class=\"elementor-button elementor-button-link elementor-size-sm elementor-animation-float\" href=\"https:\/\/www.abenteueralbanien.de\/peaks-of-the-balkans-5-10-days\/\" target=\"_blank\" rel=\"noopener\">\n\t\t\t\t\t\t<span class=\"elementor-button-content-wrapper\">\n\t\t\t\t\t\t\t\t\t<span class=\"elementor-button-text\">Prenotazione del sentiero delle cime dei Balcani<\/span>\n\t\t\t\t\t<\/span>\n\t\t\t\t\t<\/a>\n\t\t\t\t\t\t\t\t<\/div>\n\t\t\t\t\t<\/div>\n\t\t<\/div>\n\t\t\t\t\t<\/div>\n\t\t<\/section>\n\t\t\t\t<\/div>","protected":false},"excerpt":{"rendered":"<p>Escursione Reka e Allag\u0451s, Kosovo - Pepaj, Kosovo - Drelaj, Kosovo - Ku\u00e7isht\u0451 (Guri i Kuq), Kosovo, distanza: 23 chilometri, tempo: 8-9 ore<\/p>","protected":false},"author":6,"featured_media":267,"parent":0,"menu_order":0,"comment_status":"closed","ping_status":"closed","template":"","meta":{"footnotes":""},"class_list":["post-11878","page","type-page","status-publish","has-post-thumbnail","hentry"],"_links":{"self":[{"href":"https:\/\/peaksofthebalkans.at\/it\/wp-json\/wp\/v2\/pages\/11878","targetHints":{"allow":["GET"]}}],"collection":[{"href":"https:\/\/peaksofthebalkans.at\/it\/wp-json\/wp\/v2\/pages"}],"about":[{"href":"https:\/\/peaksofthebalkans.at\/it\/wp-json\/wp\/v2\/types\/page"}],"author":[{"embeddable":true,"href":"https:\/\/peaksofthebalkans.at\/it\/wp-json\/wp\/v2\/users\/6"}],"replies":[{"embeddable":true,"href":"https:\/\/peaksofthebalkans.at\/it\/wp-json\/wp\/v2\/comments?post=11878"}],"version-history":[{"count":41,"href":"https:\/\/peaksofthebalkans.at\/it\/wp-json\/wp\/v2\/pages\/11878\/revisions"}],"predecessor-version":[{"id":15736,"href":"https:\/\/peaksofthebalkans.at\/it\/wp-json\/wp\/v2\/pages\/11878\/revisions\/15736"}],"wp:featuredmedia":[{"embeddable":true,"href":"https:\/\/peaksofthebalkans.at\/it\/wp-json\/wp\/v2\/media\/267"}],"wp:attachment":[{"href":"https:\/\/peaksofthebalkans.at\/it\/wp-json\/wp\/v2\/media?parent=11878"}],"curies":[{"name":"wp","href":"https:\/\/api.w.org\/{rel}","templated":true}]}}