{"id":11875,"date":"2024-02-08T08:25:27","date_gmt":"2024-02-08T07:25:27","guid":{"rendered":"https:\/\/project.howdymeta.com\/?page_id=11875"},"modified":"2026-03-11T10:49:07","modified_gmt":"2026-03-11T09:49:07","slug":"fase-7","status":"publish","type":"page","link":"https:\/\/peaksofthebalkans.at\/it\/etappe-7\/","title":{"rendered":"Tappa 7 Leqinat i Ku\u00e7isht\u0451s (Guri i Kuq) - Babino Polje"},"content":{"rendered":"<div data-elementor-type=\"wp-page\" data-elementor-id=\"11875\" class=\"elementor elementor-11875\" data-elementor-post-type=\"page\">\n\t\t\t\t\t\t<section class=\"elementor-section elementor-top-section elementor-element elementor-element-8270a25 elementor-section-height-min-height elementor-section-boxed elementor-section-height-default elementor-section-items-middle\" data-id=\"8270a25\" data-element_type=\"section\" data-e-type=\"section\" data-settings=\"{&quot;background_background&quot;:&quot;classic&quot;}\">\n\t\t\t\t\t\t<div class=\"elementor-container elementor-column-gap-no\">\n\t\t\t\t\t<div class=\"elementor-column elementor-col-100 elementor-top-column elementor-element elementor-element-0e8f7d6\" data-id=\"0e8f7d6\" data-element_type=\"column\" data-e-type=\"column\">\n\t\t\t<div class=\"elementor-widget-wrap elementor-element-populated\">\n\t\t\t\t\t\t<div class=\"elementor-element elementor-element-7095bff elementor-widget elementor-widget-heading\" data-id=\"7095bff\" data-element_type=\"widget\" data-e-type=\"widget\" data-widget_type=\"heading.default\">\n\t\t\t\t\t<h1 class=\"elementor-heading-title elementor-size-default\">LE PICCHE DEI BALCANI - Tappa 7: da Guri i Kuq a Babino Polje<\/h1>\t\t\t\t<\/div>\n\t\t\t\t\t<\/div>\n\t\t<\/div>\n\t\t\t\t\t<\/div>\n\t\t<\/section>\n\t\t\t\t<section class=\"elementor-section elementor-top-section elementor-element elementor-element-3986ae7 elementor-section-boxed elementor-section-height-default elementor-section-height-default\" data-id=\"3986ae7\" data-element_type=\"section\" data-e-type=\"section\">\n\t\t\t\t\t\t<div class=\"elementor-container elementor-column-gap-default\">\n\t\t\t\t\t<div class=\"elementor-column elementor-col-100 elementor-top-column elementor-element elementor-element-225f04d\" data-id=\"225f04d\" data-element_type=\"column\" data-e-type=\"column\">\n\t\t\t<div class=\"elementor-widget-wrap elementor-element-populated\">\n\t\t\t\t\t\t<section class=\"elementor-section elementor-inner-section elementor-element elementor-element-1606c81 elementor-section-boxed elementor-section-height-default elementor-section-height-default\" data-id=\"1606c81\" data-element_type=\"section\" data-e-type=\"section\">\n\t\t\t\t\t\t<div class=\"elementor-container elementor-column-gap-default\">\n\t\t\t\t\t<div class=\"elementor-column elementor-col-100 elementor-inner-column elementor-element elementor-element-fcc40d9\" data-id=\"fcc40d9\" data-element_type=\"column\" data-e-type=\"column\">\n\t\t\t<div class=\"elementor-widget-wrap elementor-element-populated\">\n\t\t\t\t\t\t<div class=\"elementor-element elementor-element-d317b07 elementor-widget elementor-widget-heading\" data-id=\"d317b07\" data-element_type=\"widget\" data-e-type=\"widget\" data-widget_type=\"heading.default\">\n\t\t\t\t\t<h2 class=\"elementor-heading-title elementor-size-default\">Escursione Leqinat i Ku\u00e7isht\u0451s (Guri i Kuq), Kosovo - Babino Polje, Montenegro<\/h2>\t\t\t\t<\/div>\n\t\t\t\t<div class=\"elementor-element elementor-element-2ea5480 elementor-widget elementor-widget-text-editor\" data-id=\"2ea5480\" data-element_type=\"widget\" data-e-type=\"widget\" data-widget_type=\"text-editor.default\">\n\t\t\t\t\t\t\t\t\t<p>Distanza del percorso: 15,8 chilometri<br \/>Altezza minima: 1.438 metri Altezza massima: 2.276 metri<br \/>Altitudine metri in salita: 1.151 metri, in discesa: 1.109 metri<br \/>Livello di difficolt\u00e0: moderato<br \/>Durata: 7-8 ore<br \/>Marcature di confine: rosso\/bianco\/rosso dal confine a Babino<br \/>Polje: cerchio rosso\/riempimento bianco<\/p><p>\u00a0<\/p><h3>Cime dei Balcani tappa 7 Percorso e metri di altitudine<\/h3>\t\t\t\t\t\t\t\t<\/div>\n\t\t\t\t<div class=\"elementor-element elementor-element-14e725d elementor-widget elementor-widget-image\" data-id=\"14e725d\" data-element_type=\"widget\" data-e-type=\"widget\" data-widget_type=\"image.default\">\n\t\t\t\t\t\t\t\t\t\t\t\t\t\t\t<img fetchpriority=\"high\" decoding=\"async\" width=\"1157\" height=\"597\" src=\"https:\/\/peaksofthebalkans.at\/wp-content\/uploads\/2019\/01\/7fin_orig.png\" class=\"attachment-full size-full wp-image-274\" alt=\"Ku\u00e7isht\u0451 - Babino Polje, profilo altimetrico\" srcset=\"https:\/\/peaksofthebalkans.at\/wp-content\/uploads\/2019\/01\/7fin_orig.png 1157w, https:\/\/peaksofthebalkans.at\/wp-content\/uploads\/2019\/01\/7fin_orig-300x155.png 300w, https:\/\/peaksofthebalkans.at\/wp-content\/uploads\/2019\/01\/7fin_orig-768x396.png 768w, https:\/\/peaksofthebalkans.at\/wp-content\/uploads\/2019\/01\/7fin_orig-1024x528.png 1024w, https:\/\/peaksofthebalkans.at\/wp-content\/uploads\/2019\/01\/7fin_orig-1080x557.png 1080w\" sizes=\"(max-width: 1157px) 100vw, 1157px\" \/>\t\t\t\t\t\t\t\t\t\t\t\t\t\t\t<\/div>\n\t\t\t\t<div class=\"elementor-element elementor-element-3398681 elementor-widget elementor-widget-text-editor\" data-id=\"3398681\" data-element_type=\"widget\" data-e-type=\"widget\" data-widget_type=\"text-editor.default\">\n\t\t\t\t\t\t\t\t\t<p>In questa giornata \u00e8 prevista un'escursione di trasferimento a Babino Polje, in Montenegro. Si tratta di un'escursione relativamente lunga che attraversa il confine tra Kosovo e Montenegro.<\/p><p>L'itinerario attraversa splendide regioni montane con numerose sorgenti d'acqua, laghi glaciali e<br \/>Passi di montagna con punti panoramici mozzafiato.<\/p><p>Da Guri i Kuq a Babino Polje non ci sono strutture ricettive\/villaggi lungo il percorso, ma \u00e8 possibile campeggiare. Si consiglia di campeggiare al passo Lugu i Shkodres (WP 4f ) o tra il passo Jelenka e il passo Ravno Brdo - vicino al piccolo lago (WP 7f ).<\/p><p>Se si decide di dividere questa escursione in due sezioni, il primo giorno sarebbe prevalentemente in salita e il secondo in discesa. Tenendo conto della divisione del sentiero WP 7f, la lunghezza del primo giorno \u00e8 di 7,4 km e quella del secondo di 8,4 km. Si noti che in Montenegro non \u00e8 consentito campeggiare al di fuori dei campeggi organizzati.<\/p><p>Dal complesso Guri i Kuq (WP 20e), il sentiero sale leggermente verso sud lungo una strada sterrata, che poi si trasforma in un sentiero escursionistico contrassegnato da cerchi rossi. Dopo circa 2,2 chilometri di salita, si raggiunge un bellissimo lago glaciale. Gli abitanti del luogo lo chiamano Liqeni i Ku\u00e7isht\u0451s (WP 1f ). Il nostro percorso si snoda per circa 500 metri verso nord-ovest e poi verso sud-ovest. Pochi metri pi\u00f9 avanti, raggiungiamo una fonte d'acqua (WP 2f ) e un lago glaciale chiamato Liqeni i Drelajve (WP 3f ).<\/p><p>Fino a questo punto, il sentiero \u00e8 ben visibile, ma dopo aver superato il secondo lago glaciale, il sentiero diventa meno evidente e richiede una buona capacit\u00e0 di giudizio.<br \/>Competenze. Per questa parte dell'escursione si consiglia di utilizzare un dispositivo GPS o una guida locale.<\/p><p>Da Liqeni i Drelajve, il sentiero sale in direzione sud-ovest fino al passo Lugu i Shkodr\u0451s (WP 4f ). Il passo si chiama Lugu i Shkodr\u0451s (Passo di Scutari) perch\u00e9 un tempo era chiamato<br \/>perch\u00e9 era il passo di un'antica strada che collegava questa zona con la citt\u00e0 di Scutari in Albania.<\/p><p>Presso il passo Lugu i Shkodr\u0451s (SS 5f ) si trova una fonte d'acqua. Il nostro sentiero escursionistico conduce in direzione sud per circa 400 metri in salita, fino a raggiungere il passo Jelenka (WP 6f ). Da qui si vede la valle di Babino Polje. Iniziamo l'escursione in direzione sud-est in discesa e dopo circa 1,5 chilometri vediamo un piccolo lago artificiale (WP 7f ). Gli abitanti del luogo lo usano come riserva d'acqua per asini, cavalli ecc. Da qui, il sentiero corre verso sud-ovest attraverso un terreno quasi pianeggiante fino a raggiungere il passo Ravno Brdo (SS 8f ). Dal passo di Ravno Brdo si gode di una vista molto chiara e bella sul villaggio di Babino Polje.<\/p><p>Il sentiero non \u00e8 sempre visibile a causa dell'erba lunga, ma non \u00e8 difficile raggiungere il villaggio perch\u00e9 lo vediamo chiaramente. Il sentiero prosegue in discesa e si vedono molte capanne di pastori (SS 9f ). Dopo circa 1 chilometro di discesa, raggiungiamo il villaggio. Dopo aver attraversato il ponte (SS 10f ), si prosegue in direzione nord-ovest su una strada non asfaltata. Babino Polje \u00e8 un bellissimo<br \/>\u00c8 possibile pernottare ed \u00e8 facile trovare una sistemazione.<\/p>\t\t\t\t\t\t\t\t<\/div>\n\t\t\t\t\t<\/div>\n\t\t<\/div>\n\t\t\t\t\t<\/div>\n\t\t<\/section>\n\t\t\t\t\t<\/div>\n\t\t<\/div>\n\t\t\t\t\t<\/div>\n\t\t<\/section>\n\t\t\t\t<section class=\"elementor-section elementor-top-section elementor-element elementor-element-e3b9a79 elementor-section-boxed elementor-section-height-default elementor-section-height-default\" data-id=\"e3b9a79\" data-element_type=\"section\" data-e-type=\"section\">\n\t\t\t\t\t\t<div class=\"elementor-container elementor-column-gap-default\">\n\t\t\t\t\t<div class=\"elementor-column elementor-col-100 elementor-top-column elementor-element elementor-element-3a97c78\" data-id=\"3a97c78\" data-element_type=\"column\" data-e-type=\"column\">\n\t\t\t<div class=\"elementor-widget-wrap elementor-element-populated\">\n\t\t\t\t\t\t<div class=\"elementor-element elementor-element-4a67112 elementor-align-center elementor-widget elementor-widget-button\" data-id=\"4a67112\" data-element_type=\"widget\" data-e-type=\"widget\" data-widget_type=\"button.default\">\n\t\t\t\t\t\t\t\t\t\t<a class=\"elementor-button elementor-button-link elementor-size-sm elementor-animation-float\" href=\"https:\/\/www.abenteueralbanien.de\/peaks-of-the-balkans-5-10-days\/\" target=\"_blank\" rel=\"noopener\">\n\t\t\t\t\t\t<span class=\"elementor-button-content-wrapper\">\n\t\t\t\t\t\t\t\t\t<span class=\"elementor-button-text\">Prenotazione del sentiero delle cime dei Balcani<\/span>\n\t\t\t\t\t<\/span>\n\t\t\t\t\t<\/a>\n\t\t\t\t\t\t\t\t<\/div>\n\t\t\t\t\t<\/div>\n\t\t<\/div>\n\t\t\t\t\t<\/div>\n\t\t<\/section>\n\t\t\t\t<\/div>","protected":false},"excerpt":{"rendered":"<p>PEAKS OF THE BALKANS &#8211; Etappe 7: Von Guri i Kuq nach Babino Polje Wanderung Leqinat i Ku\u00e7isht\u0451s (Guri i Kuq), Kosovo \u2013 Babino Polje, Montenegro Entfernung des Weges: 15,8 KilometerMindesth\u00f6he: 1.438 Meter Maximalh\u00f6he: 2.276 MeterH\u00f6henmeter bergauf: 1.151 Meter, bergab: 1.109 MeterSchwierigkeitsgrad: MittelschwerDauer: 7-8 StundenMarkierungen zur Grenze: rot\/wei\u00df\/rot von der Grenze bis BabinoPolje: roter Kreis\/wei\u00dfe [&hellip;]<\/p>\n","protected":false},"author":6,"featured_media":1075,"parent":0,"menu_order":0,"comment_status":"closed","ping_status":"closed","template":"elementor_header_footer","meta":{"footnotes":""},"class_list":["post-11875","page","type-page","status-publish","has-post-thumbnail","hentry"],"_links":{"self":[{"href":"https:\/\/peaksofthebalkans.at\/it\/wp-json\/wp\/v2\/pages\/11875","targetHints":{"allow":["GET"]}}],"collection":[{"href":"https:\/\/peaksofthebalkans.at\/it\/wp-json\/wp\/v2\/pages"}],"about":[{"href":"https:\/\/peaksofthebalkans.at\/it\/wp-json\/wp\/v2\/types\/page"}],"author":[{"embeddable":true,"href":"https:\/\/peaksofthebalkans.at\/it\/wp-json\/wp\/v2\/users\/6"}],"replies":[{"embeddable":true,"href":"https:\/\/peaksofthebalkans.at\/it\/wp-json\/wp\/v2\/comments?post=11875"}],"version-history":[{"count":28,"href":"https:\/\/peaksofthebalkans.at\/it\/wp-json\/wp\/v2\/pages\/11875\/revisions"}],"predecessor-version":[{"id":15972,"href":"https:\/\/peaksofthebalkans.at\/it\/wp-json\/wp\/v2\/pages\/11875\/revisions\/15972"}],"wp:featuredmedia":[{"embeddable":true,"href":"https:\/\/peaksofthebalkans.at\/it\/wp-json\/wp\/v2\/media\/1075"}],"wp:attachment":[{"href":"https:\/\/peaksofthebalkans.at\/it\/wp-json\/wp\/v2\/media?parent=11875"}],"curies":[{"name":"wp","href":"https:\/\/api.w.org\/{rel}","templated":true}]}}