{"id":11838,"date":"2024-02-04T22:44:30","date_gmt":"2024-02-04T21:44:30","guid":{"rendered":"https:\/\/project.howdymeta.com\/?page_id=11838"},"modified":"2026-03-07T11:10:57","modified_gmt":"2026-03-07T10:10:57","slug":"tappa-8-babino-polje-plav","status":"publish","type":"page","link":"https:\/\/peaksofthebalkans.at\/it\/etappe-8-babino-polje-plav\/","title":{"rendered":"Cime dei Balcani tappa 8: Babino Polje - Plav"},"content":{"rendered":"<div data-elementor-type=\"wp-page\" data-elementor-id=\"11838\" class=\"elementor elementor-11838\" data-elementor-post-type=\"page\">\n\t\t\t\t\t\t<section class=\"elementor-section elementor-top-section elementor-element elementor-element-0577b7d elementor-section-height-min-height elementor-section-boxed elementor-section-height-default elementor-section-items-middle\" data-id=\"0577b7d\" data-element_type=\"section\" data-e-type=\"section\" data-settings=\"{&quot;background_background&quot;:&quot;classic&quot;}\">\n\t\t\t\t\t\t<div class=\"elementor-container elementor-column-gap-no\">\n\t\t\t\t\t<div class=\"elementor-column elementor-col-100 elementor-top-column elementor-element elementor-element-29ef007\" data-id=\"29ef007\" data-element_type=\"column\" data-e-type=\"column\">\n\t\t\t<div class=\"elementor-widget-wrap elementor-element-populated\">\n\t\t\t\t\t\t<div class=\"elementor-element elementor-element-4c91e8c elementor-widget elementor-widget-heading\" data-id=\"4c91e8c\" data-element_type=\"widget\" data-e-type=\"widget\" data-widget_type=\"heading.default\">\n\t\t\t\t\t<h1 class=\"elementor-heading-title elementor-size-default\">Cime dei Balcani tappa 8: Babino Polje - Plav<\/h1>\t\t\t\t<\/div>\n\t\t\t\t\t<\/div>\n\t\t<\/div>\n\t\t\t\t\t<\/div>\n\t\t<\/section>\n\t\t\t\t<section class=\"elementor-section elementor-top-section elementor-element elementor-element-904394b elementor-section-boxed elementor-section-height-default elementor-section-height-default\" data-id=\"904394b\" data-element_type=\"section\" data-e-type=\"section\">\n\t\t\t\t\t\t<div class=\"elementor-container elementor-column-gap-default\">\n\t\t\t\t\t<div class=\"elementor-column elementor-col-100 elementor-top-column elementor-element elementor-element-5eeb229\" data-id=\"5eeb229\" data-element_type=\"column\" data-e-type=\"column\">\n\t\t\t<div class=\"elementor-widget-wrap elementor-element-populated\">\n\t\t\t\t\t\t<section class=\"elementor-section elementor-inner-section elementor-element elementor-element-a873c8c elementor-section-boxed elementor-section-height-default elementor-section-height-default\" data-id=\"a873c8c\" data-element_type=\"section\" data-e-type=\"section\">\n\t\t\t\t\t\t<div class=\"elementor-container elementor-column-gap-default\">\n\t\t\t\t\t<div class=\"elementor-column elementor-col-100 elementor-inner-column elementor-element elementor-element-17dd19c\" data-id=\"17dd19c\" data-element_type=\"column\" data-e-type=\"column\">\n\t\t\t<div class=\"elementor-widget-wrap elementor-element-populated\">\n\t\t\t\t\t\t<div class=\"elementor-element elementor-element-53e38bd elementor-widget elementor-widget-heading\" data-id=\"53e38bd\" data-element_type=\"widget\" data-e-type=\"widget\" data-widget_type=\"heading.default\">\n\t\t\t\t\t<h2 class=\"elementor-heading-title elementor-size-default\">Tappa 8: Escursione a Babino Polje, - Lago Hrid - Plav<\/h2>\t\t\t\t<\/div>\n\t\t\t\t<div class=\"elementor-element elementor-element-3f9088f elementor-widget elementor-widget-text-editor\" data-id=\"3f9088f\" data-element_type=\"widget\" data-e-type=\"widget\" data-widget_type=\"text-editor.default\">\n\t\t\t\t\t\t\t\t\t<p>Distanza del percorso: 20,31 chilometri<br \/>Altitudine min: 953 metri max: 2.068 metri<br \/>Altitudine metri in salita: 719 metri, in discesa: 1.250 metri<br \/>Livello di difficolt\u00e0: moderato<br \/>Tempo: 7-8 ore<br \/>Marcatura: cerchio rosso\/riempimento bianco<\/p><h3>Cime dei Balcani tappa 8: mappa e profilo altimetrico<\/h3>\t\t\t\t\t\t\t\t<\/div>\n\t\t\t\t<div class=\"elementor-element elementor-element-a93d5f8 elementor-widget elementor-widget-image\" data-id=\"a93d5f8\" data-element_type=\"widget\" data-e-type=\"widget\" data-widget_type=\"image.default\">\n\t\t\t\t\t\t\t\t\t\t\t\t\t\t\t<img fetchpriority=\"high\" decoding=\"async\" width=\"1156\" height=\"598\" src=\"https:\/\/peaksofthebalkans.at\/wp-content\/uploads\/2019\/01\/8fin_orig.png\" class=\"attachment-full size-full wp-image-282\" alt=\"Cime dei Balcani tappa 8: mappa e profilo altimetrico\" srcset=\"https:\/\/peaksofthebalkans.at\/wp-content\/uploads\/2019\/01\/8fin_orig.png 1156w, https:\/\/peaksofthebalkans.at\/wp-content\/uploads\/2019\/01\/8fin_orig-300x155.png 300w, https:\/\/peaksofthebalkans.at\/wp-content\/uploads\/2019\/01\/8fin_orig-768x397.png 768w, https:\/\/peaksofthebalkans.at\/wp-content\/uploads\/2019\/01\/8fin_orig-1024x530.png 1024w, https:\/\/peaksofthebalkans.at\/wp-content\/uploads\/2019\/01\/8fin_orig-1080x559.png 1080w\" sizes=\"(max-width: 1156px) 100vw, 1156px\" \/>\t\t\t\t\t\t\t\t\t\t\t\t\t\t\t<\/div>\n\t\t\t\t<div class=\"elementor-element elementor-element-0d7df74 elementor-align-center elementor-widget elementor-widget-button\" data-id=\"0d7df74\" data-element_type=\"widget\" data-e-type=\"widget\" data-widget_type=\"button.default\">\n\t\t\t\t\t\t\t\t\t\t<a class=\"elementor-button elementor-button-link elementor-size-sm elementor-animation-float\" href=\"https:\/\/www.abenteueralbanien.de\/peaks-of-the-balkans-5-10-days\/\" target=\"_blank\" rel=\"noopener\">\n\t\t\t\t\t\t<span class=\"elementor-button-content-wrapper\">\n\t\t\t\t\t\t\t\t\t<span class=\"elementor-button-text\">Prenotazione del sentiero delle cime dei Balcani<\/span>\n\t\t\t\t\t<\/span>\n\t\t\t\t\t<\/a>\n\t\t\t\t\t\t\t\t<\/div>\n\t\t\t\t<div class=\"elementor-element elementor-element-7c7e25d elementor-widget elementor-widget-text-editor\" data-id=\"7c7e25d\" data-element_type=\"widget\" data-e-type=\"widget\" data-widget_type=\"text-editor.default\">\n\t\t\t\t\t\t\t\t\t<p>L'escursione da Babino Polje a Plav \u00e8 un tratto leggermente pi\u00f9 lungo. L'escursione conduce al bellissimo lago Hrid e termina nella citt\u00e0 di Plav.<\/p><p>Il modo migliore per dividere questa escursione di un giorno in due tappe \u00e8 quello di passare la notte a Treskavi\u010dki Katun\/Katun Treskavica (punto di passaggio 4g), dove la distanza \u00e8<br \/>12,1 km il primo giorno e 8,2 km il secondo giorno. A Treskavi\u010dki Katun ci sono pastori in estate (da fine giugno a fine settembre) da cui \u00e8 possibile ottenere cibo fresco ed eventualmente anche un alloggio per la notte. Se si divide questa escursione, il primo giorno sarebbe principalmente una salita e il secondo un'escursione.<br \/>e il secondo giorno sarebbe stata la discesa verso la citt\u00e0 di Plav.<\/p><p>Si parte dall'incrocio di Babino Polje (300 metri a sud-est dell'edificio).<br \/>Rifugi Eco \"Hrid\", punto di passaggio 11f ), il sentiero prosegue attraverso il bosco<br \/>a Katun Bajrovica, dove si possono acquistare specialit\u00e0 fatte in casa.<\/p><p>Da l\u00ec, il sentiero escursionistico prosegue verso ovest da Tepsijica lungo il fiume Hridska Rijeka fino alla sponda orientale del fiume Hrid (a oltre 1800 metri di altitudine, punto di passaggio 1g). Il lago pu\u00f2 essere circumnavigato e la sua parte occidentale offre punti panoramici particolarmente belli. Il lago di Hrid \u00e8 una riserva naturale (il pi\u00f9 alto livello di protezione) all'interno del Parco nazionale di Prokletije e non \u00e8 consentito il campeggio.<\/p><p>Il sentiero prosegue fino a un altro punto panoramico, Sacirov vrh (Picco di Sacirov). Il punto successivo \u00e8 Veliki Hrid (punto 2g, 2011 m), seguito dallo sperone roccioso di Veliki Hrid (numero 540 della rete sentieristica nazionale). Si segue poi la collina di Trskavica in discesa, passando per le capanne estive del Katun Treskavica (Katun Temnjak, waypoint 4g). Lungo il fiume Treskavicka si trova una strada forestale che si attraversa in direzione di Kofilajca. Il sentiero prosegue lungo il margine settentrionale di Kofiljaca e supera il Redzov dol per uscire dalla foresta a Korita.<\/p><p>Da l\u00ec, il percorso prosegue su una strada sterrata, seguita da<br \/>una strada asfaltata (punto 5g). Il sentiero si snoda lungo l'antica simmetria architettonica ottomana della citt\u00e0 e raggiunge la rotatoria nel centro di Plav (punto di passaggio 6g). A Plav \u00e8 possibile visitare la Redzepagica Kula (torre) e l'antica moschea in legno. Ci sono anche negozi di generi alimentari, aree di sosta e pernottamenti.<\/p>\t\t\t\t\t\t\t\t<\/div>\n\t\t\t\t\t<\/div>\n\t\t<\/div>\n\t\t\t\t\t<\/div>\n\t\t<\/section>\n\t\t\t\t\t<\/div>\n\t\t<\/div>\n\t\t\t\t\t<\/div>\n\t\t<\/section>\n\t\t\t\t<section class=\"elementor-section elementor-top-section elementor-element elementor-element-abb68f7 elementor-section-boxed elementor-section-height-default elementor-section-height-default\" data-id=\"abb68f7\" data-element_type=\"section\" data-e-type=\"section\">\n\t\t\t\t\t\t<div class=\"elementor-container elementor-column-gap-default\">\n\t\t\t\t\t<div class=\"elementor-column elementor-col-100 elementor-top-column elementor-element elementor-element-373d19e\" data-id=\"373d19e\" data-element_type=\"column\" data-e-type=\"column\">\n\t\t\t<div class=\"elementor-widget-wrap elementor-element-populated\">\n\t\t\t\t\t\t<div class=\"elementor-element elementor-element-4b439ba elementor-align-center elementor-widget elementor-widget-button\" data-id=\"4b439ba\" data-element_type=\"widget\" data-e-type=\"widget\" data-widget_type=\"button.default\">\n\t\t\t\t\t\t\t\t\t\t<a class=\"elementor-button elementor-button-link elementor-size-sm elementor-animation-float\" href=\"https:\/\/www.abenteueralbanien.de\/peaks-of-the-balkans-5-10-days\/\" target=\"_blank\" rel=\"noopener\">\n\t\t\t\t\t\t<span class=\"elementor-button-content-wrapper\">\n\t\t\t\t\t\t\t\t\t<span class=\"elementor-button-text\">Prenotazione del sentiero delle cime dei Balcani<\/span>\n\t\t\t\t\t<\/span>\n\t\t\t\t\t<\/a>\n\t\t\t\t\t\t\t\t<\/div>\n\t\t\t\t\t<\/div>\n\t\t<\/div>\n\t\t\t\t\t<\/div>\n\t\t<\/section>\n\t\t\t\t<\/div>","protected":false},"excerpt":{"rendered":"<p>Tappa 8: L'escursione da Babino Polje a Plav \u00e8 un tratto leggermente pi\u00f9 lungo. L'escursione conduce al bellissimo lago Hrid e termina nella citt\u00e0 di Plav. <\/p>","protected":false},"author":6,"featured_media":443,"parent":0,"menu_order":0,"comment_status":"closed","ping_status":"closed","template":"elementor_header_footer","meta":{"footnotes":""},"class_list":["post-11838","page","type-page","status-publish","has-post-thumbnail","hentry"],"_links":{"self":[{"href":"https:\/\/peaksofthebalkans.at\/it\/wp-json\/wp\/v2\/pages\/11838","targetHints":{"allow":["GET"]}}],"collection":[{"href":"https:\/\/peaksofthebalkans.at\/it\/wp-json\/wp\/v2\/pages"}],"about":[{"href":"https:\/\/peaksofthebalkans.at\/it\/wp-json\/wp\/v2\/types\/page"}],"author":[{"embeddable":true,"href":"https:\/\/peaksofthebalkans.at\/it\/wp-json\/wp\/v2\/users\/6"}],"replies":[{"embeddable":true,"href":"https:\/\/peaksofthebalkans.at\/it\/wp-json\/wp\/v2\/comments?post=11838"}],"version-history":[{"count":30,"href":"https:\/\/peaksofthebalkans.at\/it\/wp-json\/wp\/v2\/pages\/11838\/revisions"}],"predecessor-version":[{"id":15754,"href":"https:\/\/peaksofthebalkans.at\/it\/wp-json\/wp\/v2\/pages\/11838\/revisions\/15754"}],"wp:featuredmedia":[{"embeddable":true,"href":"https:\/\/peaksofthebalkans.at\/it\/wp-json\/wp\/v2\/media\/443"}],"wp:attachment":[{"href":"https:\/\/peaksofthebalkans.at\/it\/wp-json\/wp\/v2\/media?parent=11838"}],"curies":[{"name":"wp","href":"https:\/\/api.w.org\/{rel}","templated":true}]}}