{"id":11834,"date":"2024-02-04T22:43:30","date_gmt":"2024-02-04T21:43:30","guid":{"rendered":"https:\/\/project.howdymeta.com\/?page_id=11834"},"modified":"2026-03-07T11:02:03","modified_gmt":"2026-03-07T10:02:03","slug":"tappa-9-plav-vusanje","status":"publish","type":"page","link":"https:\/\/peaksofthebalkans.at\/it\/etappe-9-plav-vusanje\/","title":{"rendered":"LE PICCHE DEI BALCANI Tappa 9: Da Plav a Vusanje"},"content":{"rendered":"<div data-elementor-type=\"wp-page\" data-elementor-id=\"11834\" class=\"elementor elementor-11834\" data-elementor-post-type=\"page\">\n\t\t\t\t\t\t<section class=\"elementor-section elementor-top-section elementor-element elementor-element-193884b elementor-section-height-min-height elementor-section-boxed elementor-section-height-default elementor-section-items-middle\" data-id=\"193884b\" data-element_type=\"section\" data-e-type=\"section\" data-settings=\"{&quot;background_background&quot;:&quot;classic&quot;}\">\n\t\t\t\t\t\t<div class=\"elementor-container elementor-column-gap-no\">\n\t\t\t\t\t<div class=\"elementor-column elementor-col-100 elementor-top-column elementor-element elementor-element-2c237e3\" data-id=\"2c237e3\" data-element_type=\"column\" data-e-type=\"column\">\n\t\t\t<div class=\"elementor-widget-wrap elementor-element-populated\">\n\t\t\t\t\t\t<div class=\"elementor-element elementor-element-95c2bd4 elementor-widget elementor-widget-heading\" data-id=\"95c2bd4\" data-element_type=\"widget\" data-e-type=\"widget\" data-widget_type=\"heading.default\">\n\t\t\t\t\t<h1 class=\"elementor-heading-title elementor-size-default\">Cime dei Balcani tappa 9: Plav - Vusanje<\/h1>\t\t\t\t<\/div>\n\t\t\t\t\t<\/div>\n\t\t<\/div>\n\t\t\t\t\t<\/div>\n\t\t<\/section>\n\t\t\t\t<section class=\"elementor-section elementor-top-section elementor-element elementor-element-5c5d5c4 elementor-section-boxed elementor-section-height-default elementor-section-height-default\" data-id=\"5c5d5c4\" data-element_type=\"section\" data-e-type=\"section\">\n\t\t\t\t\t\t<div class=\"elementor-container elementor-column-gap-default\">\n\t\t\t\t\t<div class=\"elementor-column elementor-col-100 elementor-top-column elementor-element elementor-element-9394c64\" data-id=\"9394c64\" data-element_type=\"column\" data-e-type=\"column\">\n\t\t\t<div class=\"elementor-widget-wrap elementor-element-populated\">\n\t\t\t\t\t\t<section class=\"elementor-section elementor-inner-section elementor-element elementor-element-288589c elementor-section-boxed elementor-section-height-default elementor-section-height-default\" data-id=\"288589c\" data-element_type=\"section\" data-e-type=\"section\">\n\t\t\t\t\t\t<div class=\"elementor-container elementor-column-gap-default\">\n\t\t\t\t\t<div class=\"elementor-column elementor-col-100 elementor-inner-column elementor-element elementor-element-1822e74\" data-id=\"1822e74\" data-element_type=\"column\" data-e-type=\"column\">\n\t\t\t<div class=\"elementor-widget-wrap elementor-element-populated\">\n\t\t\t\t\t\t<div class=\"elementor-element elementor-element-2561dc2 elementor-widget elementor-widget-heading\" data-id=\"2561dc2\" data-element_type=\"widget\" data-e-type=\"widget\" data-widget_type=\"heading.default\">\n\t\t\t\t\t<h2 class=\"elementor-heading-title elementor-size-default\">Tappa 9: Escursione da Plav a Vusanje<\/h2>\t\t\t\t<\/div>\n\t\t\t\t<div class=\"elementor-element elementor-element-6585f0b elementor-widget elementor-widget-text-editor\" data-id=\"6585f0b\" data-element_type=\"widget\" data-e-type=\"widget\" data-widget_type=\"text-editor.default\">\n\t\t\t\t\t\t\t\t\t<p>Lunghezza dell'escursione: 27,4 chilometri<br \/>Altitudine minima: 968 metri; altitudine massima: 2.106 metri (cima del boro)<br \/>Difficolt\u00e0: media<br \/>Durata: circa 10 ore<br \/>Marcatura: cerchio rosso\/riempimento bianco\u00a0<\/p><p>\u00a0<\/p><h3>Cime dei Balcani tappa 9: mappa e profilo altimetrico<\/h3>\t\t\t\t\t\t\t\t<\/div>\n\t\t\t\t<div class=\"elementor-element elementor-element-de86713 elementor-widget elementor-widget-image\" data-id=\"de86713\" data-element_type=\"widget\" data-e-type=\"widget\" data-widget_type=\"image.default\">\n\t\t\t\t\t\t\t\t\t\t\t\t\t\t\t<img fetchpriority=\"high\" decoding=\"async\" width=\"1160\" height=\"599\" src=\"https:\/\/peaksofthebalkans.at\/wp-content\/uploads\/2019\/01\/9fin_orig.png\" class=\"attachment-full size-full wp-image-288\" alt=\"picchi-dei-balcani-stadio-9-plav-vusanje - Profilo di elevazione\" srcset=\"https:\/\/peaksofthebalkans.at\/wp-content\/uploads\/2019\/01\/9fin_orig.png 1160w, https:\/\/peaksofthebalkans.at\/wp-content\/uploads\/2019\/01\/9fin_orig-300x155.png 300w, https:\/\/peaksofthebalkans.at\/wp-content\/uploads\/2019\/01\/9fin_orig-768x397.png 768w, https:\/\/peaksofthebalkans.at\/wp-content\/uploads\/2019\/01\/9fin_orig-1024x529.png 1024w, https:\/\/peaksofthebalkans.at\/wp-content\/uploads\/2019\/01\/9fin_orig-1080x558.png 1080w\" sizes=\"(max-width: 1160px) 100vw, 1160px\" \/>\t\t\t\t\t\t\t\t\t\t\t\t\t\t\t<\/div>\n\t\t\t\t<div class=\"elementor-element elementor-element-8bd5734 elementor-align-center elementor-widget elementor-widget-button\" data-id=\"8bd5734\" data-element_type=\"widget\" data-e-type=\"widget\" data-widget_type=\"button.default\">\n\t\t\t\t\t\t\t\t\t\t<a class=\"elementor-button elementor-button-link elementor-size-sm elementor-animation-float\" href=\"https:\/\/www.abenteueralbanien.de\/peaks-of-the-balkans-5-10-days\/\" target=\"_blank\" rel=\"noopener\">\n\t\t\t\t\t\t<span class=\"elementor-button-content-wrapper\">\n\t\t\t\t\t\t\t\t\t<span class=\"elementor-button-text\">Prenotazione del sentiero delle cime dei Balcani<\/span>\n\t\t\t\t\t<\/span>\n\t\t\t\t\t<\/a>\n\t\t\t\t\t\t\t\t<\/div>\n\t\t\t\t<div class=\"elementor-element elementor-element-8911b46 elementor-widget elementor-widget-text-editor\" data-id=\"8911b46\" data-element_type=\"widget\" data-e-type=\"widget\" data-widget_type=\"text-editor.default\">\n\t\t\t\t\t\t\t\t\t<h2 class=\"elementor-heading-title elementor-size-default\" style=\"font-size: 28px;\">Escursione Plav - Vusanje<\/h2><p>Si tratta di una lunga escursione che parte dalla citt\u00e0 di Plav (968 m) e sale fino alla cima del Bor (2106 m).<br \/>e termina nel villaggio di Vusanje (1022 m).<\/p><p>Questa escursione pu\u00f2 essere divisa in due parti pernottando a Kolenovica Katun, dove in estate si trovano i pastori. Dal picco Bor si segue la cresta verso nord-ovest e si scende dalla sella dove si trova il lago Kolendarsko. Questo katun si trova sul lago Kolendarsko e dispone di acqua potabile per tutta l'estate.<\/p><p>Questo sentiero \u00e8 il numero 552 della rete nazionale dei sentieri. Inizia alla rotatoria di fronte alla vecchia moschea di Plav (WP 1h). Ci sono cartelli che indicano<br \/>che punta verso sud. Quando si attraversa in direzione di \u0110uricka Rijeka (fiume Djuricka), 30 metri dopo la moschea si trova una strada per il villaggio di Zavi\u0161. Questa parte del sentiero \u00e8 anche un percorso per mountain bike. Lungo il sentiero si giunge a una localit\u00e0 chiamata Radunov laz, con una sorgente d'acqua potabile e splendidi punti panoramici sul lago di Plav, sul fiume Lju\u010da, sul monte dei visitatori e sulla citt\u00e0 di Plav.<\/p><p>Dopo un'escursione di 4,5 chilometri dal punto di partenza, questo \u00e8 un luogo di sosta adatto. Il percorso segue poi un buon sentiero<br \/>attraverso il bosco fino alla collina di Gradec, dove il sentiero svolta a sud-ovest dopo la seconda curva verso Karaula Feratovica (1664 m). Qui si entra nell'area del Parco nazionale del Prokletije. Questo \u00e8 anche un punto panoramico con vista sull'intera regione del lago di Plav, sulle montagne Kofiljaca e Visitor e sul fiume Djuricka.<\/p><p>Da questo punto, il sentiero conduce lungo il versante orientale della collina di Bairak fino a Katun Paljvukaj (non presente sulla mappa). Nei mesi estivi, i visitatori possono assaggiare prodotti fatti in casa e sperimentare la cultura locale. Dopo 8,5 km di cammino, questo \u00e8 un buon posto per fare una pausa e reintegrare le riserve d'acqua. Da Radunov laz a Katun Paljvukaj, il sentiero si snoda attraverso foreste miste di<br \/>Abeti rossi, abeti e faggi che appartengono al Parco Nazionale del Prokletije.<\/p><p>Il sentiero si dirige a ovest verso il colle Bairak (2074 m), passando per la cresta nord-est del Maja e Borit fino al passo Bor, che contiene un piccolo lago. Il punto successivo \u00e8 il Picco di Bor (2106 m), che si raggiunge attraverso una cresta erbosa ricoperta da numerosi mirtilli selvatici da assaggiare. In totale abbiamo percorso 15,5 chilometri. Ci dirigiamo verso sud-est, costeggiando i tre laghi minori, fino alla vetta meridionale.<br \/>dei Monti Bor (sopra il Katun Mala Scapica) fino al punto panoramico del parco di confine (2149 m). Da l\u00ec si pu\u00f2 vedere la valle di \u00c7erem, il massiccio di Kolata, il lago di Plav, a nord-est il monte Hajla e i monti Komovi e Karanfili.<\/p><p>In discesa, in direzione sud, il sentiero conduce verso Katun Grlata (Buni Cesalj), passando accanto a una fila di caserme militari in rovina. Questo luogo \u00e8<br \/>Abitato temporaneamente nei mesi estivi, \u00e8 un bel posto per riposare o accamparsi, poich\u00e9 ci sono due fonti d'acqua vicino al Katun.<\/p><p>Un'ulteriore giornata di escursione (oltre al normale percorso PoB) offre l'opportunit\u00e0 di percorrere la Valle di Skripa e il Passo di Preslopit (2039 m) fino alla cima di Zla Kolata (2535 m). La camera nord-occidentale del Preslopit conduce ai Tre Passi (2526 m) e poi alla cima del Kolata (Maja e Keq) (2535 m). L'escursione \u00e8 lunga, circa 4 ore di cammino. \u00c8 necessario un equipaggiamento completo per l'escursionismo e l'alpinismo.<br \/>. Si consiglia di assumere una guida locale.<\/p><p>Seguendo una buona pista (utilizzata per trasportare il bestiame ai katun), dopo circa 30 minuti si raggiunge il villaggio di Vusanje (Vuthaj) al WP 3i. 7 km o 3 ore a piedi. Qui si pu\u00f2 trovare un alloggio. Nei pressi di Vusanje si trova una bella cascata alimentata dal fiume Grlja. Si consiglia di pernottare e riposare per l'escursione del giorno successivo verso Theth.<\/p>\t\t\t\t\t\t\t\t<\/div>\n\t\t\t\t\t<\/div>\n\t\t<\/div>\n\t\t\t\t\t<\/div>\n\t\t<\/section>\n\t\t\t\t\t<\/div>\n\t\t<\/div>\n\t\t\t\t\t<\/div>\n\t\t<\/section>\n\t\t\t\t<section class=\"elementor-section elementor-top-section elementor-element elementor-element-f7240ba elementor-section-boxed elementor-section-height-default elementor-section-height-default\" data-id=\"f7240ba\" data-element_type=\"section\" data-e-type=\"section\">\n\t\t\t\t\t\t<div class=\"elementor-container elementor-column-gap-default\">\n\t\t\t\t\t<div class=\"elementor-column elementor-col-100 elementor-top-column elementor-element elementor-element-93b7719\" data-id=\"93b7719\" data-element_type=\"column\" data-e-type=\"column\">\n\t\t\t<div class=\"elementor-widget-wrap elementor-element-populated\">\n\t\t\t\t\t\t<div class=\"elementor-element elementor-element-2bd94a9 elementor-align-center elementor-widget elementor-widget-button\" data-id=\"2bd94a9\" data-element_type=\"widget\" data-e-type=\"widget\" data-widget_type=\"button.default\">\n\t\t\t\t\t\t\t\t\t\t<a class=\"elementor-button elementor-button-link elementor-size-sm elementor-animation-float\" href=\"https:\/\/www.abenteueralbanien.de\/peaks-of-the-balkans-5-10-days\/\" target=\"_blank\" rel=\"noopener\">\n\t\t\t\t\t\t<span class=\"elementor-button-content-wrapper\">\n\t\t\t\t\t\t\t\t\t<span class=\"elementor-button-text\">Prenotazione del sentiero delle cime dei Balcani<\/span>\n\t\t\t\t\t<\/span>\n\t\t\t\t\t<\/a>\n\t\t\t\t\t\t\t\t<\/div>\n\t\t\t\t\t<\/div>\n\t\t<\/div>\n\t\t\t\t\t<\/div>\n\t\t<\/section>\n\t\t\t\t<\/div>","protected":false},"excerpt":{"rendered":"<p>Tappa 9: Si tratta di una lunga escursione che parte dalla citt\u00e0 di Plav (968 m), sale fino alla cima del Bor (2106 m) e termina nel villaggio di Vusanje (1022 m).<\/p>","protected":false},"author":6,"featured_media":288,"parent":0,"menu_order":0,"comment_status":"closed","ping_status":"closed","template":"elementor_header_footer","meta":{"footnotes":""},"class_list":["post-11834","page","type-page","status-publish","has-post-thumbnail","hentry"],"_links":{"self":[{"href":"https:\/\/peaksofthebalkans.at\/it\/wp-json\/wp\/v2\/pages\/11834","targetHints":{"allow":["GET"]}}],"collection":[{"href":"https:\/\/peaksofthebalkans.at\/it\/wp-json\/wp\/v2\/pages"}],"about":[{"href":"https:\/\/peaksofthebalkans.at\/it\/wp-json\/wp\/v2\/types\/page"}],"author":[{"embeddable":true,"href":"https:\/\/peaksofthebalkans.at\/it\/wp-json\/wp\/v2\/users\/6"}],"replies":[{"embeddable":true,"href":"https:\/\/peaksofthebalkans.at\/it\/wp-json\/wp\/v2\/comments?post=11834"}],"version-history":[{"count":65,"href":"https:\/\/peaksofthebalkans.at\/it\/wp-json\/wp\/v2\/pages\/11834\/revisions"}],"predecessor-version":[{"id":15744,"href":"https:\/\/peaksofthebalkans.at\/it\/wp-json\/wp\/v2\/pages\/11834\/revisions\/15744"}],"wp:featuredmedia":[{"embeddable":true,"href":"https:\/\/peaksofthebalkans.at\/it\/wp-json\/wp\/v2\/media\/288"}],"wp:attachment":[{"href":"https:\/\/peaksofthebalkans.at\/it\/wp-json\/wp\/v2\/media?parent=11834"}],"curies":[{"name":"wp","href":"https:\/\/api.w.org\/{rel}","templated":true}]}}