{"id":11815,"date":"2024-02-04T22:30:32","date_gmt":"2024-02-04T21:30:32","guid":{"rendered":"https:\/\/project.howdymeta.com\/?page_id=11815"},"modified":"2026-03-10T15:17:51","modified_gmt":"2026-03-10T14:17:51","slug":"fase-2","status":"publish","type":"page","link":"https:\/\/peaksofthebalkans.at\/it\/etappe-2\/","title":{"rendered":"Tappa 2: Valbona - Cerem"},"content":{"rendered":"<div data-elementor-type=\"wp-page\" data-elementor-id=\"11815\" class=\"elementor elementor-11815\" data-elementor-post-type=\"page\">\n\t\t\t\t\t\t<section class=\"elementor-section elementor-top-section elementor-element elementor-element-049bea0 elementor-section-height-min-height elementor-section-boxed elementor-section-height-default elementor-section-items-middle\" data-id=\"049bea0\" data-element_type=\"section\" data-e-type=\"section\" data-settings=\"{&quot;background_background&quot;:&quot;classic&quot;}\">\n\t\t\t\t\t\t<div class=\"elementor-container elementor-column-gap-no\">\n\t\t\t\t\t<div class=\"elementor-column elementor-col-100 elementor-top-column elementor-element elementor-element-2b291bb\" data-id=\"2b291bb\" data-element_type=\"column\" data-e-type=\"column\">\n\t\t\t<div class=\"elementor-widget-wrap elementor-element-populated\">\n\t\t\t\t\t\t<div class=\"elementor-element elementor-element-234bea1 elementor-widget elementor-widget-heading\" data-id=\"234bea1\" data-element_type=\"widget\" data-e-type=\"widget\" data-widget_type=\"heading.default\">\n\t\t\t\t\t<h1 class=\"elementor-heading-title elementor-size-default\">Cime dei Balcani tappa 2: escursione Valbona - Cerem<\/h1>\t\t\t\t<\/div>\n\t\t\t\t\t<\/div>\n\t\t<\/div>\n\t\t\t\t\t<\/div>\n\t\t<\/section>\n\t\t\t\t<section class=\"elementor-section elementor-top-section elementor-element elementor-element-88496e6 elementor-section-boxed elementor-section-height-default elementor-section-height-default\" data-id=\"88496e6\" data-element_type=\"section\" data-e-type=\"section\">\n\t\t\t\t\t\t<div class=\"elementor-container elementor-column-gap-default\">\n\t\t\t\t\t<div class=\"elementor-column elementor-col-100 elementor-top-column elementor-element elementor-element-d32fcd8\" data-id=\"d32fcd8\" data-element_type=\"column\" data-e-type=\"column\">\n\t\t\t<div class=\"elementor-widget-wrap elementor-element-populated\">\n\t\t\t\t\t\t<section class=\"elementor-section elementor-inner-section elementor-element elementor-element-52b5dc1 elementor-section-boxed elementor-section-height-default elementor-section-height-default\" data-id=\"52b5dc1\" data-element_type=\"section\" data-e-type=\"section\">\n\t\t\t\t\t\t<div class=\"elementor-container elementor-column-gap-default\">\n\t\t\t\t\t<div class=\"elementor-column elementor-col-100 elementor-inner-column elementor-element elementor-element-2234cd4\" data-id=\"2234cd4\" data-element_type=\"column\" data-e-type=\"column\">\n\t\t\t<div class=\"elementor-widget-wrap elementor-element-populated\">\n\t\t\t\t\t\t<div class=\"elementor-element elementor-element-8ed2f9f elementor-widget elementor-widget-heading\" data-id=\"8ed2f9f\" data-element_type=\"widget\" data-e-type=\"widget\" data-widget_type=\"heading.default\">\n\t\t\t\t\t<h2 class=\"elementor-heading-title elementor-size-default\">Tappa 2: Escursione Valbona - \u00c7erem<\/h2>\t\t\t\t<\/div>\n\t\t\t\t<div class=\"elementor-element elementor-element-5b394be elementor-widget elementor-widget-text-editor\" data-id=\"5b394be\" data-element_type=\"widget\" data-e-type=\"widget\" data-widget_type=\"text-editor.default\">\n\t\t\t\t\t\t\t\t\t<ul><li style=\"text-align: center;\">Distanza: 14-18 chilometri<\/li><li style=\"text-align: center;\">Altitudine minima: 670 metri<\/li><li style=\"text-align: center;\">Altezza massima: 1.156 metri<\/li><li style=\"text-align: center;\">Salita: 540 metri<\/li><li style=\"text-align: center;\">Discesa: 380 metri<\/li><li style=\"text-align: center;\">Livello di difficolt\u00e0: medio<\/li><li style=\"text-align: center;\">Tempo di percorrenza: 6-8 ore<\/li><li style=\"text-align: center;\">Marcature: Nessuna<\/li><\/ul>\t\t\t\t\t\t\t\t<\/div>\n\t\t\t\t<div class=\"elementor-element elementor-element-4234e4f elementor-widget elementor-widget-heading\" data-id=\"4234e4f\" data-element_type=\"widget\" data-e-type=\"widget\" data-widget_type=\"heading.default\">\n\t\t\t\t\t<h3 class=\"elementor-heading-title elementor-size-default\"><span style=\"color: var( --e-global-color-accent )\">Tappa 2: Valbona - \u00c7erem Mappa e profilo altimetrico<\/span><\/h3>\t\t\t\t<\/div>\n\t\t\t\t<div class=\"elementor-element elementor-element-4db4932 elementor-widget elementor-widget-image\" data-id=\"4db4932\" data-element_type=\"widget\" data-e-type=\"widget\" data-widget_type=\"image.default\">\n\t\t\t\t\t\t\t\t\t\t\t\t\t\t\t<img fetchpriority=\"high\" decoding=\"async\" width=\"800\" height=\"425\" src=\"https:\/\/peaksofthebalkans.at\/wp-content\/uploads\/2026\/03\/Valbona-Cerem-Hoehenprofil-Chart-1024x544.png\" class=\"attachment-large size-large wp-image-15691\" alt=\"Cime dei Balcani Valbona Cerem - Profilo altimetrico\" srcset=\"https:\/\/peaksofthebalkans.at\/wp-content\/uploads\/2026\/03\/Valbona-Cerem-Hoehenprofil-Chart-1024x544.png 1024w, https:\/\/peaksofthebalkans.at\/wp-content\/uploads\/2026\/03\/Valbona-Cerem-Hoehenprofil-Chart-300x159.png 300w, https:\/\/peaksofthebalkans.at\/wp-content\/uploads\/2026\/03\/Valbona-Cerem-Hoehenprofil-Chart-768x408.png 768w, https:\/\/peaksofthebalkans.at\/wp-content\/uploads\/2026\/03\/Valbona-Cerem-Hoehenprofil-Chart-18x10.png 18w, https:\/\/peaksofthebalkans.at\/wp-content\/uploads\/2026\/03\/Valbona-Cerem-Hoehenprofil-Chart.png 1080w\" sizes=\"(max-width: 800px) 100vw, 800px\" \/>\t\t\t\t\t\t\t\t\t\t\t\t\t\t\t<\/div>\n\t\t\t\t<div class=\"elementor-element elementor-element-88c18e5 elementor-align-center elementor-widget elementor-widget-button\" data-id=\"88c18e5\" data-element_type=\"widget\" data-e-type=\"widget\" data-widget_type=\"button.default\">\n\t\t\t\t\t\t\t\t\t\t<a class=\"elementor-button elementor-button-link elementor-size-sm elementor-animation-float\" href=\"https:\/\/www.abenteueralbanien.de\/peaks-of-the-balkans-5-10-days\/\" target=\"_blank\" rel=\"noopener\">\n\t\t\t\t\t\t<span class=\"elementor-button-content-wrapper\">\n\t\t\t\t\t\t\t\t\t<span class=\"elementor-button-text\">Prenotazione del sentiero delle cime dei Balcani<\/span>\n\t\t\t\t\t<\/span>\n\t\t\t\t\t<\/a>\n\t\t\t\t\t\t\t\t<\/div>\n\t\t\t\t<div class=\"elementor-element elementor-element-42dd7ff elementor-widget elementor-widget-text-editor\" data-id=\"42dd7ff\" data-element_type=\"widget\" data-e-type=\"widget\" data-widget_type=\"text-editor.default\">\n\t\t\t\t\t\t\t\t\t<p>Questo itinerario della seconda tappa comprende il trasferimento da Valbon\u00eb al villaggio di \u00c7erem. Per raggiungere \u00c7erem, \u00e8 possibile noleggiare un taxi o percorrere 20 chilometri di strada sterrata dall'hotel (WP 12) a \u00c7erem. La mulattiera - il percorso pi\u00f9 breve - collegava i due villaggi, ma \u00e8 stata distrutta dall'erosione. Non ci sono opzioni di alloggio lungo questo percorso per dividere l'escursione e il viaggio.<\/p><p><img decoding=\"async\" class=\"alignnone size-full wp-image-15965\" src=\"https:\/\/peaksofthebalkans.at\/wp-content\/uploads\/2026\/03\/Etappe-2-Wanderung-Valbona-Cerem-Schotterweg.jpg\" alt=\"Tappa 2 Escursione su sentiero sterrato Valbona Cerem\" width=\"1280\" height=\"960\" srcset=\"https:\/\/peaksofthebalkans.at\/wp-content\/uploads\/2026\/03\/Etappe-2-Wanderung-Valbona-Cerem-Schotterweg.jpg 1280w, https:\/\/peaksofthebalkans.at\/wp-content\/uploads\/2026\/03\/Etappe-2-Wanderung-Valbona-Cerem-Schotterweg-300x225.jpg 300w, https:\/\/peaksofthebalkans.at\/wp-content\/uploads\/2026\/03\/Etappe-2-Wanderung-Valbona-Cerem-Schotterweg-1024x768.jpg 1024w, https:\/\/peaksofthebalkans.at\/wp-content\/uploads\/2026\/03\/Etappe-2-Wanderung-Valbona-Cerem-Schotterweg-768x576.jpg 768w, https:\/\/peaksofthebalkans.at\/wp-content\/uploads\/2026\/03\/Etappe-2-Wanderung-Valbona-Cerem-Schotterweg-16x12.jpg 16w\" sizes=\"(max-width: 1280px) 100vw, 1280px\" \/><\/p><p><strong>Suggerimento:<\/strong> Gli escursionisti pi\u00f9 sportivi possono raggiungere \u00c7erem attraverso il Passo Persllopit, che supera i 2.000 metri di altezza. Il sentiero \u00e8 segnalato dal ponte all'estremit\u00e0 orientale di Valbona. Nota bene: Questa variante comprende un <strong>salita ripida<\/strong> e <strong>Passaggi esposti<\/strong> e dovrebbe <strong>non devono essere calpestati in condizioni di bagnato.<\/strong><\/p><p>\u00c7erem \u00e8 un piccolo villaggio in gran parte abbandonato a circa 17 chilometri a nord-est di Valbon\u00eb. Attualmente \u00e8 abitato solo da pastori in estate. In inverno, il villaggio non \u00e8 popolato a causa delle cattive condizioni meteorologiche, poich\u00e9 la strada che collega il villaggio a Valbon\u00eb e alla citt\u00e0 di Bajram Curri \u00e8 bloccata dalla neve.<\/p><p>L'escursione\/corsa di oggi della seconda tappa inizia all'Hotel Fusha e Gjes (WP 12), a circa 3,5 chilometri a sud-ovest del centro di Valbon\u00eb. Seguiamo la strada principale (non asfaltata) che collega Rragam con Valbon\u00eb a nord-ovest. A circa 1 chilometro dall'hotel si attraversa un ponte (WP 1a). Qualche chilometro pi\u00f9 avanti troviamo il centro informazioni turistiche di Valbon\u00eb (WP 2a), che si trova accanto alla strada principale vicino al centro del paese (WP 3a). Qui si trova la maggior parte delle pensioni.<\/p><p>Prendete la strada principale e dopo circa 7 chilometri tenete la sinistra all'incrocio (WP 4a) per il villaggio di \u00c7erem. Se girate a destra a questo incrocio, il percorso vi porter\u00e0 al villaggio di Dragobi e poi alla citt\u00e0 di Bajram Curri. All'incrocio successivo, si gira a sinistra (SS 5a) e si segue la strada sterrata. Dopo qualche chilometro, si attraversa un ruscello (SS 6a) che scorre sopra la strada.<\/p><p>Seguiamo la strada sterrata per altri 2 chilometri, poi attraversiamo il fiume e ci avviciniamo al centro di \u00c7erem (SS 7a).<br \/>\u00c7erem \u00e8 un buon posto per passare la notte o per fare una pausa in una delle ospitali capanne dei pastori.\u00a0<\/p><p><img decoding=\"async\" class=\"alignnone size-full wp-image-15964\" src=\"https:\/\/peaksofthebalkans.at\/wp-content\/uploads\/2026\/03\/Etappe-2-Wanderung-Valbona-Cerem-Albanien.jpg\" alt=\"Tappa 2 Escursione a Valbona Cerem Albania\" width=\"1440\" height=\"960\" srcset=\"https:\/\/peaksofthebalkans.at\/wp-content\/uploads\/2026\/03\/Etappe-2-Wanderung-Valbona-Cerem-Albanien.jpg 1440w, https:\/\/peaksofthebalkans.at\/wp-content\/uploads\/2026\/03\/Etappe-2-Wanderung-Valbona-Cerem-Albanien-300x200.jpg 300w, https:\/\/peaksofthebalkans.at\/wp-content\/uploads\/2026\/03\/Etappe-2-Wanderung-Valbona-Cerem-Albanien-1024x683.jpg 1024w, https:\/\/peaksofthebalkans.at\/wp-content\/uploads\/2026\/03\/Etappe-2-Wanderung-Valbona-Cerem-Albanien-768x512.jpg 768w, https:\/\/peaksofthebalkans.at\/wp-content\/uploads\/2026\/03\/Etappe-2-Wanderung-Valbona-Cerem-Albanien-18x12.jpg 18w\" sizes=\"(max-width: 1440px) 100vw, 1440px\" \/><\/p><p>Nel bacino del \u00c7erem confluiscono diversi torrenti minori. Le pensioni si trovano circa un chilometro pi\u00f9 avanti e a quasi 50 metri di altezza rispetto al centro del villaggio estivo. \u00c7erem \u00e8 piccola, non ha campo per i telefoni cellulari ed \u00e8 deserta nei mesi invernali. In compenso, qui si pu\u00f2 sperimentare l'ospitalit\u00e0 in un'atmosfera rustica.<\/p>\t\t\t\t\t\t\t\t<\/div>\n\t\t\t\t\t<\/div>\n\t\t<\/div>\n\t\t\t\t\t<\/div>\n\t\t<\/section>\n\t\t\t\t\t<\/div>\n\t\t<\/div>\n\t\t\t\t\t<\/div>\n\t\t<\/section>\n\t\t\t\t<section class=\"elementor-section elementor-top-section elementor-element elementor-element-529f182 elementor-section-boxed elementor-section-height-default elementor-section-height-default\" data-id=\"529f182\" data-element_type=\"section\" data-e-type=\"section\">\n\t\t\t\t\t\t<div class=\"elementor-container elementor-column-gap-default\">\n\t\t\t\t\t<div class=\"elementor-column elementor-col-100 elementor-top-column elementor-element elementor-element-79c8ba5\" data-id=\"79c8ba5\" data-element_type=\"column\" data-e-type=\"column\">\n\t\t\t<div class=\"elementor-widget-wrap elementor-element-populated\">\n\t\t\t\t\t\t<div class=\"elementor-element elementor-element-d7fc1df elementor-align-center elementor-widget elementor-widget-button\" data-id=\"d7fc1df\" data-element_type=\"widget\" data-e-type=\"widget\" data-widget_type=\"button.default\">\n\t\t\t\t\t\t\t\t\t\t<a class=\"elementor-button elementor-button-link elementor-size-sm elementor-animation-float\" href=\"https:\/\/www.abenteueralbanien.de\/peaks-of-the-balkans-5-10-days\/\" target=\"_blank\" rel=\"noopener\">\n\t\t\t\t\t\t<span class=\"elementor-button-content-wrapper\">\n\t\t\t\t\t\t\t\t\t<span class=\"elementor-button-text\">Prenotazione del sentiero delle cime dei Balcani<\/span>\n\t\t\t\t\t<\/span>\n\t\t\t\t\t<\/a>\n\t\t\t\t\t\t\t\t<\/div>\n\t\t\t\t\t<\/div>\n\t\t<\/div>\n\t\t\t\t\t<\/div>\n\t\t<\/section>\n\t\t\t\t<\/div>","protected":false},"excerpt":{"rendered":"<p>Cime dei Balcani tappa 2: Valbona, Albania - \u00c7erem, Albania. Distanza: 19,8 km.<\/p>","protected":false},"author":6,"featured_media":14779,"parent":0,"menu_order":0,"comment_status":"closed","ping_status":"closed","template":"elementor_header_footer","meta":{"footnotes":""},"class_list":["post-11815","page","type-page","status-publish","has-post-thumbnail","hentry"],"_links":{"self":[{"href":"https:\/\/peaksofthebalkans.at\/it\/wp-json\/wp\/v2\/pages\/11815","targetHints":{"allow":["GET"]}}],"collection":[{"href":"https:\/\/peaksofthebalkans.at\/it\/wp-json\/wp\/v2\/pages"}],"about":[{"href":"https:\/\/peaksofthebalkans.at\/it\/wp-json\/wp\/v2\/types\/page"}],"author":[{"embeddable":true,"href":"https:\/\/peaksofthebalkans.at\/it\/wp-json\/wp\/v2\/users\/6"}],"replies":[{"embeddable":true,"href":"https:\/\/peaksofthebalkans.at\/it\/wp-json\/wp\/v2\/comments?post=11815"}],"version-history":[{"count":123,"href":"https:\/\/peaksofthebalkans.at\/it\/wp-json\/wp\/v2\/pages\/11815\/revisions"}],"predecessor-version":[{"id":15969,"href":"https:\/\/peaksofthebalkans.at\/it\/wp-json\/wp\/v2\/pages\/11815\/revisions\/15969"}],"wp:featuredmedia":[{"embeddable":true,"href":"https:\/\/peaksofthebalkans.at\/it\/wp-json\/wp\/v2\/media\/14779"}],"wp:attachment":[{"href":"https:\/\/peaksofthebalkans.at\/it\/wp-json\/wp\/v2\/media?parent=11815"}],"curies":[{"name":"wp","href":"https:\/\/api.w.org\/{rel}","templated":true}]}}