{"id":11974,"date":"2024-02-08T10:06:51","date_gmt":"2024-02-08T09:06:51","guid":{"rendered":"https:\/\/project.howdymeta.com\/?page_id=11974"},"modified":"2025-10-25T17:46:34","modified_gmt":"2025-10-25T15:46:34","slug":"5-jours-auto-guides","status":"publish","type":"page","link":"https:\/\/peaksofthebalkans.at\/fr\/5-tage-selbst-gefuhrt\/","title":{"rendered":"Peaks of the Balkans 5 jours"},"content":{"rendered":"<div data-elementor-type=\"wp-page\" data-elementor-id=\"11974\" class=\"elementor elementor-11974\" data-elementor-post-type=\"page\">\n\t\t\t\t\t\t<section class=\"elementor-section elementor-top-section elementor-element elementor-element-2aa7bda elementor-section-boxed elementor-section-height-default elementor-section-height-default\" data-id=\"2aa7bda\" data-element_type=\"section\" data-e-type=\"section\" data-settings=\"{&quot;background_background&quot;:&quot;classic&quot;}\">\n\t\t\t\t\t\t\t<div class=\"elementor-background-overlay\"><\/div>\n\t\t\t\t\t\t\t<div class=\"elementor-container elementor-column-gap-no\">\n\t\t\t\t\t<div class=\"elementor-column elementor-col-100 elementor-top-column elementor-element elementor-element-bfcc707\" data-id=\"bfcc707\" data-element_type=\"column\" data-e-type=\"column\">\n\t\t\t<div class=\"elementor-widget-wrap elementor-element-populated\">\n\t\t\t\t\t\t<div class=\"elementor-element elementor-element-0aca293 elementor-widget elementor-widget-heading\" data-id=\"0aca293\" data-element_type=\"widget\" data-e-type=\"widget\" data-widget_type=\"heading.default\">\n\t\t\t\t\t<h1 class=\"elementor-heading-title elementor-size-default\"><span style=\"color: var( --e-global-color-21bfb04 )\">Peaks of the Balkans <\/span><span style=\"color: var( --e-global-color-21bfb04 )\">5 jours<\/span><\/h1>\t\t\t\t<\/div>\n\t\t\t\t\t<\/div>\n\t\t<\/div>\n\t\t\t\t\t<\/div>\n\t\t<\/section>\n\t\t\t\t<section class=\"elementor-section elementor-top-section elementor-element elementor-element-49ff89a elementor-section-boxed elementor-section-height-default elementor-section-height-default\" data-id=\"49ff89a\" data-element_type=\"section\" data-e-type=\"section\">\n\t\t\t\t\t\t<div class=\"elementor-container elementor-column-gap-default\">\n\t\t\t\t\t<div class=\"elementor-column elementor-col-100 elementor-top-column elementor-element elementor-element-55dea1f\" data-id=\"55dea1f\" data-element_type=\"column\" data-e-type=\"column\">\n\t\t\t<div class=\"elementor-widget-wrap elementor-element-populated\">\n\t\t\t\t\t\t<div class=\"elementor-element elementor-element-eff6ff0 elementor-widget elementor-widget-text-editor\" data-id=\"eff6ff0\" data-element_type=\"widget\" data-e-type=\"widget\" data-widget_type=\"text-editor.default\">\n\t\t\t\t\t\t\t\t\t<p><strong>pays :<\/strong> Albanie, Kosovo et Mont\u00e9n\u00e9gro |&nbsp;<strong>Dur\u00e9e :<\/strong> 10 jours | <strong>Style de voyage :<\/strong> m\u00eame guid\u00e9 -<strong>Difficult\u00e9 :<\/strong> Moyen | <strong>Temps de voyage :<\/strong> juin - octobre<\/p>\t\t\t\t\t\t\t\t<\/div>\n\t\t\t\t\t<\/div>\n\t\t<\/div>\n\t\t\t\t\t<\/div>\n\t\t<\/section>\n\t\t\t\t<section class=\"elementor-section elementor-top-section elementor-element elementor-element-2273c37 elementor-section-boxed elementor-section-height-default elementor-section-height-default\" data-id=\"2273c37\" data-element_type=\"section\" data-e-type=\"section\">\n\t\t\t\t\t\t<div class=\"elementor-container elementor-column-gap-default\">\n\t\t\t\t\t<div class=\"elementor-column elementor-col-100 elementor-top-column elementor-element elementor-element-9d02105\" data-id=\"9d02105\" data-element_type=\"column\" data-e-type=\"column\">\n\t\t\t<div class=\"elementor-widget-wrap elementor-element-populated\">\n\t\t\t\t\t\t<section class=\"elementor-section elementor-inner-section elementor-element elementor-element-69760fa elementor-section-boxed elementor-section-height-default elementor-section-height-default\" data-id=\"69760fa\" data-element_type=\"section\" data-e-type=\"section\">\n\t\t\t\t\t\t<div class=\"elementor-container elementor-column-gap-default\">\n\t\t\t\t\t<div class=\"elementor-column elementor-col-100 elementor-inner-column elementor-element elementor-element-13f037c\" data-id=\"13f037c\" data-element_type=\"column\" data-e-type=\"column\">\n\t\t\t<div class=\"elementor-widget-wrap elementor-element-populated\">\n\t\t\t\t\t\t<div class=\"elementor-element elementor-element-8a375be elementor-widget elementor-widget-heading\" data-id=\"8a375be\" data-element_type=\"widget\" data-e-type=\"widget\" data-widget_type=\"heading.default\">\n\t\t\t\t\t<h2 class=\"elementor-heading-title elementor-size-default\">Tour Aper\u00e7u Peaks of the Balkans - 5 JOURS AUTOGUID\u00c9S<\/h2>\t\t\t\t<\/div>\n\t\t\t\t<div class=\"elementor-element elementor-element-d3463c9 elementor-widget elementor-widget-text-editor\" data-id=\"d3463c9\" data-element_type=\"widget\" data-e-type=\"widget\" data-widget_type=\"text-editor.default\">\n\t\t\t\t\t\t\t\t\t<p>Profitez de cinq jours dans les sommets des Balkans lors d'une visite autoguid\u00e9e des principaux points forts du nord de l'Albanie. Le circuit comprend deux villages principaux du circuit : Theth, majoritairement catholique romain, et Valbona, un village majoritairement musulman. Les deux sont divis\u00e9s par Qafa e Valbones. Bien que ces villages aient \u00e9t\u00e9 tr\u00e8s proches \u00e0 l'\u00e9poque ottomane, ils avaient des centres d'int\u00e9r\u00eat diff\u00e9rents. Valbona \u00e9tait plut\u00f4t li\u00e9 \u00e0 Gjakova au Kosovo, tandis que Theth \u00e9tait li\u00e9 \u00e0 Shkod\u00ebr en Albanie.<\/p>\t\t\t\t\t\t\t\t<\/div>\n\t\t\t\t<div class=\"elementor-element elementor-element-3142f0d elementor-widget elementor-widget-heading\" data-id=\"3142f0d\" data-element_type=\"widget\" data-e-type=\"widget\" data-widget_type=\"heading.default\">\n\t\t\t\t\t<h2 class=\"elementor-heading-title elementor-size-default\">D\u00e9roulement de la visite<\/h2>\t\t\t\t<\/div>\n\t\t\t\t<div class=\"elementor-element elementor-element-8ede96d elementor-widget elementor-widget-heading\" data-id=\"8ede96d\" data-element_type=\"widget\" data-e-type=\"widget\" data-widget_type=\"heading.default\">\n\t\t\t\t\t<h3 class=\"elementor-heading-title elementor-size-default\">Jour 1 : Arriv\u00e9e \u00e0 Shkodra<\/h3>\t\t\t\t<\/div>\n\t\t\t\t<div class=\"elementor-element elementor-element-f263c29 elementor-widget elementor-widget-text-editor\" data-id=\"f263c29\" data-element_type=\"widget\" data-e-type=\"widget\" data-widget_type=\"text-editor.default\">\n\t\t\t\t\t\t\t\t\t<p>L'excursion comprend la premi\u00e8re nuit \u00e0 Shkodra apr\u00e8s l'arriv\u00e9e en Albanie. Vous pouvez profiter de cette journ\u00e9e pour appr\u00e9cier la riche offre culturelle de Shkodra.<\/p>\t\t\t\t\t\t\t\t<\/div>\n\t\t\t\t<div class=\"elementor-element elementor-element-3f55ca8 elementor-widget elementor-widget-heading\" data-id=\"3f55ca8\" data-element_type=\"widget\" data-e-type=\"widget\" data-widget_type=\"heading.default\">\n\t\t\t\t\t<h3 class=\"elementor-heading-title elementor-size-default\">Jour 2 : Shkoder - Valbone via le lac Komani <\/h3>\t\t\t\t<\/div>\n\t\t\t\t<div class=\"elementor-element elementor-element-d4a56e3 elementor-widget elementor-widget-text-editor\" data-id=\"d4a56e3\" data-element_type=\"widget\" data-e-type=\"widget\" data-widget_type=\"text-editor.default\">\n\t\t\t\t\t\t\t\t\t<p>Un v\u00e9hicule public vient vous chercher et vous emm\u00e8ne au village de Koman. Apr\u00e8s le bus, vous traverserez en bateau le magnifique lac entour\u00e9 par les parois rocheuses des Montagnes Maudites. Votre route longe la rivi\u00e8re Valbona, dont les couleurs vertes et l'eau blanche sont dues \u00e0 la collision de l'eau avec les rochers.<\/p>\t\t\t\t\t\t\t\t<\/div>\n\t\t\t\t<div class=\"elementor-element elementor-element-4c77468 elementor-widget elementor-widget-image\" data-id=\"4c77468\" data-element_type=\"widget\" data-e-type=\"widget\" data-widget_type=\"image.default\">\n\t\t\t\t\t\t\t\t\t\t\t\t\t\t\t<img fetchpriority=\"high\" decoding=\"async\" width=\"800\" height=\"800\" src=\"https:\/\/peaksofthebalkans.at\/wp-content\/uploads\/2021\/12\/Lake_Koman_800x800.jpg\" class=\"attachment-full size-full wp-image-1160\" alt=\"\" srcset=\"https:\/\/peaksofthebalkans.at\/wp-content\/uploads\/2021\/12\/Lake_Koman_800x800.jpg 800w, https:\/\/peaksofthebalkans.at\/wp-content\/uploads\/2021\/12\/Lake_Koman_800x800-300x300.jpg 300w, https:\/\/peaksofthebalkans.at\/wp-content\/uploads\/2021\/12\/Lake_Koman_800x800-150x150.jpg 150w, https:\/\/peaksofthebalkans.at\/wp-content\/uploads\/2021\/12\/Lake_Koman_800x800-768x768.jpg 768w, https:\/\/peaksofthebalkans.at\/wp-content\/uploads\/2021\/12\/Lake_Koman_800x800-480x480.jpg 480w\" sizes=\"(max-width: 800px) 100vw, 800px\" \/>\t\t\t\t\t\t\t\t\t\t\t\t\t\t\t<\/div>\n\t\t\t\t<div class=\"elementor-element elementor-element-8ce3c2c elementor-widget elementor-widget-heading\" data-id=\"8ce3c2c\" data-element_type=\"widget\" data-e-type=\"widget\" data-widget_type=\"heading.default\">\n\t\t\t\t\t<h3 class=\"elementor-heading-title elementor-size-default\">Jour 3 : Randonn\u00e9e Valbona - Sommet Rosi<\/h3>\t\t\t\t<\/div>\n\t\t\t\t<div class=\"elementor-element elementor-element-233094f elementor-widget elementor-widget-text-editor\" data-id=\"233094f\" data-element_type=\"widget\" data-e-type=\"widget\" data-widget_type=\"text-editor.default\">\n\t\t\t\t\t\t\t\t\t<p><span>La randonn\u00e9e de Valbona \u00e0 Maja Rosit ou Rosin Vrh passe par le village \u00e0 moiti\u00e9 abandonn\u00e9 de Kukaj. Cette partie est un tr\u00e8s beau parcours facile et en plein \u00e9t\u00e9, vous pouvez vous arr\u00eater dans quelques maisons de village pour boire un verre de lait ou de th\u00e9. Le chemin serpente dans les gorges sur plusieurs kilom\u00e8tres et se poursuit par une mont\u00e9e abrupte. Le sommet de Rosi, qui culmine \u00e0 2 523 m\u00e8tres, se trouve \u00e0 la fronti\u00e8re entre l'Albanie et le Mont\u00e9n\u00e9gro et offre des vues \u00e0 couper le souffle sur les deux pays. Le mont Rosi est particuli\u00e8rement int\u00e9ressant pour les botanistes, car il abrite de nombreuses fleurs comme le lys albanais, une esp\u00e8ce end\u00e9mique.\u00a0<\/span><a href=\"https:\/\/sq.wikipedia.org\/wiki\/Zambaku_shqiptar\" target=\"_blank\" rel=\"noopener\"><span>(Lilium albanicum),<\/span><\/a><span>\u00a0orchid\u00e9es et bien d'autres.<\/span><\/p><p><span>Distance : 17,8 km, \u2191 1378 m \u21931594 m<\/span><\/p>\t\t\t\t\t\t\t\t<\/div>\n\t\t\t\t<div class=\"elementor-element elementor-element-df234a3 elementor-widget elementor-widget-heading\" data-id=\"df234a3\" data-element_type=\"widget\" data-e-type=\"widget\" data-widget_type=\"heading.default\">\n\t\t\t\t\t<h3 class=\"elementor-heading-title elementor-size-default\">Jour 4 : Randonn\u00e9e Valbona - Theth <\/h3>\t\t\t\t<\/div>\n\t\t\t\t<div class=\"elementor-element elementor-element-3d9bb40 elementor-widget elementor-widget-text-editor\" data-id=\"3d9bb40\" data-element_type=\"widget\" data-e-type=\"widget\" data-widget_type=\"text-editor.default\">\n\t\t\t\t\t\t\t\t\t<p>Aujourd'hui, vous entreprendrez l'une des randonn\u00e9es les plus c\u00e9l\u00e8bres d'Albanie, de la ville de Valbona (995 m) \u00e0 Theth (728 m) en passant par le col de Valbona (1759 m). Cet itin\u00e9raire de 20 kilom\u00e8tres suit le trac\u00e9 d'un ancien sentier muletier qui reliait les r\u00e9gions tribales de Shala et Nikaj.<\/p><p>Distance : 19,5 km, \u2191 850 m \u21931068 m<\/p>\t\t\t\t\t\t\t\t<\/div>\n\t\t\t\t<div class=\"elementor-element elementor-element-7a3acea elementor-widget elementor-widget-image\" data-id=\"7a3acea\" data-element_type=\"widget\" data-e-type=\"widget\" data-widget_type=\"image.default\">\n\t\t\t\t\t\t\t\t\t\t\t\t\t\t\t<img decoding=\"async\" width=\"1800\" height=\"986\" src=\"https:\/\/peaksofthebalkans.at\/wp-content\/uploads\/2021\/12\/Thethi.jpg\" class=\"attachment-full size-full wp-image-1296\" alt=\"Village de Theth, pics des Balkans\" srcset=\"https:\/\/peaksofthebalkans.at\/wp-content\/uploads\/2021\/12\/Thethi.jpg 1800w, https:\/\/peaksofthebalkans.at\/wp-content\/uploads\/2021\/12\/Thethi-300x164.jpg 300w, https:\/\/peaksofthebalkans.at\/wp-content\/uploads\/2021\/12\/Thethi-1024x561.jpg 1024w, https:\/\/peaksofthebalkans.at\/wp-content\/uploads\/2021\/12\/Thethi-768x421.jpg 768w, https:\/\/peaksofthebalkans.at\/wp-content\/uploads\/2021\/12\/Thethi-1536x841.jpg 1536w, https:\/\/peaksofthebalkans.at\/wp-content\/uploads\/2021\/12\/Thethi-1080x592.jpg 1080w\" sizes=\"(max-width: 1800px) 100vw, 1800px\" \/>\t\t\t\t\t\t\t\t\t\t\t\t\t\t\t<\/div>\n\t\t\t\t<div class=\"elementor-element elementor-element-a34e7c8 elementor-widget elementor-widget-heading\" data-id=\"a34e7c8\" data-element_type=\"widget\" data-e-type=\"widget\" data-widget_type=\"heading.default\">\n\t\t\t\t\t<h3 class=\"elementor-heading-title elementor-size-default\">Jour 5 : Randonn\u00e9e Theth - Nderlyse - Blue Eye <\/h3>\t\t\t\t<\/div>\n\t\t\t\t<div class=\"elementor-element elementor-element-51a2499 elementor-widget elementor-widget-text-editor\" data-id=\"51a2499\" data-element_type=\"widget\" data-e-type=\"widget\" data-widget_type=\"text-editor.default\">\n\t\t\t\t\t\t\t\t\t<p><span>Un village isol\u00e9 et perdu est devenu l'\u00e9picentre des visiteurs, tout en pr\u00e9servant son architecture et sa nature. Dans le village, on trouve encore la Kulla et d'autres b\u00e2timents datant du Moyen-\u00c2ge. Le village est \u00e0 100 % catholique romain et poss\u00e8de la structure la plus unique au monde. Kulla e Ngujimit, un b\u00e2timent rocheux de trois \u00e9tages sans fen\u00eatres. Vous passez cette journ\u00e9e \u00e0 vous promener dans le village vers les cascades et les \"baignoires\" naturelles de la rivi\u00e8re Shala. Il s'agit d'une promenade relaxante, pleine de culture et de beaut\u00e9 naturelle. Bien que la randonn\u00e9e soit assez longue, elle n'est pas difficile, car vous empruntez un chemin avec peu de mont\u00e9es et de descentes. \u00c0 la fin du parcours, on viendra vous chercher pour vous ramener \u00e0 Shkodra.\u00a0<\/span><\/p><p><span>Distance : 11,5 km, \u2191 266 m \u2193 435 m<\/span><\/p>\t\t\t\t\t\t\t\t<\/div>\n\t\t\t\t<div class=\"elementor-element elementor-element-484c2d3 elementor-widget-divider--view-line elementor-widget elementor-widget-divider\" data-id=\"484c2d3\" data-element_type=\"widget\" data-e-type=\"widget\" data-widget_type=\"divider.default\">\n\t\t\t\t\t\t\t<div class=\"elementor-divider\">\n\t\t\t<span class=\"elementor-divider-separator\">\n\t\t\t\t\t\t<\/span>\n\t\t<\/div>\n\t\t\t\t\t\t<\/div>\n\t\t\t\t<div class=\"elementor-element elementor-element-56eb912 elementor-widget elementor-widget-heading\" data-id=\"56eb912\" data-element_type=\"widget\" data-e-type=\"widget\" data-widget_type=\"heading.default\">\n\t\t\t\t\t<p class=\"elementor-heading-title elementor-size-default\">Inclus<\/p>\t\t\t\t<\/div>\n\t\t\t\t<div class=\"elementor-element elementor-element-25f88a7 elementor-widget elementor-widget-text-editor\" data-id=\"25f88a7\" data-element_type=\"widget\" data-e-type=\"widget\" data-widget_type=\"text-editor.default\">\n\t\t\t\t\t\t\t\t\t<ul><li>Traces GPS pour la navigation via une application smartphone ou sur votre propre appareil GPS<\/li><li>H\u00e9bergement : 2x h\u00f4tel, 3x maison d'h\u00f4tes<\/li><li>Transferts comme indiqu\u00e9 dans l'itin\u00e9raire<\/li><li>Repas (4x petit-d\u00e9jeuner, 3x panier-repas, 3x d\u00eener)<\/li><li>Permis de franchissement de la fronti\u00e8re<\/li><li>Assistance \u00e0 la client\u00e8le 24 heures sur 24<\/li><\/ul>\t\t\t\t\t\t\t\t<\/div>\n\t\t\t\t<div class=\"elementor-element elementor-element-301df62 elementor-widget elementor-widget-heading\" data-id=\"301df62\" data-element_type=\"widget\" data-e-type=\"widget\" data-widget_type=\"heading.default\">\n\t\t\t\t\t<p class=\"elementor-heading-title elementor-size-default\">Non inclus<\/p>\t\t\t\t<\/div>\n\t\t\t\t<div class=\"elementor-element elementor-element-89b40f1 elementor-widget elementor-widget-text-editor\" data-id=\"89b40f1\" data-element_type=\"widget\" data-e-type=\"widget\" data-widget_type=\"text-editor.default\">\n\t\t\t\t\t\t\t\t\t<ul><li><span><span>Transport des bagages (peut \u00eatre propos\u00e9 sur demande)<\/span><\/span><\/li><li><span><span>Accueil et transfert de retour \u00e0 l'a\u00e9roport (peut \u00eatre fourni sur demande)<\/span><\/span><\/li><li><span><span>Assurance voyage (doit \u00eatre souscrite par le voyageur)<\/span><\/span><\/li><\/ul>\t\t\t\t\t\t\t\t<\/div>\n\t\t\t\t\t<\/div>\n\t\t<\/div>\n\t\t\t\t\t<\/div>\n\t\t<\/section>\n\t\t\t\t\t<\/div>\n\t\t<\/div>\n\t\t\t\t\t<\/div>\n\t\t<\/section>\n\t\t\t\t<section class=\"elementor-section elementor-top-section elementor-element elementor-element-66e041e elementor-section-boxed elementor-section-height-default elementor-section-height-default\" data-id=\"66e041e\" data-element_type=\"section\" data-e-type=\"section\">\n\t\t\t\t\t\t<div class=\"elementor-container elementor-column-gap-default\">\n\t\t\t\t\t<div class=\"elementor-column elementor-col-100 elementor-top-column elementor-element elementor-element-5753029\" data-id=\"5753029\" data-element_type=\"column\" data-e-type=\"column\">\n\t\t\t<div class=\"elementor-widget-wrap elementor-element-populated\">\n\t\t\t\t\t\t<div class=\"elementor-element elementor-element-784244e elementor-widget-divider--view-line elementor-widget elementor-widget-divider\" data-id=\"784244e\" data-element_type=\"widget\" data-e-type=\"widget\" data-widget_type=\"divider.default\">\n\t\t\t\t\t\t\t<div class=\"elementor-divider\">\n\t\t\t<span class=\"elementor-divider-separator\">\n\t\t\t\t\t\t<\/span>\n\t\t<\/div>\n\t\t\t\t\t\t<\/div>\n\t\t\t\t\t<\/div>\n\t\t<\/div>\n\t\t\t\t\t<\/div>\n\t\t<\/section>\n\t\t\t\t<section class=\"elementor-section elementor-top-section elementor-element elementor-element-e790138 elementor-section-boxed elementor-section-height-default elementor-section-height-default\" data-id=\"e790138\" data-element_type=\"section\" data-e-type=\"section\">\n\t\t\t\t\t\t<div class=\"elementor-container elementor-column-gap-default\">\n\t\t\t\t\t<div class=\"elementor-column elementor-col-100 elementor-top-column elementor-element elementor-element-c893abc\" data-id=\"c893abc\" data-element_type=\"column\" data-e-type=\"column\">\n\t\t\t<div class=\"elementor-widget-wrap elementor-element-populated\">\n\t\t\t\t\t\t<div class=\"elementor-element elementor-element-b121353 elementor-widget elementor-widget-html\" data-id=\"b121353\" data-element_type=\"widget\" data-e-type=\"widget\" data-widget_type=\"html.default\">\n\t\t\t\t\t<script type=\"text\/javascript\" src=\"\/\/balkan-natural-adventure.checkfront.com\/lib\/interface--0.js\" async><\/script>\r\n<script type=\"text\/javascript\" src=\"\/\/balkan-natural-adventure.checkfront.com\/lib\/interface--0.js\"><\/script>\r\n<!-- CHECKFRONT BOOKING PLUGIN v25-->\r\n<div id=\"CHECKFRONT_WIDGET_01\"><p id=\"CHECKFRONT_LOADER\" style=\"background: url('\/\/balkan-natural-adventure.checkfront.com\/images\/loader.gif') left center no-repeat; padding: 5px 5px 5px 5px\">Recherche de la disponibilit\u00e9...<\/p><\/div>\r\n<script>\r\nnew DROPLET.Widget ({\r\nhost: 'balkan-natural-adventure.checkfront.com',\r\ntarget: 'CHECKFRONT_WIDGET_01',\r\nitem_id: '12,14,27',\r\ncategory_id: '6',\r\npartner_id: '4',\r\noptions: 'tabs',\r\ndate: '20260920',\r\nprovider: 'droplet'\r\n}).render();\r\n<\/script>\r\n<noscript><a href=\"https:\/\/balkan-natural-adventure.checkfront.com\/reserve\/\" style=\"font-size: 16px\" target=\"_blank\" rel=\"noopener\">Continue to Syst\u00e8me de r\u00e9servation s\u00e9curis\u00e9 \"<\/a><\/noscript>\t\t\t\t<\/div>\n\t\t\t\t\t<\/div>\n\t\t<\/div>\n\t\t\t\t\t<\/div>\n\t\t<\/section>\n\t\t\t\t<\/div>","protected":false},"excerpt":{"rendered":"<p>Genie\u00dfen Sie f\u00fcnf Tage in den Peaks of the Balkans bei einer selbst gef\u00fchrten Tour (ohne Guide) zu den wichtigsten Highlights Nordalbaniens. <\/p>","protected":false},"author":6,"featured_media":1288,"parent":0,"menu_order":0,"comment_status":"closed","ping_status":"closed","template":"","meta":{"footnotes":""},"class_list":["post-11974","page","type-page","status-publish","has-post-thumbnail","hentry"],"_links":{"self":[{"href":"https:\/\/peaksofthebalkans.at\/fr\/wp-json\/wp\/v2\/pages\/11974","targetHints":{"allow":["GET"]}}],"collection":[{"href":"https:\/\/peaksofthebalkans.at\/fr\/wp-json\/wp\/v2\/pages"}],"about":[{"href":"https:\/\/peaksofthebalkans.at\/fr\/wp-json\/wp\/v2\/types\/page"}],"author":[{"embeddable":true,"href":"https:\/\/peaksofthebalkans.at\/fr\/wp-json\/wp\/v2\/users\/6"}],"replies":[{"embeddable":true,"href":"https:\/\/peaksofthebalkans.at\/fr\/wp-json\/wp\/v2\/comments?post=11974"}],"version-history":[{"count":62,"href":"https:\/\/peaksofthebalkans.at\/fr\/wp-json\/wp\/v2\/pages\/11974\/revisions"}],"predecessor-version":[{"id":14709,"href":"https:\/\/peaksofthebalkans.at\/fr\/wp-json\/wp\/v2\/pages\/11974\/revisions\/14709"}],"wp:featuredmedia":[{"embeddable":true,"href":"https:\/\/peaksofthebalkans.at\/fr\/wp-json\/wp\/v2\/media\/1288"}],"wp:attachment":[{"href":"https:\/\/peaksofthebalkans.at\/fr\/wp-json\/wp\/v2\/media?parent=11974"}],"curies":[{"name":"wp","href":"https:\/\/api.w.org\/{rel}","templated":true}]}}