{"id":11890,"date":"2024-02-08T08:26:54","date_gmt":"2024-02-08T07:26:54","guid":{"rendered":"https:\/\/project.howdymeta.com\/?page_id=11890"},"modified":"2026-03-11T11:34:10","modified_gmt":"2026-03-11T10:34:10","slug":"etape-4-doberdol-milishevc","status":"publish","type":"page","link":"https:\/\/peaksofthebalkans.at\/fr\/etappe-4-doberdol-milishevc\/","title":{"rendered":"Peaks of the Balkans \u00e9tape 4 : Dob\u00ebrdol - Milishevc"},"content":{"rendered":"<div data-elementor-type=\"wp-page\" data-elementor-id=\"11890\" class=\"elementor elementor-11890\" data-elementor-post-type=\"page\">\n\t\t\t\t\t\t<section class=\"elementor-section elementor-top-section elementor-element elementor-element-6751edb elementor-section-height-min-height elementor-section-items-top elementor-section-content-middle elementor-section-boxed elementor-section-height-default\" data-id=\"6751edb\" data-element_type=\"section\" data-e-type=\"section\" data-settings=\"{&quot;background_background&quot;:&quot;classic&quot;}\">\n\t\t\t\t\t\t<div class=\"elementor-container elementor-column-gap-no\">\n\t\t\t\t\t<div class=\"elementor-column elementor-col-100 elementor-top-column elementor-element elementor-element-0849440\" data-id=\"0849440\" data-element_type=\"column\" data-e-type=\"column\">\n\t\t\t<div class=\"elementor-widget-wrap elementor-element-populated\">\n\t\t\t\t\t\t<div class=\"elementor-element elementor-element-987c69e elementor-widget elementor-widget-heading\" data-id=\"987c69e\" data-element_type=\"widget\" data-e-type=\"widget\" data-widget_type=\"heading.default\">\n\t\t\t\t\t<h1 class=\"elementor-heading-title elementor-size-default\">Peaks of the Balkans Tron\u00e7on 4 : De Dob\u00ebrdol \u00e0 Milishevc <\/h1>\t\t\t\t<\/div>\n\t\t\t\t\t<\/div>\n\t\t<\/div>\n\t\t\t\t\t<\/div>\n\t\t<\/section>\n\t\t\t\t<section class=\"elementor-section elementor-top-section elementor-element elementor-element-90bf931 elementor-section-boxed elementor-section-height-default elementor-section-height-default\" data-id=\"90bf931\" data-element_type=\"section\" data-e-type=\"section\">\n\t\t\t\t\t\t<div class=\"elementor-container elementor-column-gap-default\">\n\t\t\t\t\t<div class=\"elementor-column elementor-col-100 elementor-top-column elementor-element elementor-element-3a6a785\" data-id=\"3a6a785\" data-element_type=\"column\" data-e-type=\"column\">\n\t\t\t<div class=\"elementor-widget-wrap elementor-element-populated\">\n\t\t\t\t\t\t<section class=\"elementor-section elementor-inner-section elementor-element elementor-element-dd502ce elementor-section-boxed elementor-section-height-default elementor-section-height-default\" data-id=\"dd502ce\" data-element_type=\"section\" data-e-type=\"section\">\n\t\t\t\t\t\t<div class=\"elementor-container elementor-column-gap-default\">\n\t\t\t\t\t<div class=\"elementor-column elementor-col-100 elementor-inner-column elementor-element elementor-element-5536176\" data-id=\"5536176\" data-element_type=\"column\" data-e-type=\"column\">\n\t\t\t<div class=\"elementor-widget-wrap elementor-element-populated\">\n\t\t\t\t\t\t<div class=\"elementor-element elementor-element-d9fd74a elementor-widget elementor-widget-heading\" data-id=\"d9fd74a\" data-element_type=\"widget\" data-e-type=\"widget\" data-widget_type=\"heading.default\">\n\t\t\t\t\t<h2 class=\"elementor-heading-title elementor-size-default\">Peaks of the Balkans : Randonn\u00e9e de Dob\u00ebrdol \u00e0 Milisevc<\/h2>\t\t\t\t<\/div>\n\t\t\t\t<div class=\"elementor-element elementor-element-2937954 elementor-widget elementor-widget-text-editor\" data-id=\"2937954\" data-element_type=\"widget\" data-e-type=\"widget\" data-widget_type=\"text-editor.default\">\n\t\t\t\t\t\t\t\t\t<p><span style=\"color: var( --e-global-color-text ); font-family: var( --e-global-typography-text-font-family ), Sans-serif; font-size: var( --e-global-typography-text-font-size );\">Distance \u00e0 parcourir<\/span>18,2 kilom\u00e8tres<\/p><p>Altitude min : 1.534 m, max : 2.290 m<\/p><p>D\u00e9nivel\u00e9 en mont\u00e9e : 915 m<\/p><p>D\u00e9nivel\u00e9 en descente : 980 m<\/p><p>Niveau de difficult\u00e9 : Mod\u00e9r\u00e9<\/p><p>Dur\u00e9e : 8-9 heures<\/p><p>Marquage jusqu'\u00e0 la fronti\u00e8re : blanc\/rouge\/blanc, de la fronti\u00e8re \u00e0 Milisevc : rouge\/blanc\/rouge<\/p><p>\u00a0<\/p><h3>Peaks of the Balkans Tron\u00e7on 4 - Carte &amp; profil d'altitude<\/h3>\t\t\t\t\t\t\t\t<\/div>\n\t\t\t\t<div class=\"elementor-element elementor-element-76eef10 elementor-widget elementor-widget-image\" data-id=\"76eef10\" data-element_type=\"widget\" data-e-type=\"widget\" data-widget_type=\"image.default\">\n\t\t\t\t\t\t\t\t\t\t\t\t\t\t\t<img fetchpriority=\"high\" decoding=\"async\" width=\"1080\" height=\"578\" src=\"https:\/\/peaksofthebalkans.at\/wp-content\/uploads\/2026\/03\/Doberdol-Milisevc-Hoehenprofil-Chart.png\" class=\"attachment-full size-full wp-image-15682\" alt=\"Peaks of the Balkans Tron\u00e7on 4 Doberdol Mislishevc Profil d&#039;altitude Chart\" srcset=\"https:\/\/peaksofthebalkans.at\/wp-content\/uploads\/2026\/03\/Doberdol-Milisevc-Hoehenprofil-Chart.png 1080w, https:\/\/peaksofthebalkans.at\/wp-content\/uploads\/2026\/03\/Doberdol-Milisevc-Hoehenprofil-Chart-300x161.png 300w, https:\/\/peaksofthebalkans.at\/wp-content\/uploads\/2026\/03\/Doberdol-Milisevc-Hoehenprofil-Chart-1024x548.png 1024w, https:\/\/peaksofthebalkans.at\/wp-content\/uploads\/2026\/03\/Doberdol-Milisevc-Hoehenprofil-Chart-768x411.png 768w, https:\/\/peaksofthebalkans.at\/wp-content\/uploads\/2026\/03\/Doberdol-Milisevc-Hoehenprofil-Chart-18x10.png 18w\" sizes=\"(max-width: 1080px) 100vw, 1080px\" \/>\t\t\t\t\t\t\t\t\t\t\t\t\t\t\t<\/div>\n\t\t\t\t<div class=\"elementor-element elementor-element-88efada elementor-align-center elementor-widget elementor-widget-button\" data-id=\"88efada\" data-element_type=\"widget\" data-e-type=\"widget\" data-widget_type=\"button.default\">\n\t\t\t\t\t\t\t\t\t\t<a class=\"elementor-button elementor-button-link elementor-size-sm elementor-animation-float\" href=\"https:\/\/www.abenteueralbanien.de\/peaks-of-the-balkans-5-10-days\/\" target=\"_blank\" rel=\"noopener\">\n\t\t\t\t\t\t<span class=\"elementor-button-content-wrapper\">\n\t\t\t\t\t\t\t\t\t<span class=\"elementor-button-text\">R\u00e9servation du Peaks of the Balkans Trail<\/span>\n\t\t\t\t\t<\/span>\n\t\t\t\t\t<\/a>\n\t\t\t\t\t\t\t\t<\/div>\n\t\t\t\t<div class=\"elementor-element elementor-element-6beee06 elementor-widget elementor-widget-text-editor\" data-id=\"6beee06\" data-element_type=\"widget\" data-e-type=\"widget\" data-widget_type=\"text-editor.default\">\n\t\t\t\t\t\t\t\t\t<p>La randonn\u00e9e suivante vous m\u00e8nera du village de bergers isol\u00e9 de Dob\u0451rdol \u00e0 un autre village de bergers moins isol\u00e9 au Kosovo (Milisevc). Milisevc est bien reli\u00e9 par la route \u00e0 la ville de Peja et de plus en plus de refuges de ce village sont utilis\u00e9s \u00e0 des fins touristiques.<\/p><p>Pour une randonn\u00e9e moins exigeante, le trail peut \u00eatre divis\u00e9 en deux parties. On peut suivre le sentier est \u00e0 la bifurcation (WP 3c) et descendre vers Bjeshka e Belegut, o\u00f9 l'on peut trouver un h\u00e9bergement, des possibilit\u00e9s de camping et de la nourriture fra\u00eeche dans les cabanes d'\u00e9t\u00e9 des bergers. N'oubliez pas qu'il n'y a pas de points de rep\u00e8re GPS du WP 3c \u00e0 Bjeshka e Belegut, mais le sentier est tout de m\u00eame assez facile \u00e0 trouver. Bjeshka e Belegut est reli\u00e9 \u00e0 Milisevc (WP 11c) par une route de terre qui est facile \u00e0 trouver avec une carte.<\/p><p>La randonn\u00e9e commence \u00e0 une altitude de 1741 m au refuge de Dob\u0451rdol (WP 13b) et s'\u00e9l\u00e8ve en direction du nord-est jusqu'\u00e0 une altitude de 2210 m \u00e0 la fronti\u00e8re entre l'Albanie, le Kosovo et le Mont\u00e9n\u00e9gro (WP 1c). Il se poursuit en direction du nord-est, avec de petites mont\u00e9es et chutes le long de la fronti\u00e8re entre le Mont\u00e9n\u00e9gro et le Kosovo.<\/p><p><img decoding=\"async\" class=\"alignnone size-full wp-image-15993\" src=\"https:\/\/peaksofthebalkans.at\/wp-content\/uploads\/2026\/03\/Etappe-4-Doberdol-Milishevc.jpg\" alt=\"Tron\u00e7on 4 Dob\u00ebrdol Milishevc\" width=\"1280\" height=\"960\" srcset=\"https:\/\/peaksofthebalkans.at\/wp-content\/uploads\/2026\/03\/Etappe-4-Doberdol-Milishevc.jpg 1280w, https:\/\/peaksofthebalkans.at\/wp-content\/uploads\/2026\/03\/Etappe-4-Doberdol-Milishevc-300x225.jpg 300w, https:\/\/peaksofthebalkans.at\/wp-content\/uploads\/2026\/03\/Etappe-4-Doberdol-Milishevc-1024x768.jpg 1024w, https:\/\/peaksofthebalkans.at\/wp-content\/uploads\/2026\/03\/Etappe-4-Doberdol-Milishevc-768x576.jpg 768w, https:\/\/peaksofthebalkans.at\/wp-content\/uploads\/2026\/03\/Etappe-4-Doberdol-Milishevc-16x12.jpg 16w\" sizes=\"(max-width: 1280px) 100vw, 1280px\" \/><\/p><p>Au WP 2c, nous tournons \u00e0 droite (nord) au croisement. Le chemin \u00e0 notre droite m\u00e8ne \u00e0 Babino Polje, au Mont\u00e9n\u00e9gro.<\/p><p>Au prochain carrefour (WP 3c), reste \u00e0 gauche (direction nord). Le chemin \u00e0 l'est m\u00e8ne \u00e0 Bjeshka e Belegut. Notre itin\u00e9raire suit le versant ouest du Maja e Qenit (le sommet devant nous, \u00e0 quelques centaines de m\u00e8tres du WP 3c). Le versant ouest du Maja e Qenit est raide mais relativement court (environ 500 m de marche) et c'est aussi la meilleure option pour passer sur l'autre versant de cette montagne (WP 4c) et aller vers le nord jusqu'au col de Roshkodolit (WP 5c).<\/p><p>Si tu trouves cette pente de montagne trop difficile \u00e0 franchir, tu peux emprunter le chemin de Bjeshka e Belegut \u00e0 Milisevc, qui est plus long mais plus facile - une option plus longue mais plus simple (principalement sur des chemins de terre).<\/p><p>Depuis le col de Roshkodolit, le sentier descend vers la vall\u00e9e. Au WP 6c, nous traversons la rivi\u00e8re et continuons \u00e0 suivre le trail par le c\u00f4t\u00e9 ouest. Nous rejoignons la route de terre au WP 7c, suivie du village de Roshkodol au WP 8c - un endroit optionnel pour passer la nuit.<\/p><p><img decoding=\"async\" class=\"alignnone size-full wp-image-15992\" src=\"https:\/\/peaksofthebalkans.at\/wp-content\/uploads\/2026\/03\/Etappe-4-Doberdol-Milishevc-Wanderung.jpg\" alt=\"Tron\u00e7on 4 Randonn\u00e9e Dob\u00ebrdol Milishevc\" width=\"1275\" height=\"960\" srcset=\"https:\/\/peaksofthebalkans.at\/wp-content\/uploads\/2026\/03\/Etappe-4-Doberdol-Milishevc-Wanderung.jpg 1275w, https:\/\/peaksofthebalkans.at\/wp-content\/uploads\/2026\/03\/Etappe-4-Doberdol-Milishevc-Wanderung-300x226.jpg 300w, https:\/\/peaksofthebalkans.at\/wp-content\/uploads\/2026\/03\/Etappe-4-Doberdol-Milishevc-Wanderung-1024x771.jpg 1024w, https:\/\/peaksofthebalkans.at\/wp-content\/uploads\/2026\/03\/Etappe-4-Doberdol-Milishevc-Wanderung-768x578.jpg 768w, https:\/\/peaksofthebalkans.at\/wp-content\/uploads\/2026\/03\/Etappe-4-Doberdol-Milishevc-Wanderung-16x12.jpg 16w\" sizes=\"(max-width: 1275px) 100vw, 1275px\" \/><\/p><p>Milisevc se trouve \u00e0 environ 5 kilom\u00e8tres \u00e0 l'ouest de Roshkodol et est accessible par une route non goudronn\u00e9e. Reste \u00e0 gauche aux WP 9c et 10c. Cette randonn\u00e9e d'une journ\u00e9e s'est termin\u00e9e \u00e0 Milisevc (WP11c), o\u00f9 tu peux passer la nuit dans les refuges de montagne du village.<\/p>\t\t\t\t\t\t\t\t<\/div>\n\t\t\t\t\t<\/div>\n\t\t<\/div>\n\t\t\t\t\t<\/div>\n\t\t<\/section>\n\t\t\t\t\t<\/div>\n\t\t<\/div>\n\t\t\t\t\t<\/div>\n\t\t<\/section>\n\t\t\t\t<section class=\"elementor-section elementor-top-section elementor-element elementor-element-85a480f elementor-section-boxed elementor-section-height-default elementor-section-height-default\" data-id=\"85a480f\" data-element_type=\"section\" data-e-type=\"section\">\n\t\t\t\t\t\t<div class=\"elementor-container elementor-column-gap-default\">\n\t\t\t\t\t<div class=\"elementor-column elementor-col-100 elementor-top-column elementor-element elementor-element-38d6245\" data-id=\"38d6245\" data-element_type=\"column\" data-e-type=\"column\">\n\t\t\t<div class=\"elementor-widget-wrap elementor-element-populated\">\n\t\t\t\t\t\t<div class=\"elementor-element elementor-element-5a3cc9c elementor-align-center elementor-widget elementor-widget-button\" data-id=\"5a3cc9c\" data-element_type=\"widget\" data-e-type=\"widget\" data-widget_type=\"button.default\">\n\t\t\t\t\t\t\t\t\t\t<a class=\"elementor-button elementor-button-link elementor-size-sm elementor-animation-float\" href=\"https:\/\/www.abenteueralbanien.de\/peaks-of-the-balkans-5-10-days\/\" target=\"_blank\" rel=\"noopener\">\n\t\t\t\t\t\t<span class=\"elementor-button-content-wrapper\">\n\t\t\t\t\t\t\t\t\t<span class=\"elementor-button-text\">R\u00e9servation du Peaks of the Balkans Trail<\/span>\n\t\t\t\t\t<\/span>\n\t\t\t\t\t<\/a>\n\t\t\t\t\t\t\t\t<\/div>\n\t\t\t\t\t<\/div>\n\t\t<\/div>\n\t\t\t\t\t<\/div>\n\t\t<\/section>\n\t\t\t\t<\/div>","protected":false},"excerpt":{"rendered":"<p>\u00c9tape 4 : La randonn\u00e9e suivante vous m\u00e8nera du village de bergers isol\u00e9 de Dob\u0451rdol \u00e0 un autre village de bergers moins isol\u00e9 au Kosovo (Milisevc).<\/p>","protected":false},"author":6,"featured_media":1163,"parent":0,"menu_order":0,"comment_status":"closed","ping_status":"closed","template":"elementor_header_footer","meta":{"footnotes":""},"class_list":["post-11890","page","type-page","status-publish","has-post-thumbnail","hentry"],"_links":{"self":[{"href":"https:\/\/peaksofthebalkans.at\/fr\/wp-json\/wp\/v2\/pages\/11890","targetHints":{"allow":["GET"]}}],"collection":[{"href":"https:\/\/peaksofthebalkans.at\/fr\/wp-json\/wp\/v2\/pages"}],"about":[{"href":"https:\/\/peaksofthebalkans.at\/fr\/wp-json\/wp\/v2\/types\/page"}],"author":[{"embeddable":true,"href":"https:\/\/peaksofthebalkans.at\/fr\/wp-json\/wp\/v2\/users\/6"}],"replies":[{"embeddable":true,"href":"https:\/\/peaksofthebalkans.at\/fr\/wp-json\/wp\/v2\/comments?post=11890"}],"version-history":[{"count":94,"href":"https:\/\/peaksofthebalkans.at\/fr\/wp-json\/wp\/v2\/pages\/11890\/revisions"}],"predecessor-version":[{"id":16020,"href":"https:\/\/peaksofthebalkans.at\/fr\/wp-json\/wp\/v2\/pages\/11890\/revisions\/16020"}],"wp:featuredmedia":[{"embeddable":true,"href":"https:\/\/peaksofthebalkans.at\/fr\/wp-json\/wp\/v2\/media\/1163"}],"wp:attachment":[{"href":"https:\/\/peaksofthebalkans.at\/fr\/wp-json\/wp\/v2\/media?parent=11890"}],"curies":[{"name":"wp","href":"https:\/\/api.w.org\/{rel}","templated":true}]}}