{"id":11838,"date":"2024-02-04T22:44:30","date_gmt":"2024-02-04T21:44:30","guid":{"rendered":"https:\/\/project.howdymeta.com\/?page_id=11838"},"modified":"2026-03-07T11:10:57","modified_gmt":"2026-03-07T10:10:57","slug":"etape-8-babino-polje-plav","status":"publish","type":"page","link":"https:\/\/peaksofthebalkans.at\/fr\/etappe-8-babino-polje-plav\/","title":{"rendered":"Peaks of the Balkans Tron\u00e7on 8 : Babino Polje - Plav"},"content":{"rendered":"<div data-elementor-type=\"wp-page\" data-elementor-id=\"11838\" class=\"elementor elementor-11838\" data-elementor-post-type=\"page\">\n\t\t\t\t\t\t<section class=\"elementor-section elementor-top-section elementor-element elementor-element-0577b7d elementor-section-height-min-height elementor-section-boxed elementor-section-height-default elementor-section-items-middle\" data-id=\"0577b7d\" data-element_type=\"section\" data-e-type=\"section\" data-settings=\"{&quot;background_background&quot;:&quot;classic&quot;}\">\n\t\t\t\t\t\t<div class=\"elementor-container elementor-column-gap-no\">\n\t\t\t\t\t<div class=\"elementor-column elementor-col-100 elementor-top-column elementor-element elementor-element-29ef007\" data-id=\"29ef007\" data-element_type=\"column\" data-e-type=\"column\">\n\t\t\t<div class=\"elementor-widget-wrap elementor-element-populated\">\n\t\t\t\t\t\t<div class=\"elementor-element elementor-element-4c91e8c elementor-widget elementor-widget-heading\" data-id=\"4c91e8c\" data-element_type=\"widget\" data-e-type=\"widget\" data-widget_type=\"heading.default\">\n\t\t\t\t\t<h1 class=\"elementor-heading-title elementor-size-default\">Peaks of the Balkans Tron\u00e7on 8 : Babino Polje - Plav<\/h1>\t\t\t\t<\/div>\n\t\t\t\t\t<\/div>\n\t\t<\/div>\n\t\t\t\t\t<\/div>\n\t\t<\/section>\n\t\t\t\t<section class=\"elementor-section elementor-top-section elementor-element elementor-element-904394b elementor-section-boxed elementor-section-height-default elementor-section-height-default\" data-id=\"904394b\" data-element_type=\"section\" data-e-type=\"section\">\n\t\t\t\t\t\t<div class=\"elementor-container elementor-column-gap-default\">\n\t\t\t\t\t<div class=\"elementor-column elementor-col-100 elementor-top-column elementor-element elementor-element-5eeb229\" data-id=\"5eeb229\" data-element_type=\"column\" data-e-type=\"column\">\n\t\t\t<div class=\"elementor-widget-wrap elementor-element-populated\">\n\t\t\t\t\t\t<section class=\"elementor-section elementor-inner-section elementor-element elementor-element-a873c8c elementor-section-boxed elementor-section-height-default elementor-section-height-default\" data-id=\"a873c8c\" data-element_type=\"section\" data-e-type=\"section\">\n\t\t\t\t\t\t<div class=\"elementor-container elementor-column-gap-default\">\n\t\t\t\t\t<div class=\"elementor-column elementor-col-100 elementor-inner-column elementor-element elementor-element-17dd19c\" data-id=\"17dd19c\" data-element_type=\"column\" data-e-type=\"column\">\n\t\t\t<div class=\"elementor-widget-wrap elementor-element-populated\">\n\t\t\t\t\t\t<div class=\"elementor-element elementor-element-53e38bd elementor-widget elementor-widget-heading\" data-id=\"53e38bd\" data-element_type=\"widget\" data-e-type=\"widget\" data-widget_type=\"heading.default\">\n\t\t\t\t\t<h2 class=\"elementor-heading-title elementor-size-default\">Etape 8 : Randonn\u00e9e Babino Polje, - lac Hrid - Plav<\/h2>\t\t\t\t<\/div>\n\t\t\t\t<div class=\"elementor-element elementor-element-3f9088f elementor-widget elementor-widget-text-editor\" data-id=\"3f9088f\" data-element_type=\"widget\" data-e-type=\"widget\" data-widget_type=\"text-editor.default\">\n\t\t\t\t\t\t\t\t\t<p>Distance du parcours : 20,31 kilom\u00e8tres<br \/>Altitude min : 953 m\u00e8tres max : 2.068 m\u00e8tres<br \/>D\u00e9nivel\u00e9 en mont\u00e9e : 719 m\u00e8tres, en descente : 1.250 m\u00e8tres<br \/>Niveau de difficult\u00e9 : Mod\u00e9r\u00e9<br \/>Dur\u00e9e : 7-8 heures<br \/>Marques : cercle rouge\/remplissage blanc<\/p><h3>Peaks of the Balkans Tron\u00e7on 8 : Carte &amp; profil d'altitude<\/h3>\t\t\t\t\t\t\t\t<\/div>\n\t\t\t\t<div class=\"elementor-element elementor-element-a93d5f8 elementor-widget elementor-widget-image\" data-id=\"a93d5f8\" data-element_type=\"widget\" data-e-type=\"widget\" data-widget_type=\"image.default\">\n\t\t\t\t\t\t\t\t\t\t\t\t\t\t\t<img fetchpriority=\"high\" decoding=\"async\" width=\"1156\" height=\"598\" src=\"https:\/\/peaksofthebalkans.at\/wp-content\/uploads\/2019\/01\/8fin_orig.png\" class=\"attachment-full size-full wp-image-282\" alt=\"Peaks of the Balkans Tron\u00e7on 8 : Carte &amp; profil d&#039;altitude\" srcset=\"https:\/\/peaksofthebalkans.at\/wp-content\/uploads\/2019\/01\/8fin_orig.png 1156w, https:\/\/peaksofthebalkans.at\/wp-content\/uploads\/2019\/01\/8fin_orig-300x155.png 300w, https:\/\/peaksofthebalkans.at\/wp-content\/uploads\/2019\/01\/8fin_orig-768x397.png 768w, https:\/\/peaksofthebalkans.at\/wp-content\/uploads\/2019\/01\/8fin_orig-1024x530.png 1024w, https:\/\/peaksofthebalkans.at\/wp-content\/uploads\/2019\/01\/8fin_orig-1080x559.png 1080w\" sizes=\"(max-width: 1156px) 100vw, 1156px\" \/>\t\t\t\t\t\t\t\t\t\t\t\t\t\t\t<\/div>\n\t\t\t\t<div class=\"elementor-element elementor-element-0d7df74 elementor-align-center elementor-widget elementor-widget-button\" data-id=\"0d7df74\" data-element_type=\"widget\" data-e-type=\"widget\" data-widget_type=\"button.default\">\n\t\t\t\t\t\t\t\t\t\t<a class=\"elementor-button elementor-button-link elementor-size-sm elementor-animation-float\" href=\"https:\/\/www.abenteueralbanien.de\/peaks-of-the-balkans-5-10-days\/\" target=\"_blank\" rel=\"noopener\">\n\t\t\t\t\t\t<span class=\"elementor-button-content-wrapper\">\n\t\t\t\t\t\t\t\t\t<span class=\"elementor-button-text\">R\u00e9servation du Peaks of the Balkans Trail<\/span>\n\t\t\t\t\t<\/span>\n\t\t\t\t\t<\/a>\n\t\t\t\t\t\t\t\t<\/div>\n\t\t\t\t<div class=\"elementor-element elementor-element-7c7e25d elementor-widget elementor-widget-text-editor\" data-id=\"7c7e25d\" data-element_type=\"widget\" data-e-type=\"widget\" data-widget_type=\"text-editor.default\">\n\t\t\t\t\t\t\t\t\t<p>La randonn\u00e9e de Babino Polje \u00e0 Plav est une \u00e9tape un peu plus longue. La randonn\u00e9e monte jusqu'au magnifique lac Hrid et se termine dans la ville de Plav.<\/p><p>La meilleure fa\u00e7on de diviser cette randonn\u00e9e d'une journ\u00e9e en deux \u00e9tapes est de passer la nuit \u00e0 Treskavi\u010dki Katun\/Katun Treskavica (point de rep\u00e8re 4g), o\u00f9 la distance<br \/>12,1 kilom\u00e8tres le premier jour et 8,2 kilom\u00e8tres le deuxi\u00e8me jour. En \u00e9t\u00e9 (de fin juin \u00e0 fin septembre), il y a des bergers \u00e0 Treskavi\u010dki Katun, aupr\u00e8s desquels tu peux obtenir de la nourriture fra\u00eeche et, le cas \u00e9ch\u00e9ant, une possibilit\u00e9 de se loger. Si tu partages cette randonn\u00e9e, le premier jour sera principalement une mont\u00e9e et le deuxi\u00e8me une descente.<br \/>et le deuxi\u00e8me jour serait la descente vers la ville de Plav.<\/p><p>Tu commences \u00e0 la crois\u00e9e des chemins \u00e0 Babino Polje (300 m au sud-est de la<br \/>Refuges \u00e9cologiques \"Hrid\", point de rep\u00e8re 11f ), le sentier continue \u00e0 travers la for\u00eat<br \/>vers Katun Bajrovica, o\u00f9 l'on peut acheter des sp\u00e9cialit\u00e9s faites maison.<\/p><p>De l\u00e0, le sentier de randonn\u00e9e part de Tepsijica et longe la rivi\u00e8re Hridska Rijeka en continuant vers l'ouest jusqu'au c\u00f4t\u00e9 est de la rivi\u00e8re Hrid (\u00e0 une altitude de plus de 1800 m, point de rep\u00e8re 1g). Il est possible de faire le tour du lac et sa partie ouest offre des points de vue particuli\u00e8rement beaux. Le lac Hrid est une r\u00e9serve naturelle (le niveau de protection le plus \u00e9lev\u00e9) au sein du parc national de Prokletije et le camping n'y est pas autoris\u00e9.<\/p><p>Le sentier continue vers un autre point de vue au Sacirov vrh (sommet de Sacirov). Il est suivi par le promontoire rocheux de Veliki Hrid (num\u00e9ro 540 sur le r\u00e9seau national de sentiers), le point suivant est Veliki Hrid (point de rep\u00e8re 2g, 2011m). On descend ensuite la colline de Trskavica, en passant par les chalets d'\u00e9t\u00e9 de Katun Treskavica (Katun Temnjak, point de rep\u00e8re 4g). Le long de la rivi\u00e8re Treskavicka, il y a une route foresti\u00e8re que l'on traverse en direction de Kofilajca. Le sentier continue le long du bord nord de la Kofiljaca et traverse le Redzov dol pour quitter la for\u00eat pr\u00e8s de Korita.<\/p><p>De l\u00e0, on continue sur une route non goudronn\u00e9e, suivie de<br \/>d'une route asphalt\u00e9e (point de rep\u00e8re 5g). Le chemin longe ensuite l'ancienne sym\u00e9trie ottomane, caract\u00e9ristique de l'architecture de la ville, et atteint le rond-point au centre de Plav (point de rep\u00e8re 6g). \u00c0 Plav, il est possible de visiter la Redzepagica Kula (tour) et l'ancienne mosqu\u00e9e en bois. Des magasins d'alimentation, des aires de repos et des possibilit\u00e9s d'h\u00e9bergement y sont \u00e9galement disponibles.<\/p>\t\t\t\t\t\t\t\t<\/div>\n\t\t\t\t\t<\/div>\n\t\t<\/div>\n\t\t\t\t\t<\/div>\n\t\t<\/section>\n\t\t\t\t\t<\/div>\n\t\t<\/div>\n\t\t\t\t\t<\/div>\n\t\t<\/section>\n\t\t\t\t<section class=\"elementor-section elementor-top-section elementor-element elementor-element-abb68f7 elementor-section-boxed elementor-section-height-default elementor-section-height-default\" data-id=\"abb68f7\" data-element_type=\"section\" data-e-type=\"section\">\n\t\t\t\t\t\t<div class=\"elementor-container elementor-column-gap-default\">\n\t\t\t\t\t<div class=\"elementor-column elementor-col-100 elementor-top-column elementor-element elementor-element-373d19e\" data-id=\"373d19e\" data-element_type=\"column\" data-e-type=\"column\">\n\t\t\t<div class=\"elementor-widget-wrap elementor-element-populated\">\n\t\t\t\t\t\t<div class=\"elementor-element elementor-element-4b439ba elementor-align-center elementor-widget elementor-widget-button\" data-id=\"4b439ba\" data-element_type=\"widget\" data-e-type=\"widget\" data-widget_type=\"button.default\">\n\t\t\t\t\t\t\t\t\t\t<a class=\"elementor-button elementor-button-link elementor-size-sm elementor-animation-float\" href=\"https:\/\/www.abenteueralbanien.de\/peaks-of-the-balkans-5-10-days\/\" target=\"_blank\" rel=\"noopener\">\n\t\t\t\t\t\t<span class=\"elementor-button-content-wrapper\">\n\t\t\t\t\t\t\t\t\t<span class=\"elementor-button-text\">R\u00e9servation du Peaks of the Balkans Trail<\/span>\n\t\t\t\t\t<\/span>\n\t\t\t\t\t<\/a>\n\t\t\t\t\t\t\t\t<\/div>\n\t\t\t\t\t<\/div>\n\t\t<\/div>\n\t\t\t\t\t<\/div>\n\t\t<\/section>\n\t\t\t\t<\/div>","protected":false},"excerpt":{"rendered":"<p>Tron\u00e7on 8 : la randonn\u00e9e de Babino Polje \u00e0 Plav est un tron\u00e7on un peu plus long. La randonn\u00e9e monte jusqu'au magnifique lac Hrid et se termine dans la ville de Plav. <\/p>","protected":false},"author":6,"featured_media":443,"parent":0,"menu_order":0,"comment_status":"closed","ping_status":"closed","template":"elementor_header_footer","meta":{"footnotes":""},"class_list":["post-11838","page","type-page","status-publish","has-post-thumbnail","hentry"],"_links":{"self":[{"href":"https:\/\/peaksofthebalkans.at\/fr\/wp-json\/wp\/v2\/pages\/11838","targetHints":{"allow":["GET"]}}],"collection":[{"href":"https:\/\/peaksofthebalkans.at\/fr\/wp-json\/wp\/v2\/pages"}],"about":[{"href":"https:\/\/peaksofthebalkans.at\/fr\/wp-json\/wp\/v2\/types\/page"}],"author":[{"embeddable":true,"href":"https:\/\/peaksofthebalkans.at\/fr\/wp-json\/wp\/v2\/users\/6"}],"replies":[{"embeddable":true,"href":"https:\/\/peaksofthebalkans.at\/fr\/wp-json\/wp\/v2\/comments?post=11838"}],"version-history":[{"count":30,"href":"https:\/\/peaksofthebalkans.at\/fr\/wp-json\/wp\/v2\/pages\/11838\/revisions"}],"predecessor-version":[{"id":15754,"href":"https:\/\/peaksofthebalkans.at\/fr\/wp-json\/wp\/v2\/pages\/11838\/revisions\/15754"}],"wp:featuredmedia":[{"embeddable":true,"href":"https:\/\/peaksofthebalkans.at\/fr\/wp-json\/wp\/v2\/media\/443"}],"wp:attachment":[{"href":"https:\/\/peaksofthebalkans.at\/fr\/wp-json\/wp\/v2\/media?parent=11838"}],"curies":[{"name":"wp","href":"https:\/\/api.w.org\/{rel}","templated":true}]}}