{"id":11796,"date":"2024-02-04T22:20:47","date_gmt":"2024-02-04T21:20:47","guid":{"rendered":"https:\/\/project.howdymeta.com\/?page_id=11796"},"modified":"2026-03-07T11:22:42","modified_gmt":"2026-03-07T10:22:42","slug":"etape-10-vusanje-theth","status":"publish","type":"page","link":"https:\/\/peaksofthebalkans.at\/fr\/etappe-10-vusanje-theth\/","title":{"rendered":"Peaks of the Balkans Tron\u00e7on 10 : Vusanje - Theth"},"content":{"rendered":"<div data-elementor-type=\"wp-page\" data-elementor-id=\"11796\" class=\"elementor elementor-11796\" data-elementor-post-type=\"page\">\n\t\t\t\t\t\t<section class=\"elementor-section elementor-top-section elementor-element elementor-element-6fa399d elementor-section-height-min-height elementor-section-boxed elementor-section-height-default elementor-section-items-middle\" data-id=\"6fa399d\" data-element_type=\"section\" data-e-type=\"section\" data-settings=\"{&quot;background_background&quot;:&quot;classic&quot;}\">\n\t\t\t\t\t\t\t<div class=\"elementor-background-overlay\"><\/div>\n\t\t\t\t\t\t\t<div class=\"elementor-container elementor-column-gap-no\">\n\t\t\t\t\t<div class=\"elementor-column elementor-col-100 elementor-top-column elementor-element elementor-element-1fdc6e9\" data-id=\"1fdc6e9\" data-element_type=\"column\" data-e-type=\"column\">\n\t\t\t<div class=\"elementor-widget-wrap elementor-element-populated\">\n\t\t\t\t\t\t<div class=\"elementor-element elementor-element-dd856d5 elementor-widget elementor-widget-heading\" data-id=\"dd856d5\" data-element_type=\"widget\" data-e-type=\"widget\" data-widget_type=\"heading.default\">\n\t\t\t\t\t<h1 class=\"elementor-heading-title elementor-size-default\">Peaks of the Balkans Tron\u00e7on 10 : Vusanje - Theth<\/h1>\t\t\t\t<\/div>\n\t\t\t\t\t<\/div>\n\t\t<\/div>\n\t\t\t\t\t<\/div>\n\t\t<\/section>\n\t\t\t\t<section class=\"elementor-section elementor-top-section elementor-element elementor-element-6c8e445 elementor-section-boxed elementor-section-height-default elementor-section-height-default\" data-id=\"6c8e445\" data-element_type=\"section\" data-e-type=\"section\">\n\t\t\t\t\t\t<div class=\"elementor-container elementor-column-gap-default\">\n\t\t\t\t\t<div class=\"elementor-column elementor-col-100 elementor-top-column elementor-element elementor-element-cc3c947\" data-id=\"cc3c947\" data-element_type=\"column\" data-e-type=\"column\">\n\t\t\t<div class=\"elementor-widget-wrap elementor-element-populated\">\n\t\t\t\t\t\t<section class=\"elementor-section elementor-inner-section elementor-element elementor-element-2b09e11 elementor-section-boxed elementor-section-height-default elementor-section-height-default\" data-id=\"2b09e11\" data-element_type=\"section\" data-e-type=\"section\">\n\t\t\t\t\t\t<div class=\"elementor-container elementor-column-gap-default\">\n\t\t\t\t\t<div class=\"elementor-column elementor-col-100 elementor-inner-column elementor-element elementor-element-8de2bed\" data-id=\"8de2bed\" data-element_type=\"column\" data-e-type=\"column\">\n\t\t\t<div class=\"elementor-widget-wrap elementor-element-populated\">\n\t\t\t\t\t\t<div class=\"elementor-element elementor-element-3d2de73 elementor-widget elementor-widget-heading\" data-id=\"3d2de73\" data-element_type=\"widget\" data-e-type=\"widget\" data-widget_type=\"heading.default\">\n\t\t\t\t\t<h2 class=\"elementor-heading-title elementor-size-default\">Etape 10 : Randonn\u00e9e Vusanje - Theth<\/h2>\t\t\t\t<\/div>\n\t\t\t\t<div class=\"elementor-element elementor-element-9d754c5 elementor-widget elementor-widget-text-editor\" data-id=\"9d754c5\" data-element_type=\"widget\" data-e-type=\"widget\" data-widget_type=\"text-editor.default\">\n\t\t\t\t\t\t\t\t\t<p>Parcours : 21 kilom\u00e8tres<\/p><p>Altitude minimale : 726 m\u00e8tres, altitude maximale : 1.748 m\u00e8tres<\/p><p>Altitude totale en mont\u00e9e : 1.111 m\u00e8tres, en descente : 1.437 m\u00e8tres<\/p><p>Dur\u00e9e : 8 heures<\/p><p>Niveau de difficult\u00e9 : moyen<\/p><p>Marques jusqu'\u00e0 la fronti\u00e8re : cercle rouge\/remplissage blanc De la fronti\u00e8re \u00e0 Theth : rouge\/ blanc Rouge<\/p><p>\u00a0<\/p><h3>Peaks of the Balkans Tron\u00e7on 10 - Carte &amp; profil d'altitude de la randonn\u00e9e<\/h3>\t\t\t\t\t\t\t\t<\/div>\n\t\t\t\t<div class=\"elementor-element elementor-element-142d6d6 elementor-widget elementor-widget-image\" data-id=\"142d6d6\" data-element_type=\"widget\" data-e-type=\"widget\" data-widget_type=\"image.default\">\n\t\t\t\t\t\t\t\t\t\t\t\t\t\t\t<img fetchpriority=\"high\" decoding=\"async\" width=\"1161\" height=\"602\" src=\"https:\/\/peaksofthebalkans.at\/wp-content\/uploads\/2019\/01\/10fin_orig.png\" class=\"attachment-full size-full wp-image-293\" alt=\"Vusanje - Theth, profil d&#039;altitude\" srcset=\"https:\/\/peaksofthebalkans.at\/wp-content\/uploads\/2019\/01\/10fin_orig.png 1161w, https:\/\/peaksofthebalkans.at\/wp-content\/uploads\/2019\/01\/10fin_orig-300x156.png 300w, https:\/\/peaksofthebalkans.at\/wp-content\/uploads\/2019\/01\/10fin_orig-768x398.png 768w, https:\/\/peaksofthebalkans.at\/wp-content\/uploads\/2019\/01\/10fin_orig-1024x531.png 1024w, https:\/\/peaksofthebalkans.at\/wp-content\/uploads\/2019\/01\/10fin_orig-1080x560.png 1080w\" sizes=\"(max-width: 1161px) 100vw, 1161px\" \/>\t\t\t\t\t\t\t\t\t\t\t\t\t\t\t<\/div>\n\t\t\t\t<div class=\"elementor-element elementor-element-3dc7d6e elementor-align-center elementor-widget elementor-widget-button\" data-id=\"3dc7d6e\" data-element_type=\"widget\" data-e-type=\"widget\" data-widget_type=\"button.default\">\n\t\t\t\t\t\t\t\t\t\t<a class=\"elementor-button elementor-button-link elementor-size-sm elementor-animation-float\" href=\"https:\/\/www.abenteueralbanien.de\/peaks-of-the-balkans-5-10-days\/\" target=\"_blank\" rel=\"noopener\">\n\t\t\t\t\t\t<span class=\"elementor-button-content-wrapper\">\n\t\t\t\t\t\t\t\t\t<span class=\"elementor-button-text\">R\u00e9servation du Peaks of the Balkans Trail<\/span>\n\t\t\t\t\t<\/span>\n\t\t\t\t\t<\/a>\n\t\t\t\t\t\t\t\t<\/div>\n\t\t\t\t<div class=\"elementor-element elementor-element-2916754 elementor-widget elementor-widget-text-editor\" data-id=\"2916754\" data-element_type=\"widget\" data-e-type=\"widget\" data-widget_type=\"text-editor.default\">\n\t\t\t\t\t\t\t\t\t<p>Il s'agit d'une randonn\u00e9e relativement longue qui traverse la fronti\u00e8re entre le Mont\u00e9n\u00e9gro et l'Albanie. Le sentier longe la partie la plus escarp\u00e9e des montagnes Prokletje\/Bjeshk\u0451t e Namuna\/Alpet Shqip\u0451tare. Presque toute la randonn\u00e9e est entour\u00e9e de montagnes escarp\u00e9es avec des vues \u00e0 couper le souffle. Cet itin\u00e9raire nous permet de jeter un \u0153il sur le pass\u00e9 de la r\u00e9gion, lorsqu'elle \u00e9tait une zone interdite pendant l'\u00e8re communiste. Au poste-fronti\u00e8re, un poste militaire frontalier, un bunker et le panneau pyramidal du poste-fronti\u00e8re sont encore conserv\u00e9s. La randonn\u00e9e de transfert se termine dans le magnifique village de Theth avec ses maisons-tours traditionnelles entour\u00e9es de montagnes escarp\u00e9es.<\/p><p>Si vous souhaitez diviser cette randonn\u00e9e en deux parties (deux jours), le meilleur endroit pour passer la nuit est la prairie pr\u00e8s de Sheh i Bardh (WP 6i), o\u00f9 vous pouvez monter votre tente. En \u00e9t\u00e9, il y a peut-\u00eatre aussi des bergers pr\u00e8s de l'ancien b\u00e2timent de la police des fronti\u00e8res, aupr\u00e8s desquels vous pouvez acheter des aliments frais. Cet endroit se trouve presque au milieu du chemin.<\/p><p>La randonn\u00e9e commence \u00e0 Vusanje (WP 4h) et se poursuit vers le sud-ouest le long d'une route non goudronn\u00e9e. Apr\u00e8s<br \/>env. 300 m\u00e8tres plus loin, nous trouvons une magnifique cascade qui jaillit de la rivi\u00e8re Grlja (WP<br \/>1i). Notre randonn\u00e9e se poursuit sur le chemin de terre et, apr\u00e8s environ 1,4 kilom\u00e8tre, nous tournons \u00e0 droite.<br \/>\u00e0 droite et continuons sur environ 50 m\u00e8tres sur un \u00e9troit chemin pi\u00e9ton jusqu'\u00e0<br \/>pour arriver \u00e0 une autre curiosit\u00e9 de la r\u00e9gion - l'\"\u0153il bleu\". L'\u0153il bleu est un petit lac dont les riches<br \/>Les sources d'eau souterraines lui conf\u00e8rent la couleur bleut\u00e9e de son eau (WP 2i).<br \/>Depuis l'\u0153il bleu, nous nous tournons \u00e0 nouveau vers le chemin de terre et le suivons vers le sud-ouest. Apr\u00e8s<br \/>environ 2 kilom\u00e8tres plus loin, nous atteignons une belle prairie (WP 3i). Les voyageurs peuvent<br \/>atteindre ce point m\u00eame avec la traction int\u00e9grale.<\/p><p>Notre itin\u00e9raire se dirige doucement vers le sud-ouest sur un sentier facile \u00e0 parcourir, bord\u00e9 de montagnes abruptes. Apr\u00e8s avoir suivi la vall\u00e9e pendant deux kilom\u00e8tres vers le sud-ouest, nous arrivons \u00e0 un lac (Li\u0107eni G\u0161fars) qui, en \u00e9t\u00e9, est tr\u00e8s fr\u00e9quent\u00e9.<br \/>est \u00e9ventuellement d\u00e9shydrat\u00e9e.<\/p><p><img decoding=\"async\" class=\"alignnone size-full wp-image-14790\" src=\"https:\/\/peaksofthebalkans.at\/wp-content\/uploads\/2026\/01\/Peaks-of-the-Balkans-Etappe-10-See.jpg\" alt=\"Peaks of the Balkans Tron\u00e7on 10 Lac\" width=\"2000\" height=\"1500\" srcset=\"https:\/\/peaksofthebalkans.at\/wp-content\/uploads\/2026\/01\/Peaks-of-the-Balkans-Etappe-10-See.jpg 2000w, https:\/\/peaksofthebalkans.at\/wp-content\/uploads\/2026\/01\/Peaks-of-the-Balkans-Etappe-10-See-300x225.jpg 300w, https:\/\/peaksofthebalkans.at\/wp-content\/uploads\/2026\/01\/Peaks-of-the-Balkans-Etappe-10-See-1024x768.jpg 1024w, https:\/\/peaksofthebalkans.at\/wp-content\/uploads\/2026\/01\/Peaks-of-the-Balkans-Etappe-10-See-768x576.jpg 768w, https:\/\/peaksofthebalkans.at\/wp-content\/uploads\/2026\/01\/Peaks-of-the-Balkans-Etappe-10-See-1536x1152.jpg 1536w, https:\/\/peaksofthebalkans.at\/wp-content\/uploads\/2026\/01\/Peaks-of-the-Balkans-Etappe-10-See-16x12.jpg 16w\" sizes=\"(max-width: 2000px) 100vw, 2000px\" \/><\/p><p>Nous suivons le chemin vers le sud-ouest et apr\u00e8s environ 500 m\u00e8tres<br \/>nous atteignons la fronti\u00e8re albanaise, o\u00f9 se trouve une pyramide (WP 4i) datant de l'\u00e9poque communiste<br \/>rappelle que l'on a p\u00e9n\u00e9tr\u00e9 dans une zone frontali\u00e8re. Sur la pyramide, le motif albanais et les<br \/>lettres \u00e9crites \"RPSSH\". RPSSH est l'abr\u00e9viation de \"Sozialistische<br \/>R\u00e9publique populaire d'Albanie\" (Republika Popullore Socialiste e Shqip\u0451ris\u0451).<\/p><p>Depuis la fronti\u00e8re, nous continuons \u00e0 monter vers le sud-ouest, d'abord \u00e0 travers une for\u00eat de ch\u00eanes, puis \u00e0 travers une for\u00eat de pins, environ 1,4 kilom\u00e8tre plus loin, nous arrivons \u00e0 une tr\u00e8s belle prairie (Fusha e Ruinic\u0451s).<\/p><p><img decoding=\"async\" class=\"alignnone size-full wp-image-14789\" src=\"https:\/\/peaksofthebalkans.at\/wp-content\/uploads\/2026\/01\/Peaks-of-the-Balkans-Etappe-10-Wiese.jpg\" alt=\"Peaks of the Balkans Tron\u00e7on 10 Wiese\" width=\"2000\" height=\"1123\" srcset=\"https:\/\/peaksofthebalkans.at\/wp-content\/uploads\/2026\/01\/Peaks-of-the-Balkans-Etappe-10-Wiese.jpg 2000w, https:\/\/peaksofthebalkans.at\/wp-content\/uploads\/2026\/01\/Peaks-of-the-Balkans-Etappe-10-Wiese-300x168.jpg 300w, https:\/\/peaksofthebalkans.at\/wp-content\/uploads\/2026\/01\/Peaks-of-the-Balkans-Etappe-10-Wiese-1024x575.jpg 1024w, https:\/\/peaksofthebalkans.at\/wp-content\/uploads\/2026\/01\/Peaks-of-the-Balkans-Etappe-10-Wiese-768x431.jpg 768w, https:\/\/peaksofthebalkans.at\/wp-content\/uploads\/2026\/01\/Peaks-of-the-Balkans-Etappe-10-Wiese-1536x862.jpg 1536w, https:\/\/peaksofthebalkans.at\/wp-content\/uploads\/2026\/01\/Peaks-of-the-Balkans-Etappe-10-Wiese-18x10.jpg 18w\" sizes=\"(max-width: 2000px) 100vw, 2000px\" \/><\/p><p>C'est un endroit accueillant pour se reposer. Pr\u00e8s de Fusha e Ruinic\u0451s se trouve une source d'eau \u00e0 proximit\u00e9 des cabanes d'\u00e9t\u00e9 des bergers (WP 5i).<br \/>L'itin\u00e9raire se poursuit sur un sentier visible vers le sud, sur un terrain plat qui s'enfonce doucement dans la for\u00eat.<br \/>monte \u00e0 travers la vall\u00e9e. Apr\u00e8s environ 1,5 kilom\u00e8tre, nous atteignons un<br \/>bunker et ensuite une source d'eau (WP 6i). 100 m\u00e8tres plus loin. Le<br \/>b\u00e2timent abandonn\u00e9 pr\u00e8s de la source d'eau \u00e9tait autrefois un b\u00e2timent militaire<br \/>pour prot\u00e9ger la fronti\u00e8re. Il y a aussi une belle prairie (She i Bardh\u0451), une bonne<br \/>Option pour camper si vous n'avez pas l'intention d'aller directement \u00e0 Theth.<\/p><p>Depuis She i Bardh\u0451, l'itin\u00e9raire suit la pente douce vers le sud le long d'un sentier visible.<br \/>Nous commen\u00e7ons \u00e0 descendre de plusieurs m\u00e8tres alors que nous nous approchons du lac Pej\u0451s (albanais :<br \/>Liqeni i Pej\u0451s ou Liqeni i Peshkeqes) s'approcher au WP 7i. Depuis le lac, nous commen\u00e7ons une mont\u00e9e<br \/>vers le sud et atteindre le col de Pej\u0451s (Qafa e Pej\u0451s) apr\u00e8s environ 30 minutes. 400 m\u00e8tres. Qafa e<br \/>Pej\u0451s (WP 8i) offre une vue imprenable sur la vall\u00e9e de la Thet.<\/p><p><img loading=\"lazy\" decoding=\"async\" class=\"alignnone size-full wp-image-14792\" src=\"https:\/\/peaksofthebalkans.at\/wp-content\/uploads\/2026\/01\/Peaks-of-the-Balkans-Blick-ins-Theth-Tal-steiler-Abstieg-1.jpg\" alt=\"Peaks of the Balkans Vue sur la vall\u00e9e de Theth Descente abrupte\" width=\"2000\" height=\"1500\" srcset=\"https:\/\/peaksofthebalkans.at\/wp-content\/uploads\/2026\/01\/Peaks-of-the-Balkans-Blick-ins-Theth-Tal-steiler-Abstieg-1.jpg 2000w, https:\/\/peaksofthebalkans.at\/wp-content\/uploads\/2026\/01\/Peaks-of-the-Balkans-Blick-ins-Theth-Tal-steiler-Abstieg-1-300x225.jpg 300w, https:\/\/peaksofthebalkans.at\/wp-content\/uploads\/2026\/01\/Peaks-of-the-Balkans-Blick-ins-Theth-Tal-steiler-Abstieg-1-1024x768.jpg 1024w, https:\/\/peaksofthebalkans.at\/wp-content\/uploads\/2026\/01\/Peaks-of-the-Balkans-Blick-ins-Theth-Tal-steiler-Abstieg-1-768x576.jpg 768w, https:\/\/peaksofthebalkans.at\/wp-content\/uploads\/2026\/01\/Peaks-of-the-Balkans-Blick-ins-Theth-Tal-steiler-Abstieg-1-1536x1152.jpg 1536w, https:\/\/peaksofthebalkans.at\/wp-content\/uploads\/2026\/01\/Peaks-of-the-Balkans-Blick-ins-Theth-Tal-steiler-Abstieg-1-16x12.jpg 16w\" sizes=\"(max-width: 2000px) 100vw, 2000px\" \/><\/p><p>Notre descente du col se fait en zigzag vers le sud sur un chemin tr\u00e8s raide, mais bien am\u00e9nag\u00e9.<br \/>et s\u00fbre. Cela nous conduit dans la vall\u00e9e de Theth. Quand la descente devient plus douce<br \/>le chemin visible traverse une zone bois\u00e9e de pins. Apr\u00e8s environ 1,3 kilom\u00e8tre<br \/>\u00e0 travers la for\u00eat, nous atteignons une source d'eau (WP 9i). La source elle-m\u00eame se trouve<br \/>environ 700 m\u00e8tres avant le village d'Okol dans la vall\u00e9e de la Thet. Depuis Okol, nous suivons une route non goudronn\u00e9e.<br \/>Route vers le sud-est sur un terrain plat au bord de la rivi\u00e8re Thethi et atteindre le village de Theth<br \/>(WP 10i) apr\u00e8s environ 3,8 kilom\u00e8tres plus tard.<\/p><p>Il y a des auberges de village aussi bien \u00e0 Okol qu'\u00e0 Theth. Theth est \u00e9galement une bonne<br \/>Option pour passer un ou deux jours \u00e0 visiter les sites touristiques environnants (par exemple<br \/>\u0153il bleu, cascade, ch\u00e2teau de sang, mus\u00e9e ethnographique, etc.)<\/p>\t\t\t\t\t\t\t\t<\/div>\n\t\t\t\t\t<\/div>\n\t\t<\/div>\n\t\t\t\t\t<\/div>\n\t\t<\/section>\n\t\t\t\t\t<\/div>\n\t\t<\/div>\n\t\t\t\t\t<\/div>\n\t\t<\/section>\n\t\t\t\t<section class=\"elementor-section elementor-top-section elementor-element elementor-element-4546ef8 elementor-section-boxed elementor-section-height-default elementor-section-height-default\" data-id=\"4546ef8\" data-element_type=\"section\" data-e-type=\"section\">\n\t\t\t\t\t\t<div class=\"elementor-container elementor-column-gap-default\">\n\t\t\t\t\t<div class=\"elementor-column elementor-col-100 elementor-top-column elementor-element elementor-element-15b137f\" data-id=\"15b137f\" data-element_type=\"column\" data-e-type=\"column\">\n\t\t\t<div class=\"elementor-widget-wrap elementor-element-populated\">\n\t\t\t\t\t\t<div class=\"elementor-element elementor-element-843d63a elementor-align-center elementor-widget elementor-widget-button\" data-id=\"843d63a\" data-element_type=\"widget\" data-e-type=\"widget\" data-widget_type=\"button.default\">\n\t\t\t\t\t\t\t\t\t\t<a class=\"elementor-button elementor-button-link elementor-size-sm elementor-animation-float\" href=\"https:\/\/www.abenteueralbanien.de\/peaks-of-the-balkans-5-10-days\/\" target=\"_blank\" rel=\"noopener\">\n\t\t\t\t\t\t<span class=\"elementor-button-content-wrapper\">\n\t\t\t\t\t\t\t\t\t<span class=\"elementor-button-text\">R\u00e9servation du sentier des sommets des Balkans<\/span>\n\t\t\t\t\t<\/span>\n\t\t\t\t\t<\/a>\n\t\t\t\t\t\t\t\t<\/div>\n\t\t\t\t\t<\/div>\n\t\t<\/div>\n\t\t\t\t\t<\/div>\n\t\t<\/section>\n\t\t\t\t<\/div>","protected":false},"excerpt":{"rendered":"<p>La 10e \u00e9tape du sentier de grande randonn\u00e9e Peaks of the Balkans te r\u00e9serve encore une fois un moment fort : \u00e0 gauche et \u00e0 droite, les parois abruptes des montagnes karstiques s'\u00e9l\u00e8vent \u00e0 1.000 m\u00e8tres de hauteur. <\/p>","protected":false},"author":6,"featured_media":12787,"parent":0,"menu_order":0,"comment_status":"closed","ping_status":"closed","template":"elementor_header_footer","meta":{"footnotes":""},"class_list":["post-11796","page","type-page","status-publish","has-post-thumbnail","hentry"],"_links":{"self":[{"href":"https:\/\/peaksofthebalkans.at\/fr\/wp-json\/wp\/v2\/pages\/11796","targetHints":{"allow":["GET"]}}],"collection":[{"href":"https:\/\/peaksofthebalkans.at\/fr\/wp-json\/wp\/v2\/pages"}],"about":[{"href":"https:\/\/peaksofthebalkans.at\/fr\/wp-json\/wp\/v2\/types\/page"}],"author":[{"embeddable":true,"href":"https:\/\/peaksofthebalkans.at\/fr\/wp-json\/wp\/v2\/users\/6"}],"replies":[{"embeddable":true,"href":"https:\/\/peaksofthebalkans.at\/fr\/wp-json\/wp\/v2\/comments?post=11796"}],"version-history":[{"count":45,"href":"https:\/\/peaksofthebalkans.at\/fr\/wp-json\/wp\/v2\/pages\/11796\/revisions"}],"predecessor-version":[{"id":15762,"href":"https:\/\/peaksofthebalkans.at\/fr\/wp-json\/wp\/v2\/pages\/11796\/revisions\/15762"}],"wp:featuredmedia":[{"embeddable":true,"href":"https:\/\/peaksofthebalkans.at\/fr\/wp-json\/wp\/v2\/media\/12787"}],"wp:attachment":[{"href":"https:\/\/peaksofthebalkans.at\/fr\/wp-json\/wp\/v2\/media?parent=11796"}],"curies":[{"name":"wp","href":"https:\/\/api.w.org\/{rel}","templated":true}]}}