{"id":11974,"date":"2024-02-08T10:06:51","date_gmt":"2024-02-08T09:06:51","guid":{"rendered":"https:\/\/project.howdymeta.com\/?page_id=11974"},"modified":"2025-10-25T17:46:34","modified_gmt":"2025-10-25T15:46:34","slug":"5-days-self-guided","status":"publish","type":"page","link":"https:\/\/peaksofthebalkans.at\/en\/5-tage-selbst-gefuhrt\/","title":{"rendered":"Peaks of the Balkans 5 days"},"content":{"rendered":"<div data-elementor-type=\"wp-page\" data-elementor-id=\"11974\" class=\"elementor elementor-11974\" data-elementor-post-type=\"page\">\n\t\t\t\t\t\t<section class=\"elementor-section elementor-top-section elementor-element elementor-element-2aa7bda elementor-section-boxed elementor-section-height-default elementor-section-height-default\" data-id=\"2aa7bda\" data-element_type=\"section\" data-e-type=\"section\" data-settings=\"{&quot;background_background&quot;:&quot;classic&quot;}\">\n\t\t\t\t\t\t\t<div class=\"elementor-background-overlay\"><\/div>\n\t\t\t\t\t\t\t<div class=\"elementor-container elementor-column-gap-no\">\n\t\t\t\t\t<div class=\"elementor-column elementor-col-100 elementor-top-column elementor-element elementor-element-bfcc707\" data-id=\"bfcc707\" data-element_type=\"column\" data-e-type=\"column\">\n\t\t\t<div class=\"elementor-widget-wrap elementor-element-populated\">\n\t\t\t\t\t\t<div class=\"elementor-element elementor-element-0aca293 elementor-widget elementor-widget-heading\" data-id=\"0aca293\" data-element_type=\"widget\" data-e-type=\"widget\" data-widget_type=\"heading.default\">\n\t\t\t\t\t<h1 class=\"elementor-heading-title elementor-size-default\"><span style=\"color: var( --e-global-color-21bfb04 )\">Peaks of the Balkans <\/span><span style=\"color: var( --e-global-color-21bfb04 )\">5 days<\/span><\/h1>\t\t\t\t<\/div>\n\t\t\t\t\t<\/div>\n\t\t<\/div>\n\t\t\t\t\t<\/div>\n\t\t<\/section>\n\t\t\t\t<section class=\"elementor-section elementor-top-section elementor-element elementor-element-49ff89a elementor-section-boxed elementor-section-height-default elementor-section-height-default\" data-id=\"49ff89a\" data-element_type=\"section\" data-e-type=\"section\">\n\t\t\t\t\t\t<div class=\"elementor-container elementor-column-gap-default\">\n\t\t\t\t\t<div class=\"elementor-column elementor-col-100 elementor-top-column elementor-element elementor-element-55dea1f\" data-id=\"55dea1f\" data-element_type=\"column\" data-e-type=\"column\">\n\t\t\t<div class=\"elementor-widget-wrap elementor-element-populated\">\n\t\t\t\t\t\t<div class=\"elementor-element elementor-element-eff6ff0 elementor-widget elementor-widget-text-editor\" data-id=\"eff6ff0\" data-element_type=\"widget\" data-e-type=\"widget\" data-widget_type=\"text-editor.default\">\n\t\t\t\t\t\t\t\t\t<p><strong>Countries:<\/strong> Albania, Kosovo and Montenegro&nbsp;<strong>Duration:<\/strong> 10 days | <strong>Travelling style:<\/strong> self-managed -<strong>Difficulty:<\/strong> Medium | <strong>Travelling time:<\/strong> June - October<\/p>\t\t\t\t\t\t\t\t<\/div>\n\t\t\t\t\t<\/div>\n\t\t<\/div>\n\t\t\t\t\t<\/div>\n\t\t<\/section>\n\t\t\t\t<section class=\"elementor-section elementor-top-section elementor-element elementor-element-2273c37 elementor-section-boxed elementor-section-height-default elementor-section-height-default\" data-id=\"2273c37\" data-element_type=\"section\" data-e-type=\"section\">\n\t\t\t\t\t\t<div class=\"elementor-container elementor-column-gap-default\">\n\t\t\t\t\t<div class=\"elementor-column elementor-col-100 elementor-top-column elementor-element elementor-element-9d02105\" data-id=\"9d02105\" data-element_type=\"column\" data-e-type=\"column\">\n\t\t\t<div class=\"elementor-widget-wrap elementor-element-populated\">\n\t\t\t\t\t\t<section class=\"elementor-section elementor-inner-section elementor-element elementor-element-69760fa elementor-section-boxed elementor-section-height-default elementor-section-height-default\" data-id=\"69760fa\" data-element_type=\"section\" data-e-type=\"section\">\n\t\t\t\t\t\t<div class=\"elementor-container elementor-column-gap-default\">\n\t\t\t\t\t<div class=\"elementor-column elementor-col-100 elementor-inner-column elementor-element elementor-element-13f037c\" data-id=\"13f037c\" data-element_type=\"column\" data-e-type=\"column\">\n\t\t\t<div class=\"elementor-widget-wrap elementor-element-populated\">\n\t\t\t\t\t\t<div class=\"elementor-element elementor-element-8a375be elementor-widget elementor-widget-heading\" data-id=\"8a375be\" data-element_type=\"widget\" data-e-type=\"widget\" data-widget_type=\"heading.default\">\n\t\t\t\t\t<h2 class=\"elementor-heading-title elementor-size-default\">Tour Overview Peaks of the Balkans - 5 DAYS SELF-GUIDED<\/h2>\t\t\t\t<\/div>\n\t\t\t\t<div class=\"elementor-element elementor-element-d3463c9 elementor-widget elementor-widget-text-editor\" data-id=\"d3463c9\" data-element_type=\"widget\" data-e-type=\"widget\" data-widget_type=\"text-editor.default\">\n\t\t\t\t\t\t\t\t\t<p>Enjoy five days in the peaks of the Balkans on a self-guided tour to the main highlights of northern Albania. The tour includes two main villages on the tour: Theth, predominantly Roman Catholic, and Valbona, a predominantly Muslim village. The two are divided by Qafa e Valbones. Although these villages were in close proximity in Ottoman times, they had different centres of gravity. Valbona was more connected to Gjakova in Kosovo, while Theth was connected to Shkod\u00ebr in Albania.<\/p>\t\t\t\t\t\t\t\t<\/div>\n\t\t\t\t<div class=\"elementor-element elementor-element-3142f0d elementor-widget elementor-widget-heading\" data-id=\"3142f0d\" data-element_type=\"widget\" data-e-type=\"widget\" data-widget_type=\"heading.default\">\n\t\t\t\t\t<h2 class=\"elementor-heading-title elementor-size-default\">Tour schedule<\/h2>\t\t\t\t<\/div>\n\t\t\t\t<div class=\"elementor-element elementor-element-8ede96d elementor-widget elementor-widget-heading\" data-id=\"8ede96d\" data-element_type=\"widget\" data-e-type=\"widget\" data-widget_type=\"heading.default\">\n\t\t\t\t\t<h3 class=\"elementor-heading-title elementor-size-default\">Day 1: Arrival in Shkodra<\/h3>\t\t\t\t<\/div>\n\t\t\t\t<div class=\"elementor-element elementor-element-f263c29 elementor-widget elementor-widget-text-editor\" data-id=\"f263c29\" data-element_type=\"widget\" data-e-type=\"widget\" data-widget_type=\"text-editor.default\">\n\t\t\t\t\t\t\t\t\t<p>The tour includes the first night in Shkodra after arriving in Albania. You can use this day to enjoy the rich cultural offerings of Shkodra.<\/p>\t\t\t\t\t\t\t\t<\/div>\n\t\t\t\t<div class=\"elementor-element elementor-element-3f55ca8 elementor-widget elementor-widget-heading\" data-id=\"3f55ca8\" data-element_type=\"widget\" data-e-type=\"widget\" data-widget_type=\"heading.default\">\n\t\t\t\t\t<h3 class=\"elementor-heading-title elementor-size-default\">Day 2: Shkoder - Valbone via Lake Komani <\/h3>\t\t\t\t<\/div>\n\t\t\t\t<div class=\"elementor-element elementor-element-d4a56e3 elementor-widget elementor-widget-text-editor\" data-id=\"d4a56e3\" data-element_type=\"widget\" data-e-type=\"widget\" data-widget_type=\"text-editor.default\">\n\t\t\t\t\t\t\t\t\t<p>A public vehicle picks you up and takes you to the village of Koman. After the bus, you will travel by boat through the magnificent lake, which is surrounded by the rock faces of the Cursed Mountains. Your road runs along the Valbona River, whose green colours and white water are created by the collision of the water with the rocks.<\/p>\t\t\t\t\t\t\t\t<\/div>\n\t\t\t\t<div class=\"elementor-element elementor-element-4c77468 elementor-widget elementor-widget-image\" data-id=\"4c77468\" data-element_type=\"widget\" data-e-type=\"widget\" data-widget_type=\"image.default\">\n\t\t\t\t\t\t\t\t\t\t\t\t\t\t\t<img fetchpriority=\"high\" decoding=\"async\" width=\"800\" height=\"800\" src=\"https:\/\/peaksofthebalkans.at\/wp-content\/uploads\/2021\/12\/Lake_Koman_800x800.jpg\" class=\"attachment-full size-full wp-image-1160\" alt=\"\" srcset=\"https:\/\/peaksofthebalkans.at\/wp-content\/uploads\/2021\/12\/Lake_Koman_800x800.jpg 800w, https:\/\/peaksofthebalkans.at\/wp-content\/uploads\/2021\/12\/Lake_Koman_800x800-300x300.jpg 300w, https:\/\/peaksofthebalkans.at\/wp-content\/uploads\/2021\/12\/Lake_Koman_800x800-150x150.jpg 150w, https:\/\/peaksofthebalkans.at\/wp-content\/uploads\/2021\/12\/Lake_Koman_800x800-768x768.jpg 768w, https:\/\/peaksofthebalkans.at\/wp-content\/uploads\/2021\/12\/Lake_Koman_800x800-480x480.jpg 480w\" sizes=\"(max-width: 800px) 100vw, 800px\" \/>\t\t\t\t\t\t\t\t\t\t\t\t\t\t\t<\/div>\n\t\t\t\t<div class=\"elementor-element elementor-element-8ce3c2c elementor-widget elementor-widget-heading\" data-id=\"8ce3c2c\" data-element_type=\"widget\" data-e-type=\"widget\" data-widget_type=\"heading.default\">\n\t\t\t\t\t<h3 class=\"elementor-heading-title elementor-size-default\">Day 3: Hike Valbona - Rosi summit<\/h3>\t\t\t\t<\/div>\n\t\t\t\t<div class=\"elementor-element elementor-element-233094f elementor-widget elementor-widget-text-editor\" data-id=\"233094f\" data-element_type=\"widget\" data-e-type=\"widget\" data-widget_type=\"text-editor.default\">\n\t\t\t\t\t\t\t\t\t<p><span>The hike from Valbona to Maja Rosit or Rosin Vrh leads through the semi-abandoned village of Kukaj. This part is a very beautiful and easy route and in high summer you can stop at some of the village houses for a glass of milk or tea. The trail winds through the gorge for several kilometres and continues with a steep climb. The 2,523 metre-high Rosi peak is located on the border between Albania and Montenegro and offers breathtaking views over both countries. Rosi Mountain is particularly interesting for botanists, as it is home to many flowers such as the endemic Albanian lily.\u00a0<\/span><a href=\"https:\/\/sq.wikipedia.org\/wiki\/Zambaku_shqiptar\" target=\"_blank\" rel=\"noopener\"><span>(Lilium albanicum),<\/span><\/a><span>\u00a0orchids and many others.<\/span><\/p><p><span>Distance: 17.8 km, \u2191 1378 m \u21931594 m<\/span><\/p>\t\t\t\t\t\t\t\t<\/div>\n\t\t\t\t<div class=\"elementor-element elementor-element-df234a3 elementor-widget elementor-widget-heading\" data-id=\"df234a3\" data-element_type=\"widget\" data-e-type=\"widget\" data-widget_type=\"heading.default\">\n\t\t\t\t\t<h3 class=\"elementor-heading-title elementor-size-default\">Day 4: Hike Valbona - Theth <\/h3>\t\t\t\t<\/div>\n\t\t\t\t<div class=\"elementor-element elementor-element-3d9bb40 elementor-widget elementor-widget-text-editor\" data-id=\"3d9bb40\" data-element_type=\"widget\" data-e-type=\"widget\" data-widget_type=\"text-editor.default\">\n\t\t\t\t\t\t\t\t\t<p>Today you will undertake one of Albania's most famous hikes from the town of Valbona (995 m) over the Valbona Pass (1759 m) to Theth (728 m). This 20-kilometre route follows the path of an ancient mule track that connected the tribal regions of Shala and Nikaj.<\/p><p>Distance: 19.5 km, \u2191 850 m \u21931068 m<\/p>\t\t\t\t\t\t\t\t<\/div>\n\t\t\t\t<div class=\"elementor-element elementor-element-7a3acea elementor-widget elementor-widget-image\" data-id=\"7a3acea\" data-element_type=\"widget\" data-e-type=\"widget\" data-widget_type=\"image.default\">\n\t\t\t\t\t\t\t\t\t\t\t\t\t\t\t<img decoding=\"async\" width=\"1800\" height=\"986\" src=\"https:\/\/peaksofthebalkans.at\/wp-content\/uploads\/2021\/12\/Thethi.jpg\" class=\"attachment-full size-full wp-image-1296\" alt=\"Theth Village, Peaks of the Balkans\" srcset=\"https:\/\/peaksofthebalkans.at\/wp-content\/uploads\/2021\/12\/Thethi.jpg 1800w, https:\/\/peaksofthebalkans.at\/wp-content\/uploads\/2021\/12\/Thethi-300x164.jpg 300w, https:\/\/peaksofthebalkans.at\/wp-content\/uploads\/2021\/12\/Thethi-1024x561.jpg 1024w, https:\/\/peaksofthebalkans.at\/wp-content\/uploads\/2021\/12\/Thethi-768x421.jpg 768w, https:\/\/peaksofthebalkans.at\/wp-content\/uploads\/2021\/12\/Thethi-1536x841.jpg 1536w, https:\/\/peaksofthebalkans.at\/wp-content\/uploads\/2021\/12\/Thethi-1080x592.jpg 1080w\" sizes=\"(max-width: 1800px) 100vw, 1800px\" \/>\t\t\t\t\t\t\t\t\t\t\t\t\t\t\t<\/div>\n\t\t\t\t<div class=\"elementor-element elementor-element-a34e7c8 elementor-widget elementor-widget-heading\" data-id=\"a34e7c8\" data-element_type=\"widget\" data-e-type=\"widget\" data-widget_type=\"heading.default\">\n\t\t\t\t\t<h3 class=\"elementor-heading-title elementor-size-default\">Day 5: Hike Theth - Nderlyse - Blue Eye <\/h3>\t\t\t\t<\/div>\n\t\t\t\t<div class=\"elementor-element elementor-element-51a2499 elementor-widget elementor-widget-text-editor\" data-id=\"51a2499\" data-element_type=\"widget\" data-e-type=\"widget\" data-widget_type=\"text-editor.default\">\n\t\t\t\t\t\t\t\t\t<p><span>A remote, lost village has become the epicentre of visitors while preserving architecture and nature. The village still has the Kulla and other buildings from the Middle Ages. The village is 100 per cent Roman Catholic and has the most unique structure in the world. Kulla e Ngujimit, a three-storey rock building without windows. You spend this day walking around the village to the waterfalls and naturally formed \"bathtubs\" of the Shala River. This is a relaxing walk full of culture and natural beauty. Although the walk is quite long, it is not difficult as you are travelling on a path with few ascents and descents. At the end of the trail, you will be picked up and taken to Shkodra.\u00a0<\/span><\/p><p><span>Distance: 11.5 km, \u2191 266 m \u2193 435 m<\/span><\/p>\t\t\t\t\t\t\t\t<\/div>\n\t\t\t\t<div class=\"elementor-element elementor-element-484c2d3 elementor-widget-divider--view-line elementor-widget elementor-widget-divider\" data-id=\"484c2d3\" data-element_type=\"widget\" data-e-type=\"widget\" data-widget_type=\"divider.default\">\n\t\t\t\t\t\t\t<div class=\"elementor-divider\">\n\t\t\t<span class=\"elementor-divider-separator\">\n\t\t\t\t\t\t<\/span>\n\t\t<\/div>\n\t\t\t\t\t\t<\/div>\n\t\t\t\t<div class=\"elementor-element elementor-element-56eb912 elementor-widget elementor-widget-heading\" data-id=\"56eb912\" data-element_type=\"widget\" data-e-type=\"widget\" data-widget_type=\"heading.default\">\n\t\t\t\t\t<p class=\"elementor-heading-title elementor-size-default\">Included<\/p>\t\t\t\t<\/div>\n\t\t\t\t<div class=\"elementor-element elementor-element-25f88a7 elementor-widget elementor-widget-text-editor\" data-id=\"25f88a7\" data-element_type=\"widget\" data-e-type=\"widget\" data-widget_type=\"text-editor.default\">\n\t\t\t\t\t\t\t\t\t<ul><li>GPS tracks for navigation via a smartphone app or on your own GPS device<\/li><li>Accommodation: 2x hotel, 3x guest house<\/li><li>Transfers as indicated in the itinerary<\/li><li>Meals (4x breakfast, 3x packed lunch, 3x dinner)<\/li><li>Border crossing permits<\/li><li>Customer support around the clock<\/li><\/ul>\t\t\t\t\t\t\t\t<\/div>\n\t\t\t\t<div class=\"elementor-element elementor-element-301df62 elementor-widget elementor-widget-heading\" data-id=\"301df62\" data-element_type=\"widget\" data-e-type=\"widget\" data-widget_type=\"heading.default\">\n\t\t\t\t\t<p class=\"elementor-heading-title elementor-size-default\">Not included<\/p>\t\t\t\t<\/div>\n\t\t\t\t<div class=\"elementor-element elementor-element-89b40f1 elementor-widget elementor-widget-text-editor\" data-id=\"89b40f1\" data-element_type=\"widget\" data-e-type=\"widget\" data-widget_type=\"text-editor.default\">\n\t\t\t\t\t\t\t\t\t<ul><li><span><span>Luggage transport (can be offered on request)<\/span><\/span><\/li><li><span><span>Pick-up and return transfer from the airport (can be provided on request)<\/span><\/span><\/li><li><span><span>Travel insurance (should be taken out by the traveller)<\/span><\/span><\/li><\/ul>\t\t\t\t\t\t\t\t<\/div>\n\t\t\t\t\t<\/div>\n\t\t<\/div>\n\t\t\t\t\t<\/div>\n\t\t<\/section>\n\t\t\t\t\t<\/div>\n\t\t<\/div>\n\t\t\t\t\t<\/div>\n\t\t<\/section>\n\t\t\t\t<section class=\"elementor-section elementor-top-section elementor-element elementor-element-66e041e elementor-section-boxed elementor-section-height-default elementor-section-height-default\" data-id=\"66e041e\" data-element_type=\"section\" data-e-type=\"section\">\n\t\t\t\t\t\t<div class=\"elementor-container elementor-column-gap-default\">\n\t\t\t\t\t<div class=\"elementor-column elementor-col-100 elementor-top-column elementor-element elementor-element-5753029\" data-id=\"5753029\" data-element_type=\"column\" data-e-type=\"column\">\n\t\t\t<div class=\"elementor-widget-wrap elementor-element-populated\">\n\t\t\t\t\t\t<div class=\"elementor-element elementor-element-784244e elementor-widget-divider--view-line elementor-widget elementor-widget-divider\" data-id=\"784244e\" data-element_type=\"widget\" data-e-type=\"widget\" data-widget_type=\"divider.default\">\n\t\t\t\t\t\t\t<div class=\"elementor-divider\">\n\t\t\t<span class=\"elementor-divider-separator\">\n\t\t\t\t\t\t<\/span>\n\t\t<\/div>\n\t\t\t\t\t\t<\/div>\n\t\t\t\t\t<\/div>\n\t\t<\/div>\n\t\t\t\t\t<\/div>\n\t\t<\/section>\n\t\t\t\t<section class=\"elementor-section elementor-top-section elementor-element elementor-element-e790138 elementor-section-boxed elementor-section-height-default elementor-section-height-default\" data-id=\"e790138\" data-element_type=\"section\" data-e-type=\"section\">\n\t\t\t\t\t\t<div class=\"elementor-container elementor-column-gap-default\">\n\t\t\t\t\t<div class=\"elementor-column elementor-col-100 elementor-top-column elementor-element elementor-element-c893abc\" data-id=\"c893abc\" data-element_type=\"column\" data-e-type=\"column\">\n\t\t\t<div class=\"elementor-widget-wrap elementor-element-populated\">\n\t\t\t\t\t\t<div class=\"elementor-element elementor-element-b121353 elementor-widget elementor-widget-html\" data-id=\"b121353\" data-element_type=\"widget\" data-e-type=\"widget\" data-widget_type=\"html.default\">\n\t\t\t\t\t<script type=\"text\/javascript\" src=\"\/\/balkan-natural-adventure.checkfront.com\/lib\/interface--0.js\" async><\/script>\r\n<script type=\"text\/javascript\" src=\"\/\/balkan-natural-adventure.checkfront.com\/lib\/interface--0.js\"><\/script>\r\n<!-- CHECKFRONT BOOKING PLUGIN v25-->\r\n<div id=\"CHECKFRONT_WIDGET_01\"><p id=\"CHECKFRONT_LOADER\" style=\"background: url('\/\/balkan-natural-adventure.checkfront.com\/images\/loader.gif') left center no-repeat; padding: 5px 5px 5px 5px\">Searching Availability...<\/p><\/div>\r\n<script>\r\nnew DROPLET.Widget ({\r\nhost: 'balkan-natural-adventure.checkfront.com',\r\ntarget: 'CHECKFRONT_WIDGET_01',\r\nitem_id: '12,14,27',\r\ncategory_id: '6',\r\npartner_id: '4',\r\noptions: 'tabs',\r\ndate: '20260920',\r\nprovider: 'droplet'\r\n}).render();\r\n<\/script>\r\n<noscript><a href=\"https:\/\/balkan-natural-adventure.checkfront.com\/reserve\/\" style=\"font-size: 16px\" target=\"_blank\" rel=\"noopener\">Continue to Secure Booking System \"<\/a><\/noscript>\t\t\t\t<\/div>\n\t\t\t\t\t<\/div>\n\t\t<\/div>\n\t\t\t\t\t<\/div>\n\t\t<\/section>\n\t\t\t\t<\/div>","protected":false},"excerpt":{"rendered":"<p>Genie\u00dfen Sie f\u00fcnf Tage in den Peaks of the Balkans bei einer selbst gef\u00fchrten Tour (ohne Guide) zu den wichtigsten Highlights Nordalbaniens. <\/p>","protected":false},"author":6,"featured_media":1288,"parent":0,"menu_order":0,"comment_status":"closed","ping_status":"closed","template":"","meta":{"footnotes":""},"class_list":["post-11974","page","type-page","status-publish","has-post-thumbnail","hentry"],"_links":{"self":[{"href":"https:\/\/peaksofthebalkans.at\/en\/wp-json\/wp\/v2\/pages\/11974","targetHints":{"allow":["GET"]}}],"collection":[{"href":"https:\/\/peaksofthebalkans.at\/en\/wp-json\/wp\/v2\/pages"}],"about":[{"href":"https:\/\/peaksofthebalkans.at\/en\/wp-json\/wp\/v2\/types\/page"}],"author":[{"embeddable":true,"href":"https:\/\/peaksofthebalkans.at\/en\/wp-json\/wp\/v2\/users\/6"}],"replies":[{"embeddable":true,"href":"https:\/\/peaksofthebalkans.at\/en\/wp-json\/wp\/v2\/comments?post=11974"}],"version-history":[{"count":62,"href":"https:\/\/peaksofthebalkans.at\/en\/wp-json\/wp\/v2\/pages\/11974\/revisions"}],"predecessor-version":[{"id":14709,"href":"https:\/\/peaksofthebalkans.at\/en\/wp-json\/wp\/v2\/pages\/11974\/revisions\/14709"}],"wp:featuredmedia":[{"embeddable":true,"href":"https:\/\/peaksofthebalkans.at\/en\/wp-json\/wp\/v2\/media\/1288"}],"wp:attachment":[{"href":"https:\/\/peaksofthebalkans.at\/en\/wp-json\/wp\/v2\/media?parent=11974"}],"curies":[{"name":"wp","href":"https:\/\/api.w.org\/{rel}","templated":true}]}}