{"id":11875,"date":"2024-02-08T08:25:27","date_gmt":"2024-02-08T07:25:27","guid":{"rendered":"https:\/\/project.howdymeta.com\/?page_id=11875"},"modified":"2026-03-11T10:49:07","modified_gmt":"2026-03-11T09:49:07","slug":"stage-7","status":"publish","type":"page","link":"https:\/\/peaksofthebalkans.at\/en\/etappe-7\/","title":{"rendered":"Stage 7 Leqinat i Ku\u00e7isht\u0451s (Guri i Kuq) to Babino Polje"},"content":{"rendered":"<div data-elementor-type=\"wp-page\" data-elementor-id=\"11875\" class=\"elementor elementor-11875\" data-elementor-post-type=\"page\">\n\t\t\t\t\t\t<section class=\"elementor-section elementor-top-section elementor-element elementor-element-8270a25 elementor-section-height-min-height elementor-section-boxed elementor-section-height-default elementor-section-items-middle\" data-id=\"8270a25\" data-element_type=\"section\" data-e-type=\"section\" data-settings=\"{&quot;background_background&quot;:&quot;classic&quot;}\">\n\t\t\t\t\t\t<div class=\"elementor-container elementor-column-gap-no\">\n\t\t\t\t\t<div class=\"elementor-column elementor-col-100 elementor-top-column elementor-element elementor-element-0e8f7d6\" data-id=\"0e8f7d6\" data-element_type=\"column\" data-e-type=\"column\">\n\t\t\t<div class=\"elementor-widget-wrap elementor-element-populated\">\n\t\t\t\t\t\t<div class=\"elementor-element elementor-element-7095bff elementor-widget elementor-widget-heading\" data-id=\"7095bff\" data-element_type=\"widget\" data-e-type=\"widget\" data-widget_type=\"heading.default\">\n\t\t\t\t\t<h1 class=\"elementor-heading-title elementor-size-default\">PEAKS OF THE BALKANS - Stage 7: From Guri i Kuq to Babino Polje<\/h1>\t\t\t\t<\/div>\n\t\t\t\t\t<\/div>\n\t\t<\/div>\n\t\t\t\t\t<\/div>\n\t\t<\/section>\n\t\t\t\t<section class=\"elementor-section elementor-top-section elementor-element elementor-element-3986ae7 elementor-section-boxed elementor-section-height-default elementor-section-height-default\" data-id=\"3986ae7\" data-element_type=\"section\" data-e-type=\"section\">\n\t\t\t\t\t\t<div class=\"elementor-container elementor-column-gap-default\">\n\t\t\t\t\t<div class=\"elementor-column elementor-col-100 elementor-top-column elementor-element elementor-element-225f04d\" data-id=\"225f04d\" data-element_type=\"column\" data-e-type=\"column\">\n\t\t\t<div class=\"elementor-widget-wrap elementor-element-populated\">\n\t\t\t\t\t\t<section class=\"elementor-section elementor-inner-section elementor-element elementor-element-1606c81 elementor-section-boxed elementor-section-height-default elementor-section-height-default\" data-id=\"1606c81\" data-element_type=\"section\" data-e-type=\"section\">\n\t\t\t\t\t\t<div class=\"elementor-container elementor-column-gap-default\">\n\t\t\t\t\t<div class=\"elementor-column elementor-col-100 elementor-inner-column elementor-element elementor-element-fcc40d9\" data-id=\"fcc40d9\" data-element_type=\"column\" data-e-type=\"column\">\n\t\t\t<div class=\"elementor-widget-wrap elementor-element-populated\">\n\t\t\t\t\t\t<div class=\"elementor-element elementor-element-d317b07 elementor-widget elementor-widget-heading\" data-id=\"d317b07\" data-element_type=\"widget\" data-e-type=\"widget\" data-widget_type=\"heading.default\">\n\t\t\t\t\t<h2 class=\"elementor-heading-title elementor-size-default\">Hike Leqinat i Ku\u00e7isht\u0451s (Guri i Kuq), Kosovo - Babino Polje, Montenegro<\/h2>\t\t\t\t<\/div>\n\t\t\t\t<div class=\"elementor-element elementor-element-2ea5480 elementor-widget elementor-widget-text-editor\" data-id=\"2ea5480\" data-element_type=\"widget\" data-e-type=\"widget\" data-widget_type=\"text-editor.default\">\n\t\t\t\t\t\t\t\t\t<p>Distance of the path: 15.8 kilometres<br \/>Minimum height: 1,438 metres Maximum height: 2,276 metres<br \/>Altitude metres uphill: 1,151 metres, downhill: 1,109 metres<br \/>Difficulty level: Moderate<br \/>Duration: 7-8 hours<br \/>Border markings: red\/white\/red from the border to Babino<br \/>Polje: red circle\/white filling<\/p><p>\u00a0<\/p><h3>Peaks of the Balkans stage 7 Route &amp; altitude metres<\/h3>\t\t\t\t\t\t\t\t<\/div>\n\t\t\t\t<div class=\"elementor-element elementor-element-14e725d elementor-widget elementor-widget-image\" data-id=\"14e725d\" data-element_type=\"widget\" data-e-type=\"widget\" data-widget_type=\"image.default\">\n\t\t\t\t\t\t\t\t\t\t\t\t\t\t\t<img fetchpriority=\"high\" decoding=\"async\" width=\"1157\" height=\"597\" src=\"https:\/\/peaksofthebalkans.at\/wp-content\/uploads\/2019\/01\/7fin_orig.png\" class=\"attachment-full size-full wp-image-274\" alt=\"Ku\u00e7isht\u0451 - Babino Polje, elevation profile\" srcset=\"https:\/\/peaksofthebalkans.at\/wp-content\/uploads\/2019\/01\/7fin_orig.png 1157w, https:\/\/peaksofthebalkans.at\/wp-content\/uploads\/2019\/01\/7fin_orig-300x155.png 300w, https:\/\/peaksofthebalkans.at\/wp-content\/uploads\/2019\/01\/7fin_orig-768x396.png 768w, https:\/\/peaksofthebalkans.at\/wp-content\/uploads\/2019\/01\/7fin_orig-1024x528.png 1024w, https:\/\/peaksofthebalkans.at\/wp-content\/uploads\/2019\/01\/7fin_orig-1080x557.png 1080w\" sizes=\"(max-width: 1157px) 100vw, 1157px\" \/>\t\t\t\t\t\t\t\t\t\t\t\t\t\t\t<\/div>\n\t\t\t\t<div class=\"elementor-element elementor-element-3398681 elementor-widget elementor-widget-text-editor\" data-id=\"3398681\" data-element_type=\"widget\" data-e-type=\"widget\" data-widget_type=\"text-editor.default\">\n\t\t\t\t\t\t\t\t\t<p>A transfer hike to Babino Polje, Montenegro, is scheduled for this day. This is a relatively long hike that crosses the border between Kosovo and Montenegro.<\/p><p>The route leads through beautiful mountain regions with many water springs, glacial lakes and<br \/>Mountain passes with breathtaking viewpoints.<\/p><p>From Guri i Kuq to Babino Polje there are no accommodation facilities\/villages along the way, but you can camp. We recommend camping at the Lugu i Shkodres Pass (WP 4f ) or between the Jelenka Pass and Ravno Brdo Pass - near the small lake (WP 7f ).<\/p><p>If you decide to split this hike into two sections, the first day would be mainly uphill and the second day mainly downhill. Taking into account the division of the trail WP 7f, the length of the first day is 7.4 kilometres and the second day is 8.4 kilometres. Please note that camping outside organised campsites is not permitted in Montenegro.<\/p><p>From the Guri i Kuq complex (WP 20e), the trail climbs gently southwards along a dirt road, which later turns into a hiking trail marked with red circles. After about 2.2 kilometres uphill, we reach a beautiful glacial lake. The locals call it Liqeni i Ku\u00e7isht\u0451s (WP 1f ). Our route leads about 500 metres to the north-west, then to the south-west. A few metres further on, we reach a water source (WP 2f ) and a glacial lake called Liqeni i Drelajve (WP 3f ).<\/p><p>Up to this point, the path is clearly visible, but after passing the second glacial lake, the path becomes less conspicuous and requires good judgement.<br \/>Skills. A GPS device or a local guide is recommended for this part of the hike.<\/p><p>From Liqeni i Drelajve, the trail leads uphill in a south-westerly direction to the Lugu i Shkodr\u0451s Pass (WP 4f ). The pass is called Lugu i Shkodr\u0451s (Shkodra Pass) because it used to be called<br \/>because it used to be the pass of an old road that connected this area with the town of Shkodra in Albania.<\/p><p>There is a water source at the Lugu i Shkodr\u0451s Pass (SS 5f ). Our hiking trail leads in a southerly direction about 400 metres uphill until we reach the Jelenka Pass (WP 6f ). From here we can see the Babino Polje valley. We start the hike in a south-easterly direction downhill and after about 1.5 kilometres we see a small artificial lake (WP 7f ). The locals use it as a water reservoir for donkeys, horses etc. From here, the path runs south-westwards through almost flat terrain until you reach the Ravno Brdo pass (SS 8f ). From the Ravno Brdo pass we have a very clear and beautiful view of the village of Babino Polje.<\/p><p>The hiking trail is not always visible due to the long grass, but it is not difficult to reach the village as we have a clear view of it. The trail continues downhill and we see many shepherds' huts (SS 9f ). After about 1 kilometre downhill, we reach the village. After crossing the bridge (SS 10f ), we continue in a north-westerly direction on an unpaved road. Babino Polje is a beautiful<br \/>Option for an overnight stay and it is easy to find accommodation.<\/p>\t\t\t\t\t\t\t\t<\/div>\n\t\t\t\t\t<\/div>\n\t\t<\/div>\n\t\t\t\t\t<\/div>\n\t\t<\/section>\n\t\t\t\t\t<\/div>\n\t\t<\/div>\n\t\t\t\t\t<\/div>\n\t\t<\/section>\n\t\t\t\t<section class=\"elementor-section elementor-top-section elementor-element elementor-element-e3b9a79 elementor-section-boxed elementor-section-height-default elementor-section-height-default\" data-id=\"e3b9a79\" data-element_type=\"section\" data-e-type=\"section\">\n\t\t\t\t\t\t<div class=\"elementor-container elementor-column-gap-default\">\n\t\t\t\t\t<div class=\"elementor-column elementor-col-100 elementor-top-column elementor-element elementor-element-3a97c78\" data-id=\"3a97c78\" data-element_type=\"column\" data-e-type=\"column\">\n\t\t\t<div class=\"elementor-widget-wrap elementor-element-populated\">\n\t\t\t\t\t\t<div class=\"elementor-element elementor-element-4a67112 elementor-align-center elementor-widget elementor-widget-button\" data-id=\"4a67112\" data-element_type=\"widget\" data-e-type=\"widget\" data-widget_type=\"button.default\">\n\t\t\t\t\t\t\t\t\t\t<a class=\"elementor-button elementor-button-link elementor-size-sm elementor-animation-float\" href=\"https:\/\/www.abenteueralbanien.de\/peaks-of-the-balkans-5-10-days\/\" target=\"_blank\" rel=\"noopener\">\n\t\t\t\t\t\t<span class=\"elementor-button-content-wrapper\">\n\t\t\t\t\t\t\t\t\t<span class=\"elementor-button-text\">Peaks of the Balkans Trail Booking<\/span>\n\t\t\t\t\t<\/span>\n\t\t\t\t\t<\/a>\n\t\t\t\t\t\t\t\t<\/div>\n\t\t\t\t\t<\/div>\n\t\t<\/div>\n\t\t\t\t\t<\/div>\n\t\t<\/section>\n\t\t\t\t<\/div>","protected":false},"excerpt":{"rendered":"<p>PEAKS OF THE BALKANS &#8211; Etappe 7: Von Guri i Kuq nach Babino Polje Wanderung Leqinat i Ku\u00e7isht\u0451s (Guri i Kuq), Kosovo \u2013 Babino Polje, Montenegro Entfernung des Weges: 15,8 KilometerMindesth\u00f6he: 1.438 Meter Maximalh\u00f6he: 2.276 MeterH\u00f6henmeter bergauf: 1.151 Meter, bergab: 1.109 MeterSchwierigkeitsgrad: MittelschwerDauer: 7-8 StundenMarkierungen zur Grenze: rot\/wei\u00df\/rot von der Grenze bis BabinoPolje: roter Kreis\/wei\u00dfe [&hellip;]<\/p>\n","protected":false},"author":6,"featured_media":1075,"parent":0,"menu_order":0,"comment_status":"closed","ping_status":"closed","template":"elementor_header_footer","meta":{"footnotes":""},"class_list":["post-11875","page","type-page","status-publish","has-post-thumbnail","hentry"],"_links":{"self":[{"href":"https:\/\/peaksofthebalkans.at\/en\/wp-json\/wp\/v2\/pages\/11875","targetHints":{"allow":["GET"]}}],"collection":[{"href":"https:\/\/peaksofthebalkans.at\/en\/wp-json\/wp\/v2\/pages"}],"about":[{"href":"https:\/\/peaksofthebalkans.at\/en\/wp-json\/wp\/v2\/types\/page"}],"author":[{"embeddable":true,"href":"https:\/\/peaksofthebalkans.at\/en\/wp-json\/wp\/v2\/users\/6"}],"replies":[{"embeddable":true,"href":"https:\/\/peaksofthebalkans.at\/en\/wp-json\/wp\/v2\/comments?post=11875"}],"version-history":[{"count":28,"href":"https:\/\/peaksofthebalkans.at\/en\/wp-json\/wp\/v2\/pages\/11875\/revisions"}],"predecessor-version":[{"id":15972,"href":"https:\/\/peaksofthebalkans.at\/en\/wp-json\/wp\/v2\/pages\/11875\/revisions\/15972"}],"wp:featuredmedia":[{"embeddable":true,"href":"https:\/\/peaksofthebalkans.at\/en\/wp-json\/wp\/v2\/media\/1075"}],"wp:attachment":[{"href":"https:\/\/peaksofthebalkans.at\/en\/wp-json\/wp\/v2\/media?parent=11875"}],"curies":[{"name":"wp","href":"https:\/\/api.w.org\/{rel}","templated":true}]}}